{"id":36404,"date":"2025-01-30T17:36:06","date_gmt":"2025-01-30T16:36:06","guid":{"rendered":"https:\/\/www.tatanka.nl\/?post_type=product&#038;p=36404"},"modified":"2025-05-16T14:43:56","modified_gmt":"2025-05-16T13:43:56","slug":"auto-la-blanca-gold","status":"publish","type":"product","link":"https:\/\/www.tatanka.nl\/pt\/auto-la-blanca-gold\/","title":{"rendered":"Auto La Blanca Gold - Sementes de vis\u00e3o"},"content":{"rendered":"<h2><span data-sheets-value=\"{&quot;1&quot;:2,&quot;2&quot;:&quot;Auto La Blanca Gold&quot;}\" data-sheets-userformat=\"{&quot;2&quot;:14915,&quot;3&quot;:{&quot;1&quot;:0},&quot;4&quot;:{&quot;1&quot;:2,&quot;2&quot;:13228792},&quot;9&quot;:0,&quot;12&quot;:0,&quot;14&quot;:{&quot;1&quot;:2,&quot;2&quot;:0},&quot;15&quot;:&quot;Calibri&quot;,&quot;16&quot;:12}\">Auto La Blanca Gold <\/span>Sementes de can\u00e1bis da Vision Seeds<\/h2>\n<p>J\u00e1 todos pass\u00e1mos por isso - damos uma pequena passa e queremos enrolar-nos numa bola. Se estiver a debater-se com os efeitos menos que ideais da can\u00e1bis, talvez seja altura de experimentar a La Blanca Gold Auto Cannabis Seeds da Vision Seeds (40% Sativa).<\/p>\n<p>100% feminizada com uma gen\u00e9tica incr\u00edvel que produz pequenas flores seguras para uso pessoal, esta variedade cultivar\u00e1 pequenas plantas discretas que o fumo n\u00e3o atrapalhar\u00e1 o seu dia produtivo. Com genes Skunk cl\u00e1ssicos e notas doces de citrinos e lavanda, esta flor \u00e9 perfeita para fumar durante o dia. Uma senhora muito especial!<\/p>","protected":false},"excerpt":{"rendered":"<p>A La Blanca Gold pode ser uma escolha interessante para os utilizadores que gostam de ser produtivos depois de fumar o seu charro ou que apenas gostariam de cultivar plantas mais pequenas para uso pessoal. N\u00e3o \u00e9 necess\u00e1ria uma planta com THC elevado para desfrutar da vida de um utilizador di\u00e1rio de can\u00e1bis. Ela \u00e9 uma beleza!<\/p>","protected":false},"featured_media":36433,"template":"","meta":[],"product_brand":[],"product_cat":[546,297,547,638],"product_tag":[],"class_list":{"0":"post-36404","1":"product","2":"type-product","3":"status-publish","4":"has-post-thumbnail","6":"product_cat-seedshop","7":"product_cat-all-products","8":"product_cat-autoflowering-seeds","9":"product_cat-vision-seeds","10":"product_shipping_class-creditcard-on","12":"first","13":"instock","14":"taxable","15":"shipping-taxable","16":"purchasable","17":"product-type-variable","18":"has-default-attributes"},"_links":{"self":[{"href":"https:\/\/www.tatanka.nl\/pt\/wp-json\/wp\/v2\/product\/36404","targetHints":{"allow":["GET"]}}],"collection":[{"href":"https:\/\/www.tatanka.nl\/pt\/wp-json\/wp\/v2\/product"}],"about":[{"href":"https:\/\/www.tatanka.nl\/pt\/wp-json\/wp\/v2\/types\/product"}],"wp:featuredmedia":[{"embeddable":true,"href":"https:\/\/www.tatanka.nl\/pt\/wp-json\/wp\/v2\/media\/36433"}],"wp:attachment":[{"href":"https:\/\/www.tatanka.nl\/pt\/wp-json\/wp\/v2\/media?parent=36404"}],"wp:term":[{"taxonomy":"product_brand","embeddable":true,"href":"https:\/\/www.tatanka.nl\/pt\/wp-json\/wp\/v2\/product_brand?post=36404"},{"taxonomy":"product_cat","embeddable":true,"href":"https:\/\/www.tatanka.nl\/pt\/wp-json\/wp\/v2\/product_cat?post=36404"},{"taxonomy":"product_tag","embeddable":true,"href":"https:\/\/www.tatanka.nl\/pt\/wp-json\/wp\/v2\/product_tag?post=36404"}],"curies":[{"name":"wp","href":"https:\/\/api.w.org\/{rel}","templated":true}]}}