{"id":36405,"date":"2025-01-30T17:36:06","date_gmt":"2025-01-30T16:36:06","guid":{"rendered":"https:\/\/www.tatanka.nl\/?post_type=product&#038;p=36405"},"modified":"2025-05-16T14:43:56","modified_gmt":"2025-05-16T13:43:56","slug":"auto-lowryder","status":"publish","type":"product","link":"https:\/\/www.tatanka.nl\/pt\/auto-lowryder\/","title":{"rendered":"Auto Lowryder - Sementes Vision"},"content":{"rendered":"<h2>Sementes de can\u00e1bis Auto Lowryder da Vision Seeds<\/h2>\n<p>As sementes de can\u00e1bis Auto Lowryder s\u00e3o as mais pequenas e discretas autoflorescentes da rainha que crescer\u00e3o completamente despercebidas - perfeitas para principiantes. Estas sementes de can\u00e1bis furtivas produzem flores m\u00e9dias com um n\u00edvel de THC de 14%; foram concebidas para serem r\u00e1pidas e f\u00e1ceis de cultivar, independentemente da sua experi\u00eancia ou do local onde vive (uma vez que suportam climas mais frios).<\/p>\n<p>Uma das variedades de crescimento mais r\u00e1pido da semente \u00e0 flor, a robustez desta pequena rapariga compensa a sua pequena estatura produzindo um produto de qualidade em muito menos tempo do que outras autom\u00e1ticas. Com gera\u00e7\u00f5es de reprodu\u00e7\u00e3o selectiva, ela produz um sabor de qualidade acima da m\u00e9dia que vem da \u00e1rvore geneal\u00f3gica desde 1992. Ela d\u00e1-lhe apenas o suficiente sem esquecer o sabor!<\/p>","protected":false},"excerpt":{"rendered":"<p>A OG das plantas autoflorescentes? As sementes de can\u00e1bis Auto Lowryder s\u00e3o a variedade perfeita para principiantes que querem cultivar de forma furtiva. Estas sementes auto-florescentes produzem bot\u00f5es pequenos e de alta qualidade com n\u00edveis moderados de THC. Com apenas 14% THC, esta gen\u00e9tica \u00e9 perfeita para os interessados em cultivar uma planta simples, mas com grande sabor e produ\u00e7\u00e3o de resina. P\u00e1ra de te preocupares com os vizinhos que v\u00eaem as tuas plantas de marijuana - cultiva estas maravilhas autom\u00e1ticas!<\/p>","protected":false},"featured_media":36434,"template":"","meta":[],"product_brand":[],"product_cat":[546,297,547,638],"product_tag":[],"class_list":{"0":"post-36405","1":"product","2":"type-product","3":"status-publish","4":"has-post-thumbnail","6":"product_cat-seedshop","7":"product_cat-all-products","8":"product_cat-autoflowering-seeds","9":"product_cat-vision-seeds","10":"product_shipping_class-creditcard-on","12":"first","13":"instock","14":"taxable","15":"shipping-taxable","16":"purchasable","17":"product-type-variable","18":"has-default-attributes"},"_links":{"self":[{"href":"https:\/\/www.tatanka.nl\/pt\/wp-json\/wp\/v2\/product\/36405","targetHints":{"allow":["GET"]}}],"collection":[{"href":"https:\/\/www.tatanka.nl\/pt\/wp-json\/wp\/v2\/product"}],"about":[{"href":"https:\/\/www.tatanka.nl\/pt\/wp-json\/wp\/v2\/types\/product"}],"wp:featuredmedia":[{"embeddable":true,"href":"https:\/\/www.tatanka.nl\/pt\/wp-json\/wp\/v2\/media\/36434"}],"wp:attachment":[{"href":"https:\/\/www.tatanka.nl\/pt\/wp-json\/wp\/v2\/media?parent=36405"}],"wp:term":[{"taxonomy":"product_brand","embeddable":true,"href":"https:\/\/www.tatanka.nl\/pt\/wp-json\/wp\/v2\/product_brand?post=36405"},{"taxonomy":"product_cat","embeddable":true,"href":"https:\/\/www.tatanka.nl\/pt\/wp-json\/wp\/v2\/product_cat?post=36405"},{"taxonomy":"product_tag","embeddable":true,"href":"https:\/\/www.tatanka.nl\/pt\/wp-json\/wp\/v2\/product_tag?post=36405"}],"curies":[{"name":"wp","href":"https:\/\/api.w.org\/{rel}","templated":true}]}}