{"id":36406,"date":"2025-01-30T17:36:06","date_gmt":"2025-01-30T16:36:06","guid":{"rendered":"https:\/\/www.tatanka.nl\/?post_type=product&#038;p=36406"},"modified":"2025-05-16T14:44:02","modified_gmt":"2025-05-16T13:44:02","slug":"auto-northern-lights","status":"publish","type":"product","link":"https:\/\/www.tatanka.nl\/pt\/auto-northern-lights\/","title":{"rendered":"Auto Northern Lights - Sementes da Vis\u00e3o"},"content":{"rendered":"<h2>Sementes de can\u00e1bis Auto Northern Lights da Vision Seeds<\/h2>\n<p>As sementes de can\u00e1bis Auto Northern Lights s\u00e3o exatamente o que precisa para o momento perfeito. Prepara-te para cavalgar porque esta Auto s\u00f3 quer saber de acender! Ela \u00e9 a tua melhor amiga - fornecendo qualidades de crescimento resistentes que tornam o cultivo super f\u00e1cil e bot\u00f5es potentes e de alta qualidade.<\/p>\n<p>Se est\u00e1 \u00e0 procura de uma variedade fant\u00e1stica para cultivar, mas n\u00e3o sabe por onde come\u00e7ar, estes beb\u00e9s can\u00e1bicos v\u00e3o ajud\u00e1-lo a orientar-se em tudo para que n\u00e3o cometa erros no caminho.<\/p>\n<p>Com um n\u00edvel de cuidados muito baixo, tamb\u00e9m \u00e9 satisfatoriamente indulgente com os erros de principiantes causados por cultivadores novatos, t\u00e3o confiantes que at\u00e9 os profissionais experientes tamb\u00e9m a adoram! Pronta para um fant\u00e1stico in\u00edcio de conversa? Estas sementes produzem os puffs que as pessoas desejariam.<\/p>","protected":false},"excerpt":{"rendered":"<p>As sementes de can\u00e1bis Northern Lights Auto demoram normalmente 8 a 10 semanas a florescer, mas pode ligar o interrutor mais cedo se as suas plantas forem saud\u00e1veis e vigorosas. Aumente as suas luzes \u00e0 medida que a luz do dia brilha menos, veja esses bot\u00f5es crescerem pesados com flores e espere pelas incr\u00edveis explos\u00f5es de sabor da Northern Lights! Com um efeito super-forte que o deixar\u00e1 criativo e sem vontade de fazer nada para al\u00e9m de pensar em grande - agarre alguns pacotes destas flores impar\u00e1veis agora antes que desapare\u00e7am!<\/p>","protected":false},"featured_media":36435,"template":"","meta":[],"product_brand":[],"product_cat":[546,297,547,548,638],"product_tag":[],"class_list":{"0":"post-36406","1":"product","2":"type-product","3":"status-publish","4":"has-post-thumbnail","6":"product_cat-seedshop","7":"product_cat-all-products","8":"product_cat-autoflowering-seeds","9":"product_cat-high-thc-seeds","10":"product_cat-vision-seeds","11":"product_shipping_class-creditcard-on","13":"first","14":"instock","15":"taxable","16":"shipping-taxable","17":"purchasable","18":"product-type-variable","19":"has-default-attributes"},"_links":{"self":[{"href":"https:\/\/www.tatanka.nl\/pt\/wp-json\/wp\/v2\/product\/36406","targetHints":{"allow":["GET"]}}],"collection":[{"href":"https:\/\/www.tatanka.nl\/pt\/wp-json\/wp\/v2\/product"}],"about":[{"href":"https:\/\/www.tatanka.nl\/pt\/wp-json\/wp\/v2\/types\/product"}],"wp:featuredmedia":[{"embeddable":true,"href":"https:\/\/www.tatanka.nl\/pt\/wp-json\/wp\/v2\/media\/36435"}],"wp:attachment":[{"href":"https:\/\/www.tatanka.nl\/pt\/wp-json\/wp\/v2\/media?parent=36406"}],"wp:term":[{"taxonomy":"product_brand","embeddable":true,"href":"https:\/\/www.tatanka.nl\/pt\/wp-json\/wp\/v2\/product_brand?post=36406"},{"taxonomy":"product_cat","embeddable":true,"href":"https:\/\/www.tatanka.nl\/pt\/wp-json\/wp\/v2\/product_cat?post=36406"},{"taxonomy":"product_tag","embeddable":true,"href":"https:\/\/www.tatanka.nl\/pt\/wp-json\/wp\/v2\/product_tag?post=36406"}],"curies":[{"name":"wp","href":"https:\/\/api.w.org\/{rel}","templated":true}]}}