{"id":36407,"date":"2025-01-30T17:36:06","date_gmt":"2025-01-30T16:36:06","guid":{"rendered":"https:\/\/www.tatanka.nl\/?post_type=product&#038;p=36407"},"modified":"2025-05-16T14:44:11","modified_gmt":"2025-05-16T13:44:11","slug":"auto-super-skunk","status":"publish","type":"product","link":"https:\/\/www.tatanka.nl\/pt\/auto-super-skunk\/","title":{"rendered":"Auto Super Skunk - Sementes de vis\u00e3o"},"content":{"rendered":"<h2><span data-sheets-value=\"{&quot;1&quot;:2,&quot;2&quot;:&quot;Auto Super Skunk &quot;}\" data-sheets-userformat=\"{&quot;2&quot;:14915,&quot;3&quot;:{&quot;1&quot;:0},&quot;4&quot;:{&quot;1&quot;:2,&quot;2&quot;:15389148},&quot;9&quot;:0,&quot;12&quot;:0,&quot;14&quot;:{&quot;1&quot;:2,&quot;2&quot;:0},&quot;15&quot;:&quot;Calibri&quot;,&quot;16&quot;:12}\">Auto Super Skunk <\/span>Sementes de can\u00e1bis da Vision Seeds<\/h2>\n<p>Esta semente de can\u00e1bis Auto Super Skunk est\u00e1 \u00e0 procura de tempo de jogo de qualidade e ser\u00e1 educada o suficiente para devolver em abund\u00e2ncia tudo o que lhe der a oportunidade de fazer o trabalho. Mas cuidado... a sua pot\u00eancia \u00e9 bastante forte, por isso certifique-se de que est\u00e1 pronto para explodir com esta pot\u00eancia gen\u00e9tica fedorenta e boa que tem os dois lados cobertos!<\/p>\n<p>A Super Skunk Auto \u00e9 uma das favoritas dos jardineiros novatos e experientes. Ela prospera em climas quentes e h\u00famidos, onde \u00e9 necess\u00e1rio fornecer amplo material org\u00e2nico durante todo o processo de crescimento. Estas plantas transformar-se-\u00e3o em pequenos monstros que adoram esticar-se para cima \u00e0 procura de luz! As sementes de can\u00e1bis Auto Super Skunk podem ser plantadas ao ar livre durante todo o ano, sem a preocupa\u00e7\u00e3o de negligenciar as suas necessidades.<\/p>\n<p>O cheiro sedutor de flores doces desta rapariga atrav\u00e9s do seu revestimento de resina gelada \u00e9 o sonho de um artista se quiser algumas variedades mistas incr\u00edveis para o seu g\u00e9nio criativo.<\/p>","protected":false},"excerpt":{"rendered":"<p>Algumas sementes s\u00e3o mais fracas do que outras. Esta rapariga n\u00e3o! Ela vai crescer at\u00e9 ao seu potencial m\u00e1ximo, mais r\u00e1pido do que a sua pl\u00e2ntula m\u00e9dia, s\u00f3 porque ela pode! Podes ter espa\u00e7o para um vaso maior ou podes ter um solo muito bom com os nutrientes perfeitos - seja o que for, n\u00e3o penses demasiado nisso. Cresce e desfruta dos seus fant\u00e1sticos puffs numa quest\u00e3o de semanas. Ela \u00e9 uma besta com cheiro a erva e tu vais adorar!<\/p>","protected":false},"featured_media":36436,"template":"","meta":[],"product_brand":[],"product_cat":[546,297,547,638],"product_tag":[],"class_list":{"0":"post-36407","1":"product","2":"type-product","3":"status-publish","4":"has-post-thumbnail","6":"product_cat-seedshop","7":"product_cat-all-products","8":"product_cat-autoflowering-seeds","9":"product_cat-vision-seeds","10":"product_shipping_class-creditcard-on","12":"first","13":"instock","14":"taxable","15":"shipping-taxable","16":"purchasable","17":"product-type-variable","18":"has-default-attributes"},"_links":{"self":[{"href":"https:\/\/www.tatanka.nl\/pt\/wp-json\/wp\/v2\/product\/36407","targetHints":{"allow":["GET"]}}],"collection":[{"href":"https:\/\/www.tatanka.nl\/pt\/wp-json\/wp\/v2\/product"}],"about":[{"href":"https:\/\/www.tatanka.nl\/pt\/wp-json\/wp\/v2\/types\/product"}],"wp:featuredmedia":[{"embeddable":true,"href":"https:\/\/www.tatanka.nl\/pt\/wp-json\/wp\/v2\/media\/36436"}],"wp:attachment":[{"href":"https:\/\/www.tatanka.nl\/pt\/wp-json\/wp\/v2\/media?parent=36407"}],"wp:term":[{"taxonomy":"product_brand","embeddable":true,"href":"https:\/\/www.tatanka.nl\/pt\/wp-json\/wp\/v2\/product_brand?post=36407"},{"taxonomy":"product_cat","embeddable":true,"href":"https:\/\/www.tatanka.nl\/pt\/wp-json\/wp\/v2\/product_cat?post=36407"},{"taxonomy":"product_tag","embeddable":true,"href":"https:\/\/www.tatanka.nl\/pt\/wp-json\/wp\/v2\/product_tag?post=36407"}],"curies":[{"name":"wp","href":"https:\/\/api.w.org\/{rel}","templated":true}]}}