{"id":36409,"date":"2025-01-30T17:36:07","date_gmt":"2025-01-30T16:36:07","guid":{"rendered":"https:\/\/www.tatanka.nl\/?post_type=product&#038;p=36409"},"modified":"2025-05-16T14:42:54","modified_gmt":"2025-05-16T13:42:54","slug":"auto-vision-critical","status":"publish","type":"product","link":"https:\/\/www.tatanka.nl\/pt\/auto-vision-critical\/","title":{"rendered":"Auto Vision Critical - Sementes de vis\u00e3o"},"content":{"rendered":"<h2><span data-sheets-value=\"{&quot;1&quot;:2,&quot;2&quot;:&quot;Auto Vision Critical&quot;}\" data-sheets-userformat=\"{&quot;2&quot;:14915,&quot;3&quot;:{&quot;1&quot;:0},&quot;4&quot;:{&quot;1&quot;:2,&quot;2&quot;:14281427},&quot;9&quot;:0,&quot;12&quot;:0,&quot;14&quot;:{&quot;1&quot;:2,&quot;2&quot;:0},&quot;15&quot;:&quot;Calibri&quot;,&quot;16&quot;:12}\">Auto Vision Critical <\/span>Sementes de can\u00e1bis da Vision Seeds<\/h2>\n<p>Pequenas e discretas, mas n\u00e3o demasiado baixas em THC. N\u00e3o ter\u00e1s de te preocupar com o facto de estas senhoras estragarem a tua opera\u00e7\u00e3o de cultivo furtivo. \u00c9 perfeito se voc\u00ea quiser apenas um pouco de relaxamento entorpecente, sem muita ansiedade social a seguir. Este beb\u00e9 autoflorescente divertido e envolvente \u00e9 algo que at\u00e9 o cultivador mais novato pode lidar com relativa facilidade!<\/p>\n<p>A Vision Seeds Vision Critical Auto \u00e9 uma variedade perfeita se estiveres \u00e0 procura de algo que seja \u00f3timo para cultivar e que ofere\u00e7a sabores, aromas e efeitos de primeira qualidade. Sendo uma boa escolha para o cultivo furtivo, ser\u00e1 muito f\u00e1cil para quem procura uma planta pequena que possa ser escondida discretamente dos transeuntes. Al\u00e9m disso, seja h\u00famida ou saborosa, n\u00e3o importa, pois esta rapariga n\u00e3o desilude!<\/p>","protected":false},"excerpt":{"rendered":"<p>Ela f\u00e1-lo \u00e0 sua maneira e \u00e9 simplesmente perfeita. A Vision Critical Auto oferece um sopro suave, n\u00e3o muito pesado em THC, relaxado e frio que agradar\u00e1 a muitos com o aroma c\u00edtrico, picante e amadeirado \u00fanico e ador\u00e1vel. Ah, e \u00e9 perfeita para os cultivadores ultra-secretos. Experimenta tu mesmo e vais ador\u00e1-la!<\/p>","protected":false},"featured_media":36438,"template":"","meta":[],"product_brand":[],"product_cat":[546,297,547,638],"product_tag":[],"class_list":{"0":"post-36409","1":"product","2":"type-product","3":"status-publish","4":"has-post-thumbnail","6":"product_cat-seedshop","7":"product_cat-all-products","8":"product_cat-autoflowering-seeds","9":"product_cat-vision-seeds","10":"product_shipping_class-creditcard-on","12":"first","13":"instock","14":"taxable","15":"shipping-taxable","16":"purchasable","17":"product-type-variable","18":"has-default-attributes"},"_links":{"self":[{"href":"https:\/\/www.tatanka.nl\/pt\/wp-json\/wp\/v2\/product\/36409","targetHints":{"allow":["GET"]}}],"collection":[{"href":"https:\/\/www.tatanka.nl\/pt\/wp-json\/wp\/v2\/product"}],"about":[{"href":"https:\/\/www.tatanka.nl\/pt\/wp-json\/wp\/v2\/types\/product"}],"wp:featuredmedia":[{"embeddable":true,"href":"https:\/\/www.tatanka.nl\/pt\/wp-json\/wp\/v2\/media\/36438"}],"wp:attachment":[{"href":"https:\/\/www.tatanka.nl\/pt\/wp-json\/wp\/v2\/media?parent=36409"}],"wp:term":[{"taxonomy":"product_brand","embeddable":true,"href":"https:\/\/www.tatanka.nl\/pt\/wp-json\/wp\/v2\/product_brand?post=36409"},{"taxonomy":"product_cat","embeddable":true,"href":"https:\/\/www.tatanka.nl\/pt\/wp-json\/wp\/v2\/product_cat?post=36409"},{"taxonomy":"product_tag","embeddable":true,"href":"https:\/\/www.tatanka.nl\/pt\/wp-json\/wp\/v2\/product_tag?post=36409"}],"curies":[{"name":"wp","href":"https:\/\/api.w.org\/{rel}","templated":true}]}}