{"id":36413,"date":"2025-01-30T17:36:07","date_gmt":"2025-01-30T16:36:07","guid":{"rendered":"https:\/\/www.tatanka.nl\/?post_type=product&#038;p=36413"},"modified":"2025-05-16T14:43:05","modified_gmt":"2025-05-16T13:43:05","slug":"auto-vision-jack","status":"publish","type":"product","link":"https:\/\/www.tatanka.nl\/pt\/auto-vision-jack\/","title":{"rendered":"Auto Vision Jack - Sementes de vis\u00e3o"},"content":{"rendered":"<h2><span data-sheets-value=\"{&quot;1&quot;:2,&quot;2&quot;:&quot;Auto Vision Jack&quot;}\" data-sheets-userformat=\"{&quot;2&quot;:14915,&quot;3&quot;:{&quot;1&quot;:0},&quot;4&quot;:{&quot;1&quot;:2,&quot;2&quot;:13689059},&quot;9&quot;:0,&quot;12&quot;:0,&quot;14&quot;:{&quot;1&quot;:2,&quot;2&quot;:0},&quot;15&quot;:&quot;Calibri&quot;,&quot;16&quot;:12}\">Auto Vision Jack <\/span>Sementes de can\u00e1bis da Vision Seeds<\/h2>\n<p>A Vision Seeds Vision Jack Auto tem o mesmo sabor e sensa\u00e7\u00e3o de skunky que a sua irm\u00e3 mais velha, mas esta variedade foi criada especificamente para crescer no interior ou no exterior, independentemente do que aconte\u00e7a - o que significa que se est\u00e1s \u00e0 procura de apenas uma planta autoflorescente, n\u00e3o podes errar com a Vision Seeds Vision Jack Auto.<\/p>\n<p>As sementes de can\u00e1bis Auto Vision Jack s\u00e3o uma h\u00edbrida de can\u00e1bis Sativa e Ruderalis. Com um forte sabor a skunky e poderosas notas almiscaradas, esta \u00e9 uma das que mais gostar\u00e1 de ter no seu stock! Os bot\u00f5es cheiram levemente a especiarias e deixam-no com pensamentos claros e n\u00edveis de energia melhorados ap\u00f3s apenas algumas passas. Esta \u00e9 a autofloresc\u00eancia no seu melhor: flora\u00e7\u00e3o r\u00e1pida para uma experi\u00eancia de cultivo mais f\u00e1cil combinada com todo o poder da Ruderalis cl\u00e1ssica de que tanto gostamos.<\/p>","protected":false},"excerpt":{"rendered":"<p>Prepara-te para experimentar o melhor sabor da famosa variedade de sativa Jack Herer! Em poucas palavras, este \u00e9 um daqueles sabores que n\u00e3o conseguir\u00e1 esquecer depois de o provar. Os aromas \u00fanicos de especiarias e alm\u00edscar prov\u00eam da sua gen\u00e9tica Ruderalis e criam um \"complexo como nenhum outro\". Um sabor t\u00e3o complexo vem com efeitos igualmente complexos, mas agrad\u00e1veis!<\/p>","protected":false},"featured_media":36441,"template":"","meta":[],"product_brand":[],"product_cat":[546,297,547,548,638],"product_tag":[],"class_list":{"0":"post-36413","1":"product","2":"type-product","3":"status-publish","4":"has-post-thumbnail","6":"product_cat-seedshop","7":"product_cat-all-products","8":"product_cat-autoflowering-seeds","9":"product_cat-high-thc-seeds","10":"product_cat-vision-seeds","11":"product_shipping_class-creditcard-on","13":"first","14":"instock","15":"taxable","16":"shipping-taxable","17":"purchasable","18":"product-type-variable","19":"has-default-attributes"},"_links":{"self":[{"href":"https:\/\/www.tatanka.nl\/pt\/wp-json\/wp\/v2\/product\/36413","targetHints":{"allow":["GET"]}}],"collection":[{"href":"https:\/\/www.tatanka.nl\/pt\/wp-json\/wp\/v2\/product"}],"about":[{"href":"https:\/\/www.tatanka.nl\/pt\/wp-json\/wp\/v2\/types\/product"}],"wp:featuredmedia":[{"embeddable":true,"href":"https:\/\/www.tatanka.nl\/pt\/wp-json\/wp\/v2\/media\/36441"}],"wp:attachment":[{"href":"https:\/\/www.tatanka.nl\/pt\/wp-json\/wp\/v2\/media?parent=36413"}],"wp:term":[{"taxonomy":"product_brand","embeddable":true,"href":"https:\/\/www.tatanka.nl\/pt\/wp-json\/wp\/v2\/product_brand?post=36413"},{"taxonomy":"product_cat","embeddable":true,"href":"https:\/\/www.tatanka.nl\/pt\/wp-json\/wp\/v2\/product_cat?post=36413"},{"taxonomy":"product_tag","embeddable":true,"href":"https:\/\/www.tatanka.nl\/pt\/wp-json\/wp\/v2\/product_tag?post=36413"}],"curies":[{"name":"wp","href":"https:\/\/api.w.org\/{rel}","templated":true}]}}