{"id":36414,"date":"2025-01-30T17:36:07","date_gmt":"2025-01-30T16:36:07","guid":{"rendered":"https:\/\/www.tatanka.nl\/?post_type=product&#038;p=36414"},"modified":"2025-05-16T14:43:09","modified_gmt":"2025-05-16T13:43:09","slug":"auto-vision-kush","status":"publish","type":"product","link":"https:\/\/www.tatanka.nl\/pt\/auto-vision-kush\/","title":{"rendered":"Auto Vision Kush - Sementes de vis\u00e3o"},"content":{"rendered":"<h2><span data-sheets-value=\"{&quot;1&quot;:2,&quot;2&quot;:&quot;Auto Vision Kush&quot;}\" data-sheets-userformat=\"{&quot;2&quot;:14915,&quot;3&quot;:{&quot;1&quot;:0},&quot;4&quot;:{&quot;1&quot;:2,&quot;2&quot;:16773836},&quot;9&quot;:0,&quot;12&quot;:0,&quot;14&quot;:{&quot;1&quot;:2,&quot;2&quot;:0},&quot;15&quot;:&quot;Calibri&quot;,&quot;16&quot;:12}\">Auto Vision Kush<\/span> Sementes de can\u00e1bis da Vision Seeds<\/h2>\n<p>Conhe\u00e7a a rainha dos grandes rendimentos, a Vision Kush Auto Cannabis Seeds. Embora esta seja uma planta autoflorescente, terminar\u00e1 a flora\u00e7\u00e3o em menos de 12 semanas! Quando deitar as m\u00e3os a uma destas plantas de 200 cm, nunca mais cultivar\u00e1 outra coisa. Al\u00e9m disso, ela n\u00e3o \u00e9 nada t\u00edmida com o seu conte\u00fado de THC a atingir 19%.<\/p>\n<p>Tem uma forte domin\u00e2ncia \u00cdndica, o que a torna perfeita para o al\u00edvio da dor e para dormir, se fumada durante o dia, ou para relaxar antes de dormir, se fumada ao fim da noite.<\/p>\n<p>Estas sementes de erva daninha loucas s\u00e3o conhecidas por maiores rendimentos que podem ser cultivados tanto no interior como no exterior. Se quiseres obter a variedade autoflorescente Kush mais potente com um THC m\u00e9dio de 19%, ent\u00e3o deves plantar estas sementes de can\u00e1bis agora!<\/p>\n<p>Estas sementes de can\u00e1bis dar\u00e3o melhores resultados porque \u00e9 mais forte e o efeito dura mais tempo do que outras variedades de erva normais. Obtenha ajuda para o al\u00edvio da dor, ins\u00f3nia, depress\u00e3o, falta de apetite, entre outros, cultivando esta can\u00e1bis de crescimento r\u00e1pido para si.<\/p>","protected":false},"excerpt":{"rendered":"<p>Se est\u00e1s \u00e0 procura de uma variedade que te proporcione uma experi\u00eancia de crescimento incr\u00edvel, a Vision Kush Auto \u00e9 a ideal. Esta rainha autom\u00e1tica produz grandes rendimentos e, se cultivada ao ar livre, pode produzir at\u00e9 200 cm de altura! A sua colheita ser\u00e1 significativamente maior do que se escolher outras variedades. Ah, e \u00e9 super alta em THC. Incr\u00edvel, n\u00e3o \u00e9?<\/p>","protected":false},"featured_media":36442,"template":"","meta":[],"product_brand":[],"product_cat":[546,297,547,548,638],"product_tag":[],"class_list":{"0":"post-36414","1":"product","2":"type-product","3":"status-publish","4":"has-post-thumbnail","6":"product_cat-seedshop","7":"product_cat-all-products","8":"product_cat-autoflowering-seeds","9":"product_cat-high-thc-seeds","10":"product_cat-vision-seeds","11":"product_shipping_class-creditcard-on","13":"first","14":"instock","15":"taxable","16":"shipping-taxable","17":"purchasable","18":"product-type-variable","19":"has-default-attributes"},"_links":{"self":[{"href":"https:\/\/www.tatanka.nl\/pt\/wp-json\/wp\/v2\/product\/36414","targetHints":{"allow":["GET"]}}],"collection":[{"href":"https:\/\/www.tatanka.nl\/pt\/wp-json\/wp\/v2\/product"}],"about":[{"href":"https:\/\/www.tatanka.nl\/pt\/wp-json\/wp\/v2\/types\/product"}],"wp:featuredmedia":[{"embeddable":true,"href":"https:\/\/www.tatanka.nl\/pt\/wp-json\/wp\/v2\/media\/36442"}],"wp:attachment":[{"href":"https:\/\/www.tatanka.nl\/pt\/wp-json\/wp\/v2\/media?parent=36414"}],"wp:term":[{"taxonomy":"product_brand","embeddable":true,"href":"https:\/\/www.tatanka.nl\/pt\/wp-json\/wp\/v2\/product_brand?post=36414"},{"taxonomy":"product_cat","embeddable":true,"href":"https:\/\/www.tatanka.nl\/pt\/wp-json\/wp\/v2\/product_cat?post=36414"},{"taxonomy":"product_tag","embeddable":true,"href":"https:\/\/www.tatanka.nl\/pt\/wp-json\/wp\/v2\/product_tag?post=36414"}],"curies":[{"name":"wp","href":"https:\/\/api.w.org\/{rel}","templated":true}]}}