{"id":36418,"date":"2025-01-30T17:36:08","date_gmt":"2025-01-30T16:36:08","guid":{"rendered":"https:\/\/www.tatanka.nl\/?post_type=product&#038;p=36418"},"modified":"2025-05-16T14:42:37","modified_gmt":"2025-05-16T13:42:37","slug":"amnesia-x-buddha-kush","status":"publish","type":"product","link":"https:\/\/www.tatanka.nl\/pt\/amnesia-x-buddha-kush\/","title":{"rendered":"Amnesia x Buddha Kush - Sementes de vis\u00e3o"},"content":{"rendered":"<h2><span data-sheets-value=\"{&quot;1&quot;:2,&quot;2&quot;:&quot;Amnesia x Buddha Kush&quot;}\" data-sheets-userformat=\"{&quot;2&quot;:6723,&quot;3&quot;:{&quot;1&quot;:0},&quot;4&quot;:{&quot;1&quot;:2,&quot;2&quot;:15389148},&quot;9&quot;:0,&quot;12&quot;:0,&quot;14&quot;:{&quot;1&quot;:2,&quot;2&quot;:0},&quot;15&quot;:&quot;Arial&quot;}\">Amnesia x Buddha Kush<\/span> Sementes de can\u00e1bis da Vision Seeds<\/h2>\n<p>Estas sementes de can\u00e1bis s\u00e3o a escolha perfeita para os amantes da euforia cerebral que procuram um efeito poderoso. Se forem bem tratadas, espera-se ter bot\u00f5es enormes e densamente embalados, cobertos de resina com uma cor brilhante. Esta senhora n\u00e3o \u00e9 nada t\u00edmida, por isso \u00e9 potente com grandes doses de THC que o levar\u00e3o a uma fuga da realidade. N\u00e3o deixes que a sua domin\u00e2ncia Sativa te detenha! Estas senhoras de plantas pequenas podem crescer muito se lhes for dado tempo para amadurecer. Espere aromas terrosos que satisfar\u00e3o as suas papilas gustativas e que se prolongar\u00e3o durante algum tempo ap\u00f3s a degusta\u00e7\u00e3o.<\/p>\n<p>N\u00e3o s\u00f3 oferece uma grande pot\u00eancia, como tamb\u00e9m bot\u00f5es enormes e densos cobertos de gl\u00e2ndulas de resina brilhantes que deixam para tr\u00e1s aromas terrosos e c\u00edtricos que valem a pena saborear e permanecer nas papilas gustativas durante algum tempo.<\/p>\n<p>A sua poderosa gen\u00e9tica Sativa torna-a propensa a crescer muito, por isso seria melhor deix\u00e1-la dentro de casa at\u00e9 que tenha florescido completamente... Excelente cruzamento para experimentar se estiveres \u00e0 procura de mais plantas \u00fanicas para cultivar!<\/p>","protected":false},"excerpt":{"rendered":"<p>Esta planta de can\u00e1bis \u00e9 a escolha perfeita para os amantes da euforia cerebral que procuram um hitter pesado. Como todos sabemos, esta rapariga adora dar um murro e pode ser bastante poderosa se for bem tratada. O que \u00e9 mais impressionante sobre ela \u00e9 que se transformar\u00e1 num fant\u00e1stico melhorador de humor com altos n\u00edveis de THC se for bem cuidada. Uma cria\u00e7\u00e3o muito boa que ser\u00e1 adorada por muitos!<\/p>","protected":false},"featured_media":36446,"template":"","meta":[],"product_brand":[],"product_cat":[546,297,549,638],"product_tag":[],"class_list":{"0":"post-36418","1":"product","2":"type-product","3":"status-publish","4":"has-post-thumbnail","6":"product_cat-seedshop","7":"product_cat-all-products","8":"product_cat-feminized-seeds","9":"product_cat-vision-seeds","10":"product_shipping_class-creditcard-on","12":"first","13":"instock","14":"taxable","15":"shipping-taxable","16":"purchasable","17":"product-type-variable","18":"has-default-attributes"},"_links":{"self":[{"href":"https:\/\/www.tatanka.nl\/pt\/wp-json\/wp\/v2\/product\/36418","targetHints":{"allow":["GET"]}}],"collection":[{"href":"https:\/\/www.tatanka.nl\/pt\/wp-json\/wp\/v2\/product"}],"about":[{"href":"https:\/\/www.tatanka.nl\/pt\/wp-json\/wp\/v2\/types\/product"}],"wp:featuredmedia":[{"embeddable":true,"href":"https:\/\/www.tatanka.nl\/pt\/wp-json\/wp\/v2\/media\/36446"}],"wp:attachment":[{"href":"https:\/\/www.tatanka.nl\/pt\/wp-json\/wp\/v2\/media?parent=36418"}],"wp:term":[{"taxonomy":"product_brand","embeddable":true,"href":"https:\/\/www.tatanka.nl\/pt\/wp-json\/wp\/v2\/product_brand?post=36418"},{"taxonomy":"product_cat","embeddable":true,"href":"https:\/\/www.tatanka.nl\/pt\/wp-json\/wp\/v2\/product_cat?post=36418"},{"taxonomy":"product_tag","embeddable":true,"href":"https:\/\/www.tatanka.nl\/pt\/wp-json\/wp\/v2\/product_tag?post=36418"}],"curies":[{"name":"wp","href":"https:\/\/api.w.org\/{rel}","templated":true}]}}