{"id":36420,"date":"2025-01-30T17:36:08","date_gmt":"2025-01-30T16:36:08","guid":{"rendered":"https:\/\/www.tatanka.nl\/?post_type=product&#038;p=36420"},"modified":"2025-06-20T00:48:32","modified_gmt":"2025-06-19T23:48:32","slug":"blue-power","status":"publish","type":"product","link":"https:\/\/www.tatanka.nl\/pt\/blue-power\/","title":{"rendered":"Blue Power - Sementes de vis\u00e3o"},"content":{"rendered":"<h2>Sementes de can\u00e1bis Blue Power da Vision Seeds<\/h2>\n<p>As sementes de can\u00e1bis Blue Power s\u00e3o perfeitas para todas as suas necessidades doces e frutadas. Criadas atrav\u00e9s do cruzamento da Blueberry com a White Widow e a Skunk, estas sementes produzem uma potente erva com aroma a algod\u00e3o doce. Estes pequenos rapazes h\u00famidos far\u00e3o com que se pergunte porque \u00e9 que nunca prestou aten\u00e7\u00e3o \u00e0s estirpes de pot\u00eancia antes!<\/p>\n<p>Deita as m\u00e3os a algumas sementes de can\u00e1bis Blue Power da Vision Seeds e prepara-te para te surpreenderes com o sabor incrivelmente bonito e intermin\u00e1vel, complementado com uma pancada de CBD.<\/p>\n<p>Bot\u00f5es cor de rebu\u00e7ado, efeito de rebu\u00e7ado estrelado! \u00c9 isso que se obt\u00e9m quando se cruza a Skunk, a White Widow e a Blueberry para obter esta variedade inacredit\u00e1vel que lhe dar\u00e1 o que precisa em todos os momentos - energia, euforia e felicidade envoltas num incr\u00edvel aroma a bagas. Todos os gulosos t\u00eam de experimentar esta maravilha!<\/p>","protected":false},"excerpt":{"rendered":"<p>A Blue Power Cannabis \u00e9 um must-have para o teu jardim! Depois de cheirar esta poderosa variedade, saber\u00e1 porqu\u00ea. Suave e frutada, com um aroma distinto a bagas, a Blue Power \u00e9 uma das flores de can\u00e1bis mais desejadas da cole\u00e7\u00e3o da Vision Seeds. Uma rainha incr\u00edvel e saborosa que proporciona uma experi\u00eancia de fumo fant\u00e1stica!<\/p>","protected":false},"featured_media":36448,"template":"","meta":[],"product_brand":[],"product_cat":[546,297,549,638],"product_tag":[],"class_list":{"0":"post-36420","1":"product","2":"type-product","3":"status-publish","4":"has-post-thumbnail","6":"product_cat-seedshop","7":"product_cat-all-products","8":"product_cat-feminized-seeds","9":"product_cat-vision-seeds","10":"product_shipping_class-creditcard-on","12":"first","13":"instock","14":"taxable","15":"shipping-taxable","16":"purchasable","17":"product-type-variable","18":"has-default-attributes"},"_links":{"self":[{"href":"https:\/\/www.tatanka.nl\/pt\/wp-json\/wp\/v2\/product\/36420","targetHints":{"allow":["GET"]}}],"collection":[{"href":"https:\/\/www.tatanka.nl\/pt\/wp-json\/wp\/v2\/product"}],"about":[{"href":"https:\/\/www.tatanka.nl\/pt\/wp-json\/wp\/v2\/types\/product"}],"wp:featuredmedia":[{"embeddable":true,"href":"https:\/\/www.tatanka.nl\/pt\/wp-json\/wp\/v2\/media\/36448"}],"wp:attachment":[{"href":"https:\/\/www.tatanka.nl\/pt\/wp-json\/wp\/v2\/media?parent=36420"}],"wp:term":[{"taxonomy":"product_brand","embeddable":true,"href":"https:\/\/www.tatanka.nl\/pt\/wp-json\/wp\/v2\/product_brand?post=36420"},{"taxonomy":"product_cat","embeddable":true,"href":"https:\/\/www.tatanka.nl\/pt\/wp-json\/wp\/v2\/product_cat?post=36420"},{"taxonomy":"product_tag","embeddable":true,"href":"https:\/\/www.tatanka.nl\/pt\/wp-json\/wp\/v2\/product_tag?post=36420"}],"curies":[{"name":"wp","href":"https:\/\/api.w.org\/{rel}","templated":true}]}}