{"id":36421,"date":"2025-01-30T17:36:09","date_gmt":"2025-01-30T16:36:09","guid":{"rendered":"https:\/\/www.tatanka.nl\/?post_type=product&#038;p=36421"},"modified":"2025-05-16T14:40:25","modified_gmt":"2025-05-16T13:40:25","slug":"bona-dea-cbd","status":"publish","type":"product","link":"https:\/\/www.tatanka.nl\/pt\/bona-dea-cbd\/","title":{"rendered":"Bona Dea (CBD+) - Sementes de vis\u00e3o"},"content":{"rendered":"<h2><span data-sheets-value=\"{&quot;1&quot;:2,&quot;2&quot;:&quot;Bona Dea (CBD+)&quot;}\" data-sheets-userformat=\"{&quot;2&quot;:6723,&quot;3&quot;:{&quot;1&quot;:0},&quot;4&quot;:{&quot;1&quot;:2,&quot;2&quot;:14275305},&quot;9&quot;:0,&quot;12&quot;:0,&quot;14&quot;:{&quot;1&quot;:2,&quot;2&quot;:0},&quot;15&quot;:&quot;Arial&quot;}\">Bona Dea (CBD+)<\/span> Sementes de can\u00e1bis da Vision Seeds<\/h2>\n<p>A Bona Dea \u00e9 uma incr\u00edvel h\u00edbrida \u00cdndica que foi optimizada para proporcionar n\u00edveis elevados de CBD. Perfeita para quem gosta de marijuana medicinal mas n\u00e3o quer os fortes efeitos psicoactivos, esta variedade relaxa os m\u00fasculos e permite-lhe adormecer mais facilmente depois de um dia stressante no trabalho ou na escola. O equil\u00edbrio perfeito de THC e CBD significa que a Bona Dea oferece \u00f3ptimos benef\u00edcios para os seres humanos que procuram al\u00edvio medicinal sem perder o seu espa\u00e7o mental. Que melhor maneira de relaxar do que com uma erva deliciosa?<\/p>\n<p>Conseguiu chegar ao dia de trabalho por uma vez, mas tem tantas reuni\u00f5es pela frente e ainda tem esta dor no pulso. Fique de castigo com as sementes de can\u00e1bis Bona Dea (CBD+) da Vision Seeds, que trar\u00e3o paz aos seus m\u00fasculos, proporcionando incr\u00edveis benef\u00edcios de relaxamento sem o deixar fora de servi\u00e7o. N\u00e3o te esque\u00e7as que ainda tem um s\u00f3lido 9% de THC!<\/p>","protected":false},"excerpt":{"rendered":"<p>Estes fant\u00e1sticos bot\u00f5es de can\u00e1bis Indica v\u00e3o deix\u00e1-lo relaxado, sem dores e a dormir como um beb\u00e9. Uma bela variedade que \u00e9 perfeita para quem sente os efeitos das variedades com alto teor de THC demasiado fortes. Ter\u00e1 sorte com o conte\u00fado equilibrado de THC e CBD da Bona Dea para garantir que pode colher todos os benef\u00edcios medicinais sem qualquer repress\u00e3o do pensamento ou sensa\u00e7\u00e3o f\u00edsica. Se um relaxamento sensato te soa bem, ent\u00e3o a Bona Dea \u00e9 a tua menina!<\/p>","protected":false},"featured_media":36449,"template":"","meta":[],"product_brand":[],"product_cat":[546,297,549,550,638],"product_tag":[],"class_list":{"0":"post-36421","1":"product","2":"type-product","3":"status-publish","4":"has-post-thumbnail","6":"product_cat-seedshop","7":"product_cat-all-products","8":"product_cat-feminized-seeds","9":"product_cat-seedshop-top-10","10":"product_cat-vision-seeds","11":"product_shipping_class-creditcard-on","13":"first","14":"instock","15":"taxable","16":"shipping-taxable","17":"purchasable","18":"product-type-variable","19":"has-default-attributes"},"_links":{"self":[{"href":"https:\/\/www.tatanka.nl\/pt\/wp-json\/wp\/v2\/product\/36421","targetHints":{"allow":["GET"]}}],"collection":[{"href":"https:\/\/www.tatanka.nl\/pt\/wp-json\/wp\/v2\/product"}],"about":[{"href":"https:\/\/www.tatanka.nl\/pt\/wp-json\/wp\/v2\/types\/product"}],"wp:featuredmedia":[{"embeddable":true,"href":"https:\/\/www.tatanka.nl\/pt\/wp-json\/wp\/v2\/media\/36449"}],"wp:attachment":[{"href":"https:\/\/www.tatanka.nl\/pt\/wp-json\/wp\/v2\/media?parent=36421"}],"wp:term":[{"taxonomy":"product_brand","embeddable":true,"href":"https:\/\/www.tatanka.nl\/pt\/wp-json\/wp\/v2\/product_brand?post=36421"},{"taxonomy":"product_cat","embeddable":true,"href":"https:\/\/www.tatanka.nl\/pt\/wp-json\/wp\/v2\/product_cat?post=36421"},{"taxonomy":"product_tag","embeddable":true,"href":"https:\/\/www.tatanka.nl\/pt\/wp-json\/wp\/v2\/product_tag?post=36421"}],"curies":[{"name":"wp","href":"https:\/\/api.w.org\/{rel}","templated":true}]}}