{"id":36422,"date":"2025-01-30T17:36:09","date_gmt":"2025-01-30T16:36:09","guid":{"rendered":"https:\/\/www.tatanka.nl\/?post_type=product&#038;p=36422"},"modified":"2025-05-16T14:40:29","modified_gmt":"2025-05-16T13:40:29","slug":"brainkiller-haze","status":"publish","type":"product","link":"https:\/\/www.tatanka.nl\/pt\/brainkiller-haze\/","title":{"rendered":"Brainkiller Haze - Sementes de vis\u00e3o"},"content":{"rendered":"<h2><span data-sheets-value=\"{&quot;1&quot;:2,&quot;2&quot;:&quot;Brainkiller Haze&quot;}\" data-sheets-userformat=\"{&quot;2&quot;:6723,&quot;3&quot;:{&quot;1&quot;:0},&quot;4&quot;:{&quot;1&quot;:2,&quot;2&quot;:14275305},&quot;9&quot;:0,&quot;12&quot;:0,&quot;14&quot;:{&quot;1&quot;:2,&quot;2&quot;:0},&quot;15&quot;:&quot;Arial&quot;}\">Brainkiller Haze<\/span> Sementes de can\u00e1bis da Vision Seeds<\/h2>\n<p>Sementes de can\u00e1bis de alta qualidade que s\u00e3o valorizadas por cultivadores principiantes, bem como por profissionais experientes que cultivam h\u00e1 anos - Brainkiller Haze Cannabis Seeds, ir\u00e1 fornecer em todas as frentes com os seus enormes rendimentos de bot\u00f5es potentes num instante!<\/p>\n<p>A Brainkiller Haze Cannabis Seeds da Vision Seeds tem um perfil gen\u00e9tico raro e quase puro de haze e \u00e9 tamb\u00e9m quase toda Sativa. Floresce mais tempo do que a maioria das plantas e cresce extremamente alta e ramificada.<\/p>\n<p>Estas sementes de can\u00e1bis proporcionam uma eleva\u00e7\u00e3o extremamente forte e alegre para aqueles que mais precisam. N\u00e3o \u00e9 seguro para o trabalho deve ser um dos avisos, porque esta variedade de marijuana euf\u00f3rica e at\u00e9 psicad\u00e9lica vai mexer com a tua mente assim que as acenderes!<\/p>","protected":false},"excerpt":{"rendered":"<p>Sentir\u00e1s o efeito de eleva\u00e7\u00e3o e eleva\u00e7\u00e3o imediatamente. Muitas pessoas chamam-lhe a sua favorita por ser t\u00e3o poderosa e deliciosa! Os altos inebriantes s\u00e3o \u00f3ptimos para a criatividade, inspira\u00e7\u00e3o, fazer arte ou simplesmente relaxar ao som de algumas m\u00fasicas numa tarde pregui\u00e7osa. Tem em mente que esta senhora n\u00e3o est\u00e1 a brincar! De todo!<\/p>\n<p>&nbsp;<\/p>","protected":false},"featured_media":36450,"template":"","meta":[],"product_brand":[],"product_cat":[546,297,549,638],"product_tag":[],"class_list":{"0":"post-36422","1":"product","2":"type-product","3":"status-publish","4":"has-post-thumbnail","6":"product_cat-seedshop","7":"product_cat-all-products","8":"product_cat-feminized-seeds","9":"product_cat-vision-seeds","10":"product_shipping_class-creditcard-on","12":"first","13":"instock","14":"taxable","15":"shipping-taxable","16":"purchasable","17":"product-type-variable","18":"has-default-attributes"},"_links":{"self":[{"href":"https:\/\/www.tatanka.nl\/pt\/wp-json\/wp\/v2\/product\/36422","targetHints":{"allow":["GET"]}}],"collection":[{"href":"https:\/\/www.tatanka.nl\/pt\/wp-json\/wp\/v2\/product"}],"about":[{"href":"https:\/\/www.tatanka.nl\/pt\/wp-json\/wp\/v2\/types\/product"}],"wp:featuredmedia":[{"embeddable":true,"href":"https:\/\/www.tatanka.nl\/pt\/wp-json\/wp\/v2\/media\/36450"}],"wp:attachment":[{"href":"https:\/\/www.tatanka.nl\/pt\/wp-json\/wp\/v2\/media?parent=36422"}],"wp:term":[{"taxonomy":"product_brand","embeddable":true,"href":"https:\/\/www.tatanka.nl\/pt\/wp-json\/wp\/v2\/product_brand?post=36422"},{"taxonomy":"product_cat","embeddable":true,"href":"https:\/\/www.tatanka.nl\/pt\/wp-json\/wp\/v2\/product_cat?post=36422"},{"taxonomy":"product_tag","embeddable":true,"href":"https:\/\/www.tatanka.nl\/pt\/wp-json\/wp\/v2\/product_tag?post=36422"}],"curies":[{"name":"wp","href":"https:\/\/api.w.org\/{rel}","templated":true}]}}