{"id":36423,"date":"2025-01-30T17:36:09","date_gmt":"2025-01-30T16:36:09","guid":{"rendered":"https:\/\/www.tatanka.nl\/?post_type=product&#038;p=36423"},"modified":"2025-05-16T14:40:37","modified_gmt":"2025-05-16T13:40:37","slug":"caramel-monster","status":"publish","type":"product","link":"https:\/\/www.tatanka.nl\/pt\/caramel-monster\/","title":{"rendered":"Caramel Monster - Sementes de vis\u00e3o"},"content":{"rendered":"<h2>Sementes de can\u00e1bis Caramel Monster da Vision Seeds<\/h2>\n<p>Os canabin\u00f3ides encontrados nas sementes de can\u00e1bis Caramel Monster s\u00e3o t\u00e3o sedativos que at\u00e9 os seus problemas se dissipar\u00e3o com apenas uma passa deste bot\u00e3o de can\u00e1bis. Com este sabor doce a frutos silvestres com um tom de caramelo duradouro, esta variedade de can\u00e1bis foi criada para quem gosta de um fumo f\u00e1cil de gerir. Com n\u00edveis de THC de 16-22% em m\u00e9dia, a erva Caramel Monster \u00e9 perfeita para os produtores que procuram obter um bom retorno do seu investimento.<\/p>\n<p>Esta estirpe ser\u00e1 pesada nos sabores doces e leve nos odores se souberes como cuidar dela. N\u00e3o te esque\u00e7as que n\u00e3o s\u00f3 \u00e9 bonita como tamb\u00e9m tem todas as caracter\u00edsticas das \u00cdndicas, incluindo bot\u00f5es densos com longos p\u00ealos cor de laranja e tricomas!<\/p>","protected":false},"excerpt":{"rendered":"<p>A Vision Seeds Caramel Monster n\u00e3o \u00e9 apenas a variedade de can\u00e1bis mais doce que alguma vez conhecer\u00e1, mas \u00e9 completamente deliciosa em sabor e aroma. Como membro da fam\u00edlia Lavender, perto do meio do espetro de crescimento da can\u00e1bis, dar\u00e1 aos cultivadores uma planta de altura m\u00e9dia com um excelente n\u00edvel de THC. N\u00e3o h\u00e1 como errar ao provar esta senhora em particular, pois os seus bot\u00f5es s\u00e3o densos e verdes com p\u00ealos e tricomas cor de laranja brilhantes!<\/p>","protected":false},"featured_media":36451,"template":"","meta":[],"product_brand":[],"product_cat":[546,297,549,548,550,638],"product_tag":[],"class_list":{"0":"post-36423","1":"product","2":"type-product","3":"status-publish","4":"has-post-thumbnail","6":"product_cat-seedshop","7":"product_cat-all-products","8":"product_cat-feminized-seeds","9":"product_cat-high-thc-seeds","10":"product_cat-seedshop-top-10","11":"product_cat-vision-seeds","12":"product_shipping_class-creditcard-on","14":"first","15":"instock","16":"taxable","17":"shipping-taxable","18":"purchasable","19":"product-type-variable","20":"has-default-attributes"},"_links":{"self":[{"href":"https:\/\/www.tatanka.nl\/pt\/wp-json\/wp\/v2\/product\/36423","targetHints":{"allow":["GET"]}}],"collection":[{"href":"https:\/\/www.tatanka.nl\/pt\/wp-json\/wp\/v2\/product"}],"about":[{"href":"https:\/\/www.tatanka.nl\/pt\/wp-json\/wp\/v2\/types\/product"}],"wp:featuredmedia":[{"embeddable":true,"href":"https:\/\/www.tatanka.nl\/pt\/wp-json\/wp\/v2\/media\/36451"}],"wp:attachment":[{"href":"https:\/\/www.tatanka.nl\/pt\/wp-json\/wp\/v2\/media?parent=36423"}],"wp:term":[{"taxonomy":"product_brand","embeddable":true,"href":"https:\/\/www.tatanka.nl\/pt\/wp-json\/wp\/v2\/product_brand?post=36423"},{"taxonomy":"product_cat","embeddable":true,"href":"https:\/\/www.tatanka.nl\/pt\/wp-json\/wp\/v2\/product_cat?post=36423"},{"taxonomy":"product_tag","embeddable":true,"href":"https:\/\/www.tatanka.nl\/pt\/wp-json\/wp\/v2\/product_tag?post=36423"}],"curies":[{"name":"wp","href":"https:\/\/api.w.org\/{rel}","templated":true}]}}