{"id":36424,"date":"2025-01-30T17:36:09","date_gmt":"2025-01-30T16:36:09","guid":{"rendered":"https:\/\/www.tatanka.nl\/?post_type=product&#038;p=36424"},"modified":"2025-05-16T14:40:37","modified_gmt":"2025-05-16T13:40:37","slug":"cheese","status":"publish","type":"product","link":"https:\/\/www.tatanka.nl\/pt\/cheese\/","title":{"rendered":"Cheese - Sementes de vis\u00e3o"},"content":{"rendered":"<h2>Sementes de can\u00e1bis Cheese da Vision Seeds<\/h2>\n<p>As sementes de can\u00e1bis Cheese da Vision Seeds ser\u00e3o adoradas por qualquer f\u00e3 incondicional de can\u00e1bis com sabor a queijo que prospera quando aquele aroma almiscarado est\u00e1 a flutuar na sala! A gen\u00e9tica destas plantas de Cheese relativamente fortes \u00e9 bastante apertada e intensa, pelo que se pode esperar um grande aroma forte de can\u00e1bis com tons de skunk. Obter\u00e1 uma pedra corporal decente, juntamente com uma agrad\u00e1vel euforia depois de a fumar.<\/p>\n<p>Esta planta \u00e9 garantida para deliciar todos os amantes de queijo que procuram uma experi\u00eancia emocional, f\u00edsica e mental agrad\u00e1vel. A Vision Seeds Cheese vai hipnotizar-te com o seu aroma funky de alm\u00edscar skunk kush. A variedade oferece uma pedra corporal incr\u00edvel juntamente com uma euforia agrad\u00e1vel.<\/p>","protected":false},"excerpt":{"rendered":"<p>A variedade de can\u00e1bis Cheese \u00e9 conhecida pelo cheiro almiscarado que emite. Feita para aqueles que adoram todas as coisas com queijo, esta planta \u00e9 garantida para o manter satisfeito em mais do que uma forma com o seu forte impacto de skunk e kush. \u00c9 uma variedade incrivelmente boa para um verdadeiro amante de can\u00e1bis!<\/p>","protected":false},"featured_media":36452,"template":"","meta":[],"product_brand":[],"product_cat":[546,297,549,638],"product_tag":[],"class_list":{"0":"post-36424","1":"product","2":"type-product","3":"status-publish","4":"has-post-thumbnail","6":"product_cat-seedshop","7":"product_cat-all-products","8":"product_cat-feminized-seeds","9":"product_cat-vision-seeds","10":"product_shipping_class-creditcard-on","12":"first","13":"instock","14":"taxable","15":"shipping-taxable","16":"purchasable","17":"product-type-variable","18":"has-default-attributes"},"_links":{"self":[{"href":"https:\/\/www.tatanka.nl\/pt\/wp-json\/wp\/v2\/product\/36424","targetHints":{"allow":["GET"]}}],"collection":[{"href":"https:\/\/www.tatanka.nl\/pt\/wp-json\/wp\/v2\/product"}],"about":[{"href":"https:\/\/www.tatanka.nl\/pt\/wp-json\/wp\/v2\/types\/product"}],"wp:featuredmedia":[{"embeddable":true,"href":"https:\/\/www.tatanka.nl\/pt\/wp-json\/wp\/v2\/media\/36452"}],"wp:attachment":[{"href":"https:\/\/www.tatanka.nl\/pt\/wp-json\/wp\/v2\/media?parent=36424"}],"wp:term":[{"taxonomy":"product_brand","embeddable":true,"href":"https:\/\/www.tatanka.nl\/pt\/wp-json\/wp\/v2\/product_brand?post=36424"},{"taxonomy":"product_cat","embeddable":true,"href":"https:\/\/www.tatanka.nl\/pt\/wp-json\/wp\/v2\/product_cat?post=36424"},{"taxonomy":"product_tag","embeddable":true,"href":"https:\/\/www.tatanka.nl\/pt\/wp-json\/wp\/v2\/product_tag?post=36424"}],"curies":[{"name":"wp","href":"https:\/\/api.w.org\/{rel}","templated":true}]}}