{"id":36425,"date":"2025-01-30T17:36:09","date_gmt":"2025-01-30T16:36:09","guid":{"rendered":"https:\/\/www.tatanka.nl\/?post_type=product&#038;p=36425"},"modified":"2025-05-16T14:40:46","modified_gmt":"2025-05-16T13:40:46","slug":"choco-bud","status":"publish","type":"product","link":"https:\/\/www.tatanka.nl\/pt\/choco-bud\/","title":{"rendered":"Choco Bud - Sementes de vis\u00e3o"},"content":{"rendered":"<h2>Sementes de can\u00e1bis Choco Bud da Vision Seeds<\/h2>\n<p>Com um n\u00edvel mais elevado de CBD, a variedade de can\u00e1bis Choco Bud \u00e9 potente para aliviar muitas doen\u00e7as corporais. Com rendimentos de 160-180 g\/m2, esta beleza vai definitivamente fazer-te apaixonar pela forma como cresce! O principal objetivo de quem j\u00e1 a cultivou \u00e9, sem d\u00favida, o seu fant\u00e1stico sabor. Quando seca e curada antes de ser consumida, espera-se encontrar o sabor a chocolate\/caramelo em cada tragada desta erva.<\/p>\n<p>Com caracter\u00edsticas que lembram a Sour Diesel, que \u00e9 divertida e cerebral, a Purple Kush, que proporciona o zumbido corporal que nos faz sentir felizes por dentro, a outras variedades pesadas como a Strawberry Moonshine ou a Tahoe OG Kush, que proporcionam uma sensa\u00e7\u00e3o de cabe\u00e7a sempre crescente que deixa a nossa mente mais clara do que nunca. \u00d3ptima escolha.<\/p>","protected":false},"excerpt":{"rendered":"<p>Estas s\u00e3o mesmo boas! Criada para fumadores aventureiros que procuram um pouco de versatilidade no seu efeito, esta rapariga vai servir perfeitamente. Doce para os sentidos! Esta dama real das flores de can\u00e1bis proporciona um excitante e leve sabor a chocolate e caramelo com um final frutado. Uma rapariga fofa e cheia de ramos, a Choco Bud da Vision Seeds foi descrita por muitos como \u00fanica e espantosa!<\/p>","protected":false},"featured_media":36453,"template":"","meta":[],"product_brand":[],"product_cat":[546,297,549,550,638],"product_tag":[],"class_list":{"0":"post-36425","1":"product","2":"type-product","3":"status-publish","4":"has-post-thumbnail","6":"product_cat-seedshop","7":"product_cat-all-products","8":"product_cat-feminized-seeds","9":"product_cat-seedshop-top-10","10":"product_cat-vision-seeds","11":"product_shipping_class-creditcard-on","13":"first","14":"instock","15":"taxable","16":"shipping-taxable","17":"purchasable","18":"product-type-variable","19":"has-default-attributes"},"_links":{"self":[{"href":"https:\/\/www.tatanka.nl\/pt\/wp-json\/wp\/v2\/product\/36425","targetHints":{"allow":["GET"]}}],"collection":[{"href":"https:\/\/www.tatanka.nl\/pt\/wp-json\/wp\/v2\/product"}],"about":[{"href":"https:\/\/www.tatanka.nl\/pt\/wp-json\/wp\/v2\/types\/product"}],"wp:featuredmedia":[{"embeddable":true,"href":"https:\/\/www.tatanka.nl\/pt\/wp-json\/wp\/v2\/media\/36453"}],"wp:attachment":[{"href":"https:\/\/www.tatanka.nl\/pt\/wp-json\/wp\/v2\/media?parent=36425"}],"wp:term":[{"taxonomy":"product_brand","embeddable":true,"href":"https:\/\/www.tatanka.nl\/pt\/wp-json\/wp\/v2\/product_brand?post=36425"},{"taxonomy":"product_cat","embeddable":true,"href":"https:\/\/www.tatanka.nl\/pt\/wp-json\/wp\/v2\/product_cat?post=36425"},{"taxonomy":"product_tag","embeddable":true,"href":"https:\/\/www.tatanka.nl\/pt\/wp-json\/wp\/v2\/product_tag?post=36425"}],"curies":[{"name":"wp","href":"https:\/\/api.w.org\/{rel}","templated":true}]}}