{"id":36455,"date":"2025-01-30T17:36:27","date_gmt":"2025-01-30T16:36:27","guid":{"rendered":"https:\/\/www.tatanka.nl\/?post_type=product&#038;p=36455"},"modified":"2025-05-16T14:39:05","modified_gmt":"2025-05-16T13:39:05","slug":"crystal-queen","status":"publish","type":"product","link":"https:\/\/www.tatanka.nl\/pt\/crystal-queen\/","title":{"rendered":"Crystal Queen - Sementes de vis\u00e3o"},"content":{"rendered":"<h2><span data-sheets-value=\"{&quot;1&quot;:2,&quot;2&quot;:&quot;Crystal Queen&quot;}\" data-sheets-userformat=\"{&quot;2&quot;:6723,&quot;3&quot;:{&quot;1&quot;:0},&quot;4&quot;:{&quot;1&quot;:2,&quot;2&quot;:13228792},&quot;9&quot;:0,&quot;12&quot;:0,&quot;14&quot;:{&quot;1&quot;:2,&quot;2&quot;:0},&quot;15&quot;:&quot;Arial&quot;}\">Crystal Queen<\/span> Sementes de can\u00e1bis da Vision Seeds<\/h2>\n<p>\u00c9 t\u00e3o bonita que d\u00e1 vontade de a fumar imediatamente. E depois ela cumpre em todas as frentes: o seu rendimento n\u00e3o \u00e9 demasiado pequeno nem demasiado grande para qualquer situa\u00e7\u00e3o, os seus bot\u00f5es t\u00eam n\u00edveis impressionantes de THC, o que significa que esta rainha tamb\u00e9m tem um efeito potente no teu sistema.<\/p>\n<p>A sua paleta de sabores mistos ricos em terpenos far\u00e1 com que cada inala\u00e7\u00e3o seja t\u00e3o agrad\u00e1vel quanto poss\u00edvel; n\u00e3o percas agora estas flores cobertas de cristais!<\/p>\n<p>As sementes de can\u00e1bis Crystal Queen s\u00e3o quase t\u00e3o boas como ser coroada! Com um tamanho, qualidade, densidade, pot\u00eancia e experi\u00eancia de cultivo incr\u00edveis, ficar\u00e1s t\u00e3o maravilhado com ela que talvez at\u00e9 queiras usar uma tiara.<\/p>","protected":false},"excerpt":{"rendered":"<p>As sementes de can\u00e1bis Crystal Queen da Vision Seeds s\u00e3o a combina\u00e7\u00e3o perfeita de espantoso, suave e frio. Como uma variedade de can\u00e1bis de elite com uma pot\u00eancia de THC de 20%, a Crystal Queen \u00e9 puro \u00eaxtase - a atra\u00e7\u00e3o natural do deleite do cultivador! Ela eleva a apar\u00eancia e o sabor a um n\u00edvel totalmente novo!<\/p>","protected":false},"featured_media":36485,"template":"","meta":[],"product_brand":[],"product_cat":[546,297,549,548,638],"product_tag":[],"class_list":{"0":"post-36455","1":"product","2":"type-product","3":"status-publish","4":"has-post-thumbnail","6":"product_cat-seedshop","7":"product_cat-all-products","8":"product_cat-feminized-seeds","9":"product_cat-high-thc-seeds","10":"product_cat-vision-seeds","11":"product_shipping_class-creditcard-on","13":"first","14":"instock","15":"taxable","16":"shipping-taxable","17":"purchasable","18":"product-type-variable","19":"has-default-attributes"},"_links":{"self":[{"href":"https:\/\/www.tatanka.nl\/pt\/wp-json\/wp\/v2\/product\/36455","targetHints":{"allow":["GET"]}}],"collection":[{"href":"https:\/\/www.tatanka.nl\/pt\/wp-json\/wp\/v2\/product"}],"about":[{"href":"https:\/\/www.tatanka.nl\/pt\/wp-json\/wp\/v2\/types\/product"}],"wp:featuredmedia":[{"embeddable":true,"href":"https:\/\/www.tatanka.nl\/pt\/wp-json\/wp\/v2\/media\/36485"}],"wp:attachment":[{"href":"https:\/\/www.tatanka.nl\/pt\/wp-json\/wp\/v2\/media?parent=36455"}],"wp:term":[{"taxonomy":"product_brand","embeddable":true,"href":"https:\/\/www.tatanka.nl\/pt\/wp-json\/wp\/v2\/product_brand?post=36455"},{"taxonomy":"product_cat","embeddable":true,"href":"https:\/\/www.tatanka.nl\/pt\/wp-json\/wp\/v2\/product_cat?post=36455"},{"taxonomy":"product_tag","embeddable":true,"href":"https:\/\/www.tatanka.nl\/pt\/wp-json\/wp\/v2\/product_tag?post=36455"}],"curies":[{"name":"wp","href":"https:\/\/api.w.org\/{rel}","templated":true}]}}