{"id":36456,"date":"2025-01-30T17:36:27","date_gmt":"2025-01-30T16:36:27","guid":{"rendered":"https:\/\/www.tatanka.nl\/?post_type=product&#038;p=36456"},"modified":"2025-05-16T14:39:08","modified_gmt":"2025-05-16T13:39:08","slug":"dark-star-x-ak-49","status":"publish","type":"product","link":"https:\/\/www.tatanka.nl\/pt\/dark-star-x-ak-49\/","title":{"rendered":"Dark Star x AK-49 - Sementes de vis\u00e3o"},"content":{"rendered":"<h2><span data-sheets-value=\"{&quot;1&quot;:2,&quot;2&quot;:&quot;Dark Star x AK-49&quot;}\" data-sheets-userformat=\"{&quot;2&quot;:6723,&quot;3&quot;:{&quot;1&quot;:0},&quot;4&quot;:{&quot;1&quot;:2,&quot;2&quot;:14275305},&quot;9&quot;:0,&quot;12&quot;:0,&quot;14&quot;:{&quot;1&quot;:2,&quot;2&quot;:0},&quot;15&quot;:&quot;Arial&quot;}\">Dark Star x AK-49 <\/span>Sementes de can\u00e1bis da Vision Seeds<\/h2>\n<p>A AK-49 x Dark Star \u00e9 uma combina\u00e7\u00e3o de lendas absolutas, e \u00e9 com prazer que vos apresento esta variedade premiada. Esta variedade tem uma das \u00e1rvores geneal\u00f3gicas mais interessantes da nossa lista de sementes de can\u00e1bis, por isso, se procura uma gen\u00e9tica excitante, ela \u00e9 para si.<\/p>\n<p>Em condi\u00e7\u00f5es perfeitas - ou seja, um cultivador experiente que cuida das suas plantas - a Dark Star x AK-49 pode produzir perto de 1 kg de bot\u00f5es densos! O sabor oferece um bom equil\u00edbrio entre sabores terrosos e picantes com sabores doces que se misturam muito bem. Super planta para super cultivadores!<\/p>","protected":false},"excerpt":{"rendered":"<p>A Dark Star x AK-49 \u00e9 a variedade h\u00edbrida equilibrada que certamente o impressionar\u00e1 com o seu sabor. A Tone combina sabores dominantes de terra, especiarias e aromas doces para uma experi\u00eancia sempre incr\u00edvel. Se for bem cuidada ao ar livre, espera-se colher uma quantidade incr\u00edvel de bot\u00f5es densos. Esta planta n\u00e3o \u00e9 brincadeira!<\/p>","protected":false},"featured_media":36486,"template":"","meta":[],"product_brand":[],"product_cat":[546,297,549,548,638],"product_tag":[],"class_list":{"0":"post-36456","1":"product","2":"type-product","3":"status-publish","4":"has-post-thumbnail","6":"product_cat-seedshop","7":"product_cat-all-products","8":"product_cat-feminized-seeds","9":"product_cat-high-thc-seeds","10":"product_cat-vision-seeds","11":"product_shipping_class-creditcard-on","13":"first","14":"instock","15":"taxable","16":"shipping-taxable","17":"purchasable","18":"product-type-variable","19":"has-default-attributes"},"_links":{"self":[{"href":"https:\/\/www.tatanka.nl\/pt\/wp-json\/wp\/v2\/product\/36456","targetHints":{"allow":["GET"]}}],"collection":[{"href":"https:\/\/www.tatanka.nl\/pt\/wp-json\/wp\/v2\/product"}],"about":[{"href":"https:\/\/www.tatanka.nl\/pt\/wp-json\/wp\/v2\/types\/product"}],"wp:featuredmedia":[{"embeddable":true,"href":"https:\/\/www.tatanka.nl\/pt\/wp-json\/wp\/v2\/media\/36486"}],"wp:attachment":[{"href":"https:\/\/www.tatanka.nl\/pt\/wp-json\/wp\/v2\/media?parent=36456"}],"wp:term":[{"taxonomy":"product_brand","embeddable":true,"href":"https:\/\/www.tatanka.nl\/pt\/wp-json\/wp\/v2\/product_brand?post=36456"},{"taxonomy":"product_cat","embeddable":true,"href":"https:\/\/www.tatanka.nl\/pt\/wp-json\/wp\/v2\/product_cat?post=36456"},{"taxonomy":"product_tag","embeddable":true,"href":"https:\/\/www.tatanka.nl\/pt\/wp-json\/wp\/v2\/product_tag?post=36456"}],"curies":[{"name":"wp","href":"https:\/\/api.w.org\/{rel}","templated":true}]}}