{"id":36457,"date":"2025-01-30T17:36:27","date_gmt":"2025-01-30T16:36:27","guid":{"rendered":"https:\/\/www.tatanka.nl\/?post_type=product&#038;p=36457"},"modified":"2025-05-16T14:39:13","modified_gmt":"2025-05-16T13:39:13","slug":"doctor-jamaica","status":"publish","type":"product","link":"https:\/\/www.tatanka.nl\/pt\/doctor-jamaica\/","title":{"rendered":"Doctor Jamaica - Sementes de vis\u00e3o"},"content":{"rendered":"<h2><span data-sheets-value=\"{&quot;1&quot;:2,&quot;2&quot;:&quot;Doctor Jamaica&quot;}\" data-sheets-userformat=\"{&quot;2&quot;:6723,&quot;3&quot;:{&quot;1&quot;:0},&quot;4&quot;:{&quot;1&quot;:2,&quot;2&quot;:16043212},&quot;9&quot;:0,&quot;12&quot;:0,&quot;14&quot;:{&quot;1&quot;:2,&quot;2&quot;:0},&quot;15&quot;:&quot;Arial&quot;}\">Doctor Jamaica<\/span> Sementes de can\u00e1bis da Vision Seeds<\/h2>\n<p>A Vision Seeds Doctor Jamaica \u00e9 uma verdadeira variedade cl\u00e1ssica californiana da velha guarda que encontrou o seu impulso no mundo nos anos 90 e tem sido cultivada em todo o lado devido ao seu sabor fant\u00e1stico. Embora por vezes n\u00e3o produza grandes colheitas e os n\u00edveis de THC possam ser m\u00e9dios, os seus f\u00e3s nunca se importaram: adoram o seu sabor e cheiro!<\/p>\n<p>Se est\u00e1 pronto para algo verdadeiramente \u00fanico e delicioso, n\u00e3o procure mais do que esta senhora - ela vai surpreend\u00ea-lo com cada baforada.<\/p>\n<p>A Vision Seeds Doctor Jamaica \u00e9 um padr\u00e3o refrescante que um dos seus f\u00e3s descreve o sabor como \"uma combina\u00e7\u00e3o de skunk, manga e tangerina\". As laranjas mais deliciosas e doces que alguma vez provar\u00e1s com um aroma c\u00edtrico. Niam!<\/p>","protected":false},"excerpt":{"rendered":"<p>Esta \u00e9 uma variedade \"obrigat\u00f3ria\" para qualquer conhecedor de can\u00e1bis que valorize o sabor acima de qualquer outra coisa. N\u00e3o \u00e9 a maior produtora do planeta, mas tem sabores muito intensos que s\u00e3o de fazer crescer \u00e1gua na boca e refrescantes, fazendo com que valha a pena todo o esfor\u00e7o. O efeito ser\u00e1 um efeito estimulante e feliz com a criatividade ainda intacta - al\u00e9m disso, n\u00e3o h\u00e1 nada melhor do que partilhar esta flor com os amigos enquanto desfruta do delicioso perfil de terpenos!<\/p>","protected":false},"featured_media":36432,"template":"","meta":[],"product_brand":[],"product_cat":[546,297,549,638],"product_tag":[],"class_list":{"0":"post-36457","1":"product","2":"type-product","3":"status-publish","4":"has-post-thumbnail","6":"product_cat-seedshop","7":"product_cat-all-products","8":"product_cat-feminized-seeds","9":"product_cat-vision-seeds","10":"product_shipping_class-creditcard-on","12":"first","13":"instock","14":"taxable","15":"shipping-taxable","16":"purchasable","17":"product-type-variable","18":"has-default-attributes"},"_links":{"self":[{"href":"https:\/\/www.tatanka.nl\/pt\/wp-json\/wp\/v2\/product\/36457","targetHints":{"allow":["GET"]}}],"collection":[{"href":"https:\/\/www.tatanka.nl\/pt\/wp-json\/wp\/v2\/product"}],"about":[{"href":"https:\/\/www.tatanka.nl\/pt\/wp-json\/wp\/v2\/types\/product"}],"wp:featuredmedia":[{"embeddable":true,"href":"https:\/\/www.tatanka.nl\/pt\/wp-json\/wp\/v2\/media\/36432"}],"wp:attachment":[{"href":"https:\/\/www.tatanka.nl\/pt\/wp-json\/wp\/v2\/media?parent=36457"}],"wp:term":[{"taxonomy":"product_brand","embeddable":true,"href":"https:\/\/www.tatanka.nl\/pt\/wp-json\/wp\/v2\/product_brand?post=36457"},{"taxonomy":"product_cat","embeddable":true,"href":"https:\/\/www.tatanka.nl\/pt\/wp-json\/wp\/v2\/product_cat?post=36457"},{"taxonomy":"product_tag","embeddable":true,"href":"https:\/\/www.tatanka.nl\/pt\/wp-json\/wp\/v2\/product_tag?post=36457"}],"curies":[{"name":"wp","href":"https:\/\/api.w.org\/{rel}","templated":true}]}}