{"id":36459,"date":"2025-01-30T17:36:27","date_gmt":"2025-01-30T16:36:27","guid":{"rendered":"https:\/\/www.tatanka.nl\/?post_type=product&#038;p=36459"},"modified":"2025-05-16T14:40:20","modified_gmt":"2025-05-16T13:40:20","slug":"lambs-breath-x-ak-49","status":"publish","type":"product","link":"https:\/\/www.tatanka.nl\/pt\/lambs-breath-x-ak-49\/","title":{"rendered":"Lamb\u2019s Breath x AK-49 - Sementes de vis\u00e3o"},"content":{"rendered":"<h2>Sementes de can\u00e1bis Lamb's Breath x AK-49 de Vision Seeds<\/h2>\n<p>Prepara-te para explorar um efeito profundo e intrigante, cheio de especiarias e queijo. A estirpe Lamb's Breath x AK-49 \u00e9 a nossa campe\u00e3 de Sativa de elei\u00e7\u00e3o para quem procura um estimulante de humor fant\u00e1stico com uma energia forte.<\/p>\n<p>Como esta rapariga s\u00f3 tem aspectos positivos, convidamo-lo a desfrutar do seu sabor subtilmente picante e a descobrir todas as grandes qualidades que ela pode oferecer \u00e0 sua vida! Os simp\u00e1ticos bot\u00f5es de cor verde v\u00eam cobertos de p\u00ealos cor de laranja; sem esquecer que esta senhora tem algo no seu interior que tornar\u00e1 a experi\u00eancia ainda mais agrad\u00e1vel: uma mistura complexa de canabin\u00f3ides e terpenos.<\/p>\n<p>Por isso, n\u00e3o hesite - encomende j\u00e1 a sua Mistress!<\/p>","protected":false},"excerpt":{"rendered":"<p>Sendo um cruzamento da Vision Seeds Lamb's Breath e da variedade de can\u00e1bis AK-49, esta senhora pode ser considerada t\u00e3o divertida como um despertador numa quinta-feira de manh\u00e3. Poderosa com uma s\u00e9ria influ\u00eancia Sativa, far\u00e1 com que te apaixones por ela se estiveres de mau humor. Os verdes v\u00edvidos tornar-se-iam todos os tons de verde depois de olhar para eles durante muito tempo devido aos grandes n\u00edveis de THC combinados com altos n\u00edveis de outros canabin\u00f3ides. Uma variedade de can\u00e1bis definitivamente obrigat\u00f3ria!<\/p>","protected":false},"featured_media":36488,"template":"","meta":[],"product_brand":[],"product_cat":[546,297,549,548,638],"product_tag":[],"class_list":{"0":"post-36459","1":"product","2":"type-product","3":"status-publish","4":"has-post-thumbnail","6":"product_cat-seedshop","7":"product_cat-all-products","8":"product_cat-feminized-seeds","9":"product_cat-high-thc-seeds","10":"product_cat-vision-seeds","11":"product_shipping_class-creditcard-on","13":"first","14":"instock","15":"taxable","16":"shipping-taxable","17":"purchasable","18":"product-type-variable","19":"has-default-attributes"},"_links":{"self":[{"href":"https:\/\/www.tatanka.nl\/pt\/wp-json\/wp\/v2\/product\/36459","targetHints":{"allow":["GET"]}}],"collection":[{"href":"https:\/\/www.tatanka.nl\/pt\/wp-json\/wp\/v2\/product"}],"about":[{"href":"https:\/\/www.tatanka.nl\/pt\/wp-json\/wp\/v2\/types\/product"}],"wp:featuredmedia":[{"embeddable":true,"href":"https:\/\/www.tatanka.nl\/pt\/wp-json\/wp\/v2\/media\/36488"}],"wp:attachment":[{"href":"https:\/\/www.tatanka.nl\/pt\/wp-json\/wp\/v2\/media?parent=36459"}],"wp:term":[{"taxonomy":"product_brand","embeddable":true,"href":"https:\/\/www.tatanka.nl\/pt\/wp-json\/wp\/v2\/product_brand?post=36459"},{"taxonomy":"product_cat","embeddable":true,"href":"https:\/\/www.tatanka.nl\/pt\/wp-json\/wp\/v2\/product_cat?post=36459"},{"taxonomy":"product_tag","embeddable":true,"href":"https:\/\/www.tatanka.nl\/pt\/wp-json\/wp\/v2\/product_tag?post=36459"}],"curies":[{"name":"wp","href":"https:\/\/api.w.org\/{rel}","templated":true}]}}