{"id":36460,"date":"2025-01-30T17:36:27","date_gmt":"2025-01-30T16:36:27","guid":{"rendered":"https:\/\/www.tatanka.nl\/?post_type=product&#038;p=36460"},"modified":"2025-05-16T14:40:20","modified_gmt":"2025-05-16T13:40:20","slug":"la-blanca-gold","status":"publish","type":"product","link":"https:\/\/www.tatanka.nl\/pt\/la-blanca-gold\/","title":{"rendered":"La Blanca Gold - Sementes de vis\u00e3o"},"content":{"rendered":"<h2><span data-sheets-value=\"{&quot;1&quot;:2,&quot;2&quot;:&quot;AK-49&quot;}\" data-sheets-userformat=\"{&quot;2&quot;:14915,&quot;3&quot;:{&quot;1&quot;:0},&quot;4&quot;:{&quot;1&quot;:2,&quot;2&quot;:16773836},&quot;9&quot;:0,&quot;12&quot;:0,&quot;14&quot;:{&quot;1&quot;:2,&quot;2&quot;:0},&quot;15&quot;:&quot;docs-Calibri&quot;,&quot;16&quot;:12}\">La Blanca Gold<\/span>\u00a0Sementes de can\u00e1bis da Vision Seeds<\/h2>\n<p>A Vision Seeds La Blanca Gold \u00e9 uma rainha m\u00e1 de todas as coisas pegajosas que apresenta n\u00edveis de produ\u00e7\u00e3o de resina atrav\u00e9s do telhado e oferece algum CBD muito elevado que ainda a torna vi\u00e1vel para certas necessidades m\u00e9dicas. Esta senhora adora crescer com alguns rendimentos abaixo da m\u00e9dia cobertos de cristais. Se est\u00e1s \u00e0 procura de uma experi\u00eancia de fumar mais din\u00e2mica com um equil\u00edbrio agrad\u00e1vel de CBD\/THC, esta senhora pode ser a tua nova melhor amiga.<\/p>\n<p>A La Blanca Gold \u00e9 um bot\u00e3o com um aroma e sabor floral terroso e crocante. Os efeitos s\u00e3o bem equilibrados, induzindo a sensa\u00e7\u00e3o de eleva\u00e7\u00e3o e energia sem ser demasiado prepotente. O teor de THC desta variedade vai fazer-te adormecer sem problemas; 2 horas ap\u00f3s a indulg\u00eancia estar\u00e1s a sonhar como a vida pode ser bela mesmo em tempos dif\u00edceis.<\/p>","protected":false},"excerpt":{"rendered":"<p>A La Blanca Gold \u00e9 uma nova e interessante variedade de can\u00e1bis h\u00edbrida que se reflecte no mundo das fant\u00e1sticas gen\u00e9ticas de variedades de can\u00e1bis da Vision Seeds. A mistura perfeita de THC e CBD para algumas grandes necessidades medicinais, ao mesmo tempo que \u00e9 divertida de cultivar com alguns rendimentos doces! Uma experi\u00eancia obrigat\u00f3ria!<\/p>","protected":false},"featured_media":36489,"template":"","meta":[],"product_brand":[],"product_cat":[546,297,549,638],"product_tag":[],"class_list":{"0":"post-36460","1":"product","2":"type-product","3":"status-publish","4":"has-post-thumbnail","6":"product_cat-seedshop","7":"product_cat-all-products","8":"product_cat-feminized-seeds","9":"product_cat-vision-seeds","10":"product_shipping_class-creditcard-on","12":"first","13":"instock","14":"taxable","15":"shipping-taxable","16":"purchasable","17":"product-type-variable","18":"has-default-attributes"},"_links":{"self":[{"href":"https:\/\/www.tatanka.nl\/pt\/wp-json\/wp\/v2\/product\/36460","targetHints":{"allow":["GET"]}}],"collection":[{"href":"https:\/\/www.tatanka.nl\/pt\/wp-json\/wp\/v2\/product"}],"about":[{"href":"https:\/\/www.tatanka.nl\/pt\/wp-json\/wp\/v2\/types\/product"}],"wp:featuredmedia":[{"embeddable":true,"href":"https:\/\/www.tatanka.nl\/pt\/wp-json\/wp\/v2\/media\/36489"}],"wp:attachment":[{"href":"https:\/\/www.tatanka.nl\/pt\/wp-json\/wp\/v2\/media?parent=36460"}],"wp:term":[{"taxonomy":"product_brand","embeddable":true,"href":"https:\/\/www.tatanka.nl\/pt\/wp-json\/wp\/v2\/product_brand?post=36460"},{"taxonomy":"product_cat","embeddable":true,"href":"https:\/\/www.tatanka.nl\/pt\/wp-json\/wp\/v2\/product_cat?post=36460"},{"taxonomy":"product_tag","embeddable":true,"href":"https:\/\/www.tatanka.nl\/pt\/wp-json\/wp\/v2\/product_tag?post=36460"}],"curies":[{"name":"wp","href":"https:\/\/api.w.org\/{rel}","templated":true}]}}