{"id":36461,"date":"2025-01-30T17:36:28","date_gmt":"2025-01-30T16:36:28","guid":{"rendered":"https:\/\/www.tatanka.nl\/?post_type=product&#038;p=36461"},"modified":"2025-05-16T14:38:34","modified_gmt":"2025-05-16T13:38:34","slug":"medical-49-cbd","status":"publish","type":"product","link":"https:\/\/www.tatanka.nl\/pt\/medical-49-cbd\/","title":{"rendered":"Medical 49 (CBD+) - Sementes de vis\u00e3o"},"content":{"rendered":"<h2><span data-sheets-value=\"{&quot;1&quot;:2,&quot;2&quot;:&quot;Medical 49 (CBD+)&quot;}\" data-sheets-userformat=\"{&quot;2&quot;:6723,&quot;3&quot;:{&quot;1&quot;:0},&quot;4&quot;:{&quot;1&quot;:2,&quot;2&quot;:16043212},&quot;9&quot;:0,&quot;12&quot;:0,&quot;14&quot;:{&quot;1&quot;:2,&quot;2&quot;:0},&quot;15&quot;:&quot;Arial&quot;}\">Medical 49 (CBD+) <\/span>Sementes de can\u00e1bis da Vision Seeds<\/h2>\n<p>A Medical 49 CBD+ foi concebida para pacientes em busca de uma excelente variedade de can\u00e1bis medicinal que possa ajudar com doen\u00e7as f\u00edsicas e mentais. Tem baixo teor de THC, mas alto teor de CBD, o que a torna perfeita para quem procura al\u00edvio da ansiedade ou do stress.<\/p>\n<p>Desde que foi lan\u00e7ada pela primeira vez, esta variedade tem sido a favorita de muitos. As variedades de can\u00e1bis Medical 49 CBD+ tendem a aliviar a tens\u00e3o e a ajudar as pessoas a sentirem-se menos ansiosas ou stressadas; mas n\u00e3o \u00e9 s\u00f3 isso que estas pequenas belezas fazem! Existem alguns benef\u00edcios m\u00e9dicos muito legais associados a essas cepas - como para n\u00e1useas!<\/p>\n<p>Se procura al\u00edvio para qualquer dor no corpo (especialmente dores de cabe\u00e7a), recomendamos que d\u00ea uma passa. Esta planta espantosa foi criada seletivamente para proporcionar tudo o que<\/p>","protected":false},"excerpt":{"rendered":"<p>Vision Seeds Medical 49 CBD+ - uma das melhores variedades de can\u00e1bis para quem procura aliviar a ansiedade e o stress. Baixo THC, alto CBD. \u00d3timo para pessoas que precisam de al\u00edvio de n\u00e1useas ou mesmo de dores. Se acha que a can\u00e1bis pode ser um grande apoio para si, esta \u00e9 a variedade a cultivar. O nome diz tudo, certo?<\/p>","protected":false},"featured_media":36490,"template":"","meta":[],"product_brand":[],"product_cat":[546,297,551,549,550,638],"product_tag":[],"class_list":{"0":"post-36461","1":"product","2":"type-product","3":"status-publish","4":"has-post-thumbnail","6":"product_cat-seedshop","7":"product_cat-all-products","8":"product_cat-cbd-seeds","9":"product_cat-feminized-seeds","10":"product_cat-seedshop-top-10","11":"product_cat-vision-seeds","12":"product_shipping_class-creditcard-on","14":"first","15":"instock","16":"taxable","17":"shipping-taxable","18":"purchasable","19":"product-type-variable","20":"has-default-attributes"},"_links":{"self":[{"href":"https:\/\/www.tatanka.nl\/pt\/wp-json\/wp\/v2\/product\/36461","targetHints":{"allow":["GET"]}}],"collection":[{"href":"https:\/\/www.tatanka.nl\/pt\/wp-json\/wp\/v2\/product"}],"about":[{"href":"https:\/\/www.tatanka.nl\/pt\/wp-json\/wp\/v2\/types\/product"}],"wp:featuredmedia":[{"embeddable":true,"href":"https:\/\/www.tatanka.nl\/pt\/wp-json\/wp\/v2\/media\/36490"}],"wp:attachment":[{"href":"https:\/\/www.tatanka.nl\/pt\/wp-json\/wp\/v2\/media?parent=36461"}],"wp:term":[{"taxonomy":"product_brand","embeddable":true,"href":"https:\/\/www.tatanka.nl\/pt\/wp-json\/wp\/v2\/product_brand?post=36461"},{"taxonomy":"product_cat","embeddable":true,"href":"https:\/\/www.tatanka.nl\/pt\/wp-json\/wp\/v2\/product_cat?post=36461"},{"taxonomy":"product_tag","embeddable":true,"href":"https:\/\/www.tatanka.nl\/pt\/wp-json\/wp\/v2\/product_tag?post=36461"}],"curies":[{"name":"wp","href":"https:\/\/api.w.org\/{rel}","templated":true}]}}