{"id":36462,"date":"2025-01-30T17:36:28","date_gmt":"2025-01-30T16:36:28","guid":{"rendered":"https:\/\/www.tatanka.nl\/?post_type=product&#038;p=36462"},"modified":"2025-05-16T14:38:36","modified_gmt":"2025-05-16T13:38:36","slug":"mighty-mango-bud","status":"publish","type":"product","link":"https:\/\/www.tatanka.nl\/pt\/mighty-mango-bud\/","title":{"rendered":"Mighty Mango Bud - Sementes de vis\u00e3o"},"content":{"rendered":"<h2><span data-sheets-value=\"{&quot;1&quot;:2,&quot;2&quot;:&quot;Mighty Mango Bud&quot;}\" data-sheets-userformat=\"{&quot;2&quot;:6723,&quot;3&quot;:{&quot;1&quot;:0},&quot;4&quot;:{&quot;1&quot;:2,&quot;2&quot;:16773836},&quot;9&quot;:0,&quot;12&quot;:0,&quot;14&quot;:{&quot;1&quot;:2,&quot;2&quot;:0},&quot;15&quot;:&quot;Arial&quot;}\">Mighty Mango Bud<\/span> Sementes de can\u00e1bis da Vision Seeds<\/h2>\n<p>Quando se precisa de algo que \u00e9 \u00f3timo para relaxar e acalmar de uma forma pegajosa e alta de sativa, a Mighty Mango Bud Cannabis Strain estar\u00e1 sempre presente com os efeitos certos proporcionados pela sua mistura de terra. Vai dar por si a dan\u00e7ar ao som de m\u00fasicas ou projectos que est\u00e1 a tentar terminar.<\/p>\n<p>Quem n\u00e3o gosta de um h\u00edbrido de planta de can\u00e1bis fresco e doce de manga a banquetear-se com as suas papilas gustativas? A variedade de can\u00e1bis Mighty Mango Bud da Vision Seeds \u00e9 o melhor dos dois mundos - uma can\u00e1bis de frutos silvestres com domin\u00e2ncia \u00cdndica que cuidar\u00e1 do seu corpo ao mesmo tempo que lhe d\u00e1 um efeito cerebral alegre.<\/p>","protected":false},"excerpt":{"rendered":"<p>A variedade de can\u00e1bis Mighty Mango Bud da Vision Seeds \u00e9 o melhor de dois mundos - uma can\u00e1bis com frutos silvestres com domin\u00e2ncia de \u00cdndica que cuidar\u00e1 do seu corpo enquanto estreia um efeito cerebral alegre. N\u00e3o adoras estas suculentas e doces baforadas de can\u00e1bis? Niam!<\/p>","protected":false},"featured_media":36491,"template":"","meta":[],"product_brand":[],"product_cat":[546,297,549,548,638],"product_tag":[],"class_list":{"0":"post-36462","1":"product","2":"type-product","3":"status-publish","4":"has-post-thumbnail","6":"product_cat-seedshop","7":"product_cat-all-products","8":"product_cat-feminized-seeds","9":"product_cat-high-thc-seeds","10":"product_cat-vision-seeds","11":"product_shipping_class-creditcard-on","13":"first","14":"instock","15":"taxable","16":"shipping-taxable","17":"purchasable","18":"product-type-variable","19":"has-default-attributes"},"_links":{"self":[{"href":"https:\/\/www.tatanka.nl\/pt\/wp-json\/wp\/v2\/product\/36462","targetHints":{"allow":["GET"]}}],"collection":[{"href":"https:\/\/www.tatanka.nl\/pt\/wp-json\/wp\/v2\/product"}],"about":[{"href":"https:\/\/www.tatanka.nl\/pt\/wp-json\/wp\/v2\/types\/product"}],"wp:featuredmedia":[{"embeddable":true,"href":"https:\/\/www.tatanka.nl\/pt\/wp-json\/wp\/v2\/media\/36491"}],"wp:attachment":[{"href":"https:\/\/www.tatanka.nl\/pt\/wp-json\/wp\/v2\/media?parent=36462"}],"wp:term":[{"taxonomy":"product_brand","embeddable":true,"href":"https:\/\/www.tatanka.nl\/pt\/wp-json\/wp\/v2\/product_brand?post=36462"},{"taxonomy":"product_cat","embeddable":true,"href":"https:\/\/www.tatanka.nl\/pt\/wp-json\/wp\/v2\/product_cat?post=36462"},{"taxonomy":"product_tag","embeddable":true,"href":"https:\/\/www.tatanka.nl\/pt\/wp-json\/wp\/v2\/product_tag?post=36462"}],"curies":[{"name":"wp","href":"https:\/\/api.w.org\/{rel}","templated":true}]}}