{"id":36464,"date":"2025-01-30T17:36:28","date_gmt":"2025-01-30T16:36:28","guid":{"rendered":"https:\/\/www.tatanka.nl\/?post_type=product&#038;p=36464"},"modified":"2025-05-16T14:38:44","modified_gmt":"2025-05-16T13:38:44","slug":"northern-lights","status":"publish","type":"product","link":"https:\/\/www.tatanka.nl\/pt\/northern-lights\/","title":{"rendered":"Northern Lights - Sementes de vis\u00e3o"},"content":{"rendered":"<h2><span data-sheets-value=\"{&quot;1&quot;:2,&quot;2&quot;:&quot;Northern Lights&quot;}\" data-sheets-userformat=\"{&quot;2&quot;:6723,&quot;3&quot;:{&quot;1&quot;:0},&quot;4&quot;:{&quot;1&quot;:2,&quot;2&quot;:15120559},&quot;9&quot;:0,&quot;12&quot;:0,&quot;14&quot;:{&quot;1&quot;:2,&quot;2&quot;:0},&quot;15&quot;:&quot;Arial&quot;}\">Northern Lights<\/span> Sementes de can\u00e1bis da Vision Seeds<\/h2>\n<p>Desfrute da sensa\u00e7\u00e3o cl\u00e1ssica da can\u00e1bis da velha escola com esta Northern Lights Cannabis Strain! Desde as flores de cheiro doce at\u00e9 aos efeitos corporais pesados e let\u00e1rgicos de que desfrutar\u00e1, esta \u00cdndica \u00e9 uma obriga\u00e7\u00e3o para os cultivadores de interior e exterior.<\/p>\n<p>\u00c0 semelhan\u00e7a do seu sabor doce, que vais adorar ou odiar, a Northern Lights tem uma variedade de \u00cdndica que te vai deixar de boca aberta, com aromas pungentes e doces que se prolongam por toda a transa\u00e7\u00e3o! Esta variedade de \u00cdndica pesada proporciona uma produ\u00e7\u00e3o de resina gordurosa e exuberante; para n\u00e3o mencionar que a sua pot\u00eancia suave de THC desperta o teu apetite como nenhuma outra esp\u00e9cie. Os principiantes devem ter cuidado porque esta erva \u00e9 muito forte. N\u00f3s avis\u00e1mos-te!<\/p>\n<p>Quem disse que as variedades Indica n\u00e3o podem ser divertidas? Baptizada com o nome da Aurora Boreal, esta variedade gelada lev\u00e1-lo-\u00e1 numa viagem \u00e0s noites nubladas de dias passados. A sua gen\u00e9tica potente combina com outras estirpes deliciosamente malucas que s\u00e3o as melhores para as papilas gustativas. Tudo embalado firmemente em bot\u00f5es densos e de tamanho m\u00e9dio, transbordando com um sabor de dar \u00e1gua na boca - criando algo irresist\u00edvel! Experimentar\u00e1s uma intensa onda de relaxamento que durar\u00e1 muito para al\u00e9m do primeiro efeito.<\/p>","protected":false},"excerpt":{"rendered":"<p>A Northern Lights Cannabis Strain \u00e9 uma das variedades mais populares em todo o mundo e por duas raz\u00f5es principais: \u00e9 f\u00e1cil de cultivar e produz efeitos narc\u00f3ticos \u00fanicos. Com uma estatura m\u00e9dia, esta senhora pode produzir bot\u00f5es de can\u00e1bis de alta qualidade com um r\u00e1cio flor-folha elevado para cultivadores experientes.<\/p>","protected":false},"featured_media":36493,"template":"","meta":[],"product_brand":[],"product_cat":[546,297,549,548,638],"product_tag":[],"class_list":{"0":"post-36464","1":"product","2":"type-product","3":"status-publish","4":"has-post-thumbnail","6":"product_cat-seedshop","7":"product_cat-all-products","8":"product_cat-feminized-seeds","9":"product_cat-high-thc-seeds","10":"product_cat-vision-seeds","11":"product_shipping_class-creditcard-on","13":"first","14":"instock","15":"taxable","16":"shipping-taxable","17":"purchasable","18":"product-type-variable","19":"has-default-attributes"},"_links":{"self":[{"href":"https:\/\/www.tatanka.nl\/pt\/wp-json\/wp\/v2\/product\/36464","targetHints":{"allow":["GET"]}}],"collection":[{"href":"https:\/\/www.tatanka.nl\/pt\/wp-json\/wp\/v2\/product"}],"about":[{"href":"https:\/\/www.tatanka.nl\/pt\/wp-json\/wp\/v2\/types\/product"}],"wp:featuredmedia":[{"embeddable":true,"href":"https:\/\/www.tatanka.nl\/pt\/wp-json\/wp\/v2\/media\/36493"}],"wp:attachment":[{"href":"https:\/\/www.tatanka.nl\/pt\/wp-json\/wp\/v2\/media?parent=36464"}],"wp:term":[{"taxonomy":"product_brand","embeddable":true,"href":"https:\/\/www.tatanka.nl\/pt\/wp-json\/wp\/v2\/product_brand?post=36464"},{"taxonomy":"product_cat","embeddable":true,"href":"https:\/\/www.tatanka.nl\/pt\/wp-json\/wp\/v2\/product_cat?post=36464"},{"taxonomy":"product_tag","embeddable":true,"href":"https:\/\/www.tatanka.nl\/pt\/wp-json\/wp\/v2\/product_tag?post=36464"}],"curies":[{"name":"wp","href":"https:\/\/api.w.org\/{rel}","templated":true}]}}