{"id":36466,"date":"2025-01-30T17:36:28","date_gmt":"2025-01-30T16:36:28","guid":{"rendered":"https:\/\/www.tatanka.nl\/?post_type=product&#038;p=36466"},"modified":"2025-05-16T14:38:55","modified_gmt":"2025-05-16T13:38:55","slug":"pure-gelato","status":"publish","type":"product","link":"https:\/\/www.tatanka.nl\/pt\/pure-gelato\/","title":{"rendered":"Pure Gelato - Sementes de vis\u00e3o"},"content":{"rendered":"<h2><span data-sheets-value=\"{&quot;1&quot;:2,&quot;2&quot;:&quot;Pure Gelato&quot;}\" data-sheets-userformat=\"{&quot;2&quot;:6723,&quot;3&quot;:{&quot;1&quot;:0},&quot;4&quot;:{&quot;1&quot;:2,&quot;2&quot;:15389148},&quot;9&quot;:0,&quot;12&quot;:0,&quot;14&quot;:{&quot;1&quot;:2,&quot;2&quot;:0},&quot;15&quot;:&quot;Arial&quot;}\">Pure Gelato <\/span>Sementes de can\u00e1bis da Vision Seeds<\/h2>\n<p>Bem-vindo ao mundo do puro gelato! Com o nome do seu sabor delicioso e cremoso, esta variedade de can\u00e1bis criada nos EUA promete nada mais do que doces no ponto. Com uma composi\u00e7\u00e3o gen\u00e9tica 75% de estirpes dominantes de Sativa, \u00e9 para fumadores ousados e novos que procuram um excelente efeito. Espere aromas extremos com tons de menta fresca, enquanto se surpreende com o qu\u00e3o bem a sua mente se sentir\u00e1 - provavelmente devido ao seu 30% Indica DNA, o que significa que n\u00e3o ter\u00e1 de se preocupar com seda\u00e7\u00e3o pesada ou desistir da criatividade devido ao mau humor. O nosso Pure Gelato tem algo dispon\u00edvel para todos - quer se sinta frutado ou precise de algum THC a entrar no seu sistema, ent\u00e3o prepare-se, esta rapariga tem poder sob esse cheiro doce. Estamos a falar de um verdadeiro poder!<\/p>\n<p>A Vision Seeds Pure Gelato est\u00e1 preparada para ser a sua variedade favorita para este inverno. Quando se precisa de algo que possa manter a noite a rolar - esta variedade n\u00e3o ir\u00e1 certamente desapontar com os seus altos n\u00edveis de THC, zumbido de cabe\u00e7a clara e sabores subtis de longa dura\u00e7\u00e3o.<\/p>","protected":false},"excerpt":{"rendered":"<p>Meninas e meninos, existe agora uma variedade de Pure Gelato que n\u00e3o sabe apenas a gelado, mas tamb\u00e9m te deixa \"pedrado\"! Mas aten\u00e7\u00e3o - esta senhora garanh\u00e3o tem muito mais THC do que a sua h\u00edbrida comum! Quer seja um utilizador de can\u00e1bis pela primeira vez, um consumidor ocasional ou esteja sempre \u00e0 procura de algo novo, \u00e9 dif\u00edcil n\u00e3o ficar entusiasmado com todo o sabor que esta variedade de frutos silvestres lhe vai proporcionar. O melhor dos dois mundos? Sim.<\/p>","protected":false},"featured_media":36495,"template":"","meta":[],"product_brand":[],"product_cat":[546,297,549,548,550,552,638],"product_tag":[],"class_list":{"0":"post-36466","1":"product","2":"type-product","3":"status-publish","4":"has-post-thumbnail","6":"product_cat-seedshop","7":"product_cat-all-products","8":"product_cat-feminized-seeds","9":"product_cat-high-thc-seeds","10":"product_cat-seedshop-top-10","11":"product_cat-usa-seeds","12":"product_cat-vision-seeds","13":"product_shipping_class-creditcard-on","15":"first","16":"instock","17":"taxable","18":"shipping-taxable","19":"purchasable","20":"product-type-variable","21":"has-default-attributes"},"_links":{"self":[{"href":"https:\/\/www.tatanka.nl\/pt\/wp-json\/wp\/v2\/product\/36466","targetHints":{"allow":["GET"]}}],"collection":[{"href":"https:\/\/www.tatanka.nl\/pt\/wp-json\/wp\/v2\/product"}],"about":[{"href":"https:\/\/www.tatanka.nl\/pt\/wp-json\/wp\/v2\/types\/product"}],"wp:featuredmedia":[{"embeddable":true,"href":"https:\/\/www.tatanka.nl\/pt\/wp-json\/wp\/v2\/media\/36495"}],"wp:attachment":[{"href":"https:\/\/www.tatanka.nl\/pt\/wp-json\/wp\/v2\/media?parent=36466"}],"wp:term":[{"taxonomy":"product_brand","embeddable":true,"href":"https:\/\/www.tatanka.nl\/pt\/wp-json\/wp\/v2\/product_brand?post=36466"},{"taxonomy":"product_cat","embeddable":true,"href":"https:\/\/www.tatanka.nl\/pt\/wp-json\/wp\/v2\/product_cat?post=36466"},{"taxonomy":"product_tag","embeddable":true,"href":"https:\/\/www.tatanka.nl\/pt\/wp-json\/wp\/v2\/product_tag?post=36466"}],"curies":[{"name":"wp","href":"https:\/\/api.w.org\/{rel}","templated":true}]}}