{"id":36467,"date":"2025-01-30T17:36:28","date_gmt":"2025-01-30T16:36:28","guid":{"rendered":"https:\/\/www.tatanka.nl\/?post_type=product&#038;p=36467"},"modified":"2025-05-16T14:38:58","modified_gmt":"2025-05-16T13:38:58","slug":"russian-snow","status":"publish","type":"product","link":"https:\/\/www.tatanka.nl\/pt\/russian-snow\/","title":{"rendered":"Russian Snow - Sementes de vis\u00e3o"},"content":{"rendered":"<h2><span data-sheets-value=\"{&quot;1&quot;:2,&quot;2&quot;:&quot;Russian Snow&quot;}\" data-sheets-userformat=\"{&quot;2&quot;:6723,&quot;3&quot;:{&quot;1&quot;:0},&quot;4&quot;:{&quot;1&quot;:2,&quot;2&quot;:13689059},&quot;9&quot;:0,&quot;12&quot;:0,&quot;14&quot;:{&quot;1&quot;:2,&quot;2&quot;:0},&quot;15&quot;:&quot;Arial&quot;}\">Russian Snow<\/span> Sementes de can\u00e1bis da Vision Seeds<\/h2>\n<p>A Vision Seeds Russian Snow obt\u00e9m o seu nome \u00fanico de nada mais do que a contagem de tricomas brancos como a neve, que surpreender\u00e1 at\u00e9 o cultivador de can\u00e1bis mais experiente! Quem diria que o cruzamento da AK-49 com a White Widow traria resultados Indica t\u00e3o agrad\u00e1veis e poderosos...<\/p>\n<p>Com mais p\u00f3lvora do que seria necess\u00e1rio, esta rainha da neve cresce at\u00e9 uma altura m\u00e9dia com uma estatura apertada e depois brilha com topos de flores muito resinosos. Espera-se aquele aroma not\u00e1vel de AK-49 e White Widow cheio de notas doces. Quando se trata de a iluminar, o efeito que proporciona num efeito poderoso e duradouro \u00e9 de outro mundo!<\/p>\n<p>Desenvolvida na R\u00fassia, atrav\u00e9s do cruzamento da AK-97 com a White Widow. Os tricomas brancos finos tornam este sonho de rainha da neve numa realidade. A AK-97 \u00e9 poderosa e poderosa por si s\u00f3, enquanto a White Widow tem um sabor doce com os seus toques de fruta tropical. Esta rainha alcan\u00e7ar\u00e1 uma altura m\u00e9dia enquanto cresce bot\u00f5es grossos que recomendam o uso em interior ou estufa apenas para a desfrutar como realeza!<\/p>","protected":false},"excerpt":{"rendered":"<p>A AK-49 e a White Widow combinam-se para fazer esta espantosa variedade de can\u00e1bis Russian Snow! Esta rainha da neve brilha com uma poderosa contagem de resina e uma colheita incr\u00edvel. \u00c9 a mistura perfeita de pot\u00eancia, qualidade, rendimento e sabor. Alivie sua mente com uma euforia espacial que nunca ir\u00e1 dececionar. Qualquer pessoa que d\u00ea uma pancada com esta variedade de can\u00e1bis ficar\u00e1 com um efeito sonhador que pode lidar com qualquer n\u00edvel de stress!<\/p>","protected":false},"featured_media":36496,"template":"","meta":[],"product_brand":[],"product_cat":[546,297,549,548,638],"product_tag":[],"class_list":{"0":"post-36467","1":"product","2":"type-product","3":"status-publish","4":"has-post-thumbnail","6":"product_cat-seedshop","7":"product_cat-all-products","8":"product_cat-feminized-seeds","9":"product_cat-high-thc-seeds","10":"product_cat-vision-seeds","11":"product_shipping_class-creditcard-on","13":"first","14":"instock","15":"taxable","16":"shipping-taxable","17":"purchasable","18":"product-type-variable","19":"has-default-attributes"},"_links":{"self":[{"href":"https:\/\/www.tatanka.nl\/pt\/wp-json\/wp\/v2\/product\/36467","targetHints":{"allow":["GET"]}}],"collection":[{"href":"https:\/\/www.tatanka.nl\/pt\/wp-json\/wp\/v2\/product"}],"about":[{"href":"https:\/\/www.tatanka.nl\/pt\/wp-json\/wp\/v2\/types\/product"}],"wp:featuredmedia":[{"embeddable":true,"href":"https:\/\/www.tatanka.nl\/pt\/wp-json\/wp\/v2\/media\/36496"}],"wp:attachment":[{"href":"https:\/\/www.tatanka.nl\/pt\/wp-json\/wp\/v2\/media?parent=36467"}],"wp:term":[{"taxonomy":"product_brand","embeddable":true,"href":"https:\/\/www.tatanka.nl\/pt\/wp-json\/wp\/v2\/product_brand?post=36467"},{"taxonomy":"product_cat","embeddable":true,"href":"https:\/\/www.tatanka.nl\/pt\/wp-json\/wp\/v2\/product_cat?post=36467"},{"taxonomy":"product_tag","embeddable":true,"href":"https:\/\/www.tatanka.nl\/pt\/wp-json\/wp\/v2\/product_tag?post=36467"}],"curies":[{"name":"wp","href":"https:\/\/api.w.org\/{rel}","templated":true}]}}