{"id":36468,"date":"2025-01-30T17:36:29","date_gmt":"2025-01-30T16:36:29","guid":{"rendered":"https:\/\/www.tatanka.nl\/?post_type=product&#038;p=36468"},"modified":"2025-05-16T14:37:30","modified_gmt":"2025-05-16T13:37:30","slug":"silver-haze","status":"publish","type":"product","link":"https:\/\/www.tatanka.nl\/pt\/silver-haze\/","title":{"rendered":"Silver Haze - Sementes de vis\u00e3o"},"content":{"rendered":"<h2><span data-sheets-value=\"{&quot;1&quot;:2,&quot;2&quot;:&quot;Silver Haze&quot;}\" data-sheets-userformat=\"{&quot;2&quot;:6723,&quot;3&quot;:{&quot;1&quot;:0},&quot;4&quot;:{&quot;1&quot;:2,&quot;2&quot;:13624051},&quot;9&quot;:0,&quot;12&quot;:0,&quot;14&quot;:{&quot;1&quot;:2,&quot;2&quot;:0},&quot;15&quot;:&quot;Arial&quot;}\">Silver Haze<\/span> Sementes de can\u00e1bis da Vision Seeds<\/h2>\n<p>Considerada por alguns como uma das mais interessantes variedades de can\u00e1bis dispon\u00edveis, a Silver Haze \u00e9 uma mistura perfeita de gen\u00e9tica Indica e Sativa que te mant\u00e9m a rir o dia todo. Prepara-te para experimentares altos n\u00edveis criativos com um zumbido euf\u00f3rico e fortes efeitos cerebrais!<\/p>\n<p>A Silver Haze \u00e9 uma das variedades de haze de can\u00e1bis mais conhecidas por a\u00ed que far\u00e1 sempre qualquer amante de Sativa ficar louco! E a Vision Seeds Silver Haze \u00e9 uma haze que far\u00e1 qualquer amante de erva babar-se! Esta gen\u00e9tica popular vem do lado puro da Haze, mas tamb\u00e9m tem skunk e Northern Lights misturados.<\/p>\n<p>Isto d\u00e1-lhe um n\u00edvel moderado de THC com um grande efeito de riso. O efeito \u00e9 o que fez desta variedade um cl\u00e1ssico de todos os tempos: um forte zumbido cerebral para acompanhar os sentimentos euf\u00f3ricos despertados por algumas gargalhadas. As combina\u00e7\u00f5es de sabor a pinho\/fruta s\u00e3o fant\u00e1sticas, mas tamb\u00e9m aparecem notas muito picantes, o que pode ser avassalador para algumas pessoas.<\/p>","protected":false},"excerpt":{"rendered":"<p>Est\u00e1s \u00e0 procura de uma aventura intensa na tua pr\u00f3pria cabe\u00e7a? A Silver Haze est\u00e1 aqui, pronta para explodir mentes, abrindo as portas da perce\u00e7\u00e3o. Esta gen\u00e9tica Indica pesada cruza a Skunk e a Northern Lights com a Haze pura para obter um zumbido hardcore combinado com alguns altos introspectivos. Tu sabes que a queres!<\/p>","protected":false},"featured_media":36497,"template":"","meta":[],"product_brand":[],"product_cat":[546,297,549,638],"product_tag":[],"class_list":{"0":"post-36468","1":"product","2":"type-product","3":"status-publish","4":"has-post-thumbnail","6":"product_cat-seedshop","7":"product_cat-all-products","8":"product_cat-feminized-seeds","9":"product_cat-vision-seeds","10":"product_shipping_class-creditcard-on","12":"first","13":"instock","14":"taxable","15":"shipping-taxable","16":"purchasable","17":"product-type-variable","18":"has-default-attributes"},"_links":{"self":[{"href":"https:\/\/www.tatanka.nl\/pt\/wp-json\/wp\/v2\/product\/36468","targetHints":{"allow":["GET"]}}],"collection":[{"href":"https:\/\/www.tatanka.nl\/pt\/wp-json\/wp\/v2\/product"}],"about":[{"href":"https:\/\/www.tatanka.nl\/pt\/wp-json\/wp\/v2\/types\/product"}],"wp:featuredmedia":[{"embeddable":true,"href":"https:\/\/www.tatanka.nl\/pt\/wp-json\/wp\/v2\/media\/36497"}],"wp:attachment":[{"href":"https:\/\/www.tatanka.nl\/pt\/wp-json\/wp\/v2\/media?parent=36468"}],"wp:term":[{"taxonomy":"product_brand","embeddable":true,"href":"https:\/\/www.tatanka.nl\/pt\/wp-json\/wp\/v2\/product_brand?post=36468"},{"taxonomy":"product_cat","embeddable":true,"href":"https:\/\/www.tatanka.nl\/pt\/wp-json\/wp\/v2\/product_cat?post=36468"},{"taxonomy":"product_tag","embeddable":true,"href":"https:\/\/www.tatanka.nl\/pt\/wp-json\/wp\/v2\/product_tag?post=36468"}],"curies":[{"name":"wp","href":"https:\/\/api.w.org\/{rel}","templated":true}]}}