{"id":36469,"date":"2025-01-30T17:36:29","date_gmt":"2025-01-30T16:36:29","guid":{"rendered":"https:\/\/www.tatanka.nl\/?post_type=product&#038;p=36469"},"modified":"2025-05-16T14:37:38","modified_gmt":"2025-05-16T13:37:38","slug":"super-skunk","status":"publish","type":"product","link":"https:\/\/www.tatanka.nl\/pt\/super-skunk\/","title":{"rendered":"Super Skunk - Sementes de vis\u00e3o"},"content":{"rendered":"<h2><span data-sheets-value=\"{&quot;1&quot;:2,&quot;2&quot;:&quot;Super Skunk&quot;}\" data-sheets-userformat=\"{&quot;2&quot;:6723,&quot;3&quot;:{&quot;1&quot;:0},&quot;4&quot;:{&quot;1&quot;:2,&quot;2&quot;:14281427},&quot;9&quot;:0,&quot;12&quot;:0,&quot;14&quot;:{&quot;1&quot;:2,&quot;2&quot;:0},&quot;15&quot;:&quot;Arial&quot;}\">Super Skunk<\/span> Sementes de can\u00e1bis da Vision Seeds<\/h2>\n<p>A Super Skunk da Vision Seeds \u00e9 uma \u00f3ptima escolha para cultivadores de variedades cl\u00e1ssicas e da velha guarda, e tamb\u00e9m para principiantes. Com n\u00edveis de THC tendencialmente mais baixos do que a m\u00e9dia, a Super Skunk \u00e9 perfeita para entusiastas de can\u00e1bis muito sens\u00edveis que procuram reduzir a possibilidade de se sentirem demasiado estimulados.<\/p>\n<p>O<span style=\"font-size: 14.4px;\">\u00a0o desempenho geral da planta permanece bastante est\u00e1vel; embora sejam necess\u00e1rias cerca de 9 semanas a partir da fase de pl\u00e2ntula antes de se tentar qualquer outra cultura, como transplantes ao n\u00edvel do rebento ou da raiz, a fim de evitar a indu\u00e7\u00e3o de efeitos de choque. O sabor? Bem, adivinhaste: skunky!<\/span><\/p>\n<p>Uma das melhores variedades para principiantes e tamb\u00e9m uma \u00f3ptima escolha para cultivadores regulares que querem manter as coisas discretas. Ela produz grandes bot\u00f5es dominantes de \u00cdndica que lhe proporcionar\u00e3o um fumo realmente relaxante enquanto cheira a skunk!<\/p>","protected":false},"excerpt":{"rendered":"<p>A Vision Seeds Super Skunk \u00e9 a variedade de can\u00e1bis perfeita para cultivadores principiantes! Bot\u00f5es dominantes indica de alta qualidade e f\u00e1ceis de cultivar para principiantes, aqui vamos n\u00f3s! O que \u00e9 que tem de t\u00e3o bom? A Super Skunk tem um dos melhores sabores de erva que alguma vez experimentar\u00e1... a s\u00e9rio. Se isto n\u00e3o soa como a sua ch\u00e1vena de ch\u00e1, encontre outra estirpe no nosso site, mas os amantes de can\u00e1bis skunky e cheesy adoram muito este cl\u00e1ssico!<\/p>","protected":false},"featured_media":36498,"template":"","meta":[],"product_brand":[],"product_cat":[546,297,549,550,638],"product_tag":[],"class_list":{"0":"post-36469","1":"product","2":"type-product","3":"status-publish","4":"has-post-thumbnail","6":"product_cat-seedshop","7":"product_cat-all-products","8":"product_cat-feminized-seeds","9":"product_cat-seedshop-top-10","10":"product_cat-vision-seeds","11":"product_shipping_class-creditcard-on","13":"first","14":"instock","15":"taxable","16":"shipping-taxable","17":"purchasable","18":"product-type-variable","19":"has-default-attributes"},"_links":{"self":[{"href":"https:\/\/www.tatanka.nl\/pt\/wp-json\/wp\/v2\/product\/36469","targetHints":{"allow":["GET"]}}],"collection":[{"href":"https:\/\/www.tatanka.nl\/pt\/wp-json\/wp\/v2\/product"}],"about":[{"href":"https:\/\/www.tatanka.nl\/pt\/wp-json\/wp\/v2\/types\/product"}],"wp:featuredmedia":[{"embeddable":true,"href":"https:\/\/www.tatanka.nl\/pt\/wp-json\/wp\/v2\/media\/36498"}],"wp:attachment":[{"href":"https:\/\/www.tatanka.nl\/pt\/wp-json\/wp\/v2\/media?parent=36469"}],"wp:term":[{"taxonomy":"product_brand","embeddable":true,"href":"https:\/\/www.tatanka.nl\/pt\/wp-json\/wp\/v2\/product_brand?post=36469"},{"taxonomy":"product_cat","embeddable":true,"href":"https:\/\/www.tatanka.nl\/pt\/wp-json\/wp\/v2\/product_cat?post=36469"},{"taxonomy":"product_tag","embeddable":true,"href":"https:\/\/www.tatanka.nl\/pt\/wp-json\/wp\/v2\/product_tag?post=36469"}],"curies":[{"name":"wp","href":"https:\/\/api.w.org\/{rel}","templated":true}]}}