{"id":36470,"date":"2025-01-30T17:36:29","date_gmt":"2025-01-30T16:36:29","guid":{"rendered":"https:\/\/www.tatanka.nl\/?post_type=product&#038;p=36470"},"modified":"2025-05-16T14:37:41","modified_gmt":"2025-05-16T13:37:41","slug":"limao-supremo","status":"publish","type":"product","link":"https:\/\/www.tatanka.nl\/pt\/supreme-lemon\/","title":{"rendered":"Supreme Lemon - Sementes de vis\u00e3o"},"content":{"rendered":"<h2><span data-sheets-value=\"{&quot;1&quot;:2,&quot;2&quot;:&quot;Supreme Lemon&quot;}\" data-sheets-userformat=\"{&quot;2&quot;:6723,&quot;3&quot;:{&quot;1&quot;:0},&quot;4&quot;:{&quot;1&quot;:2,&quot;2&quot;:16573901},&quot;9&quot;:0,&quot;12&quot;:0,&quot;14&quot;:{&quot;1&quot;:2,&quot;2&quot;:0},&quot;15&quot;:&quot;Arial&quot;}\">Supreme Lemon<\/span> Sementes de can\u00e1bis da Vision Seeds<\/h2>\n<p>A Supreme Lemon \u00e9 uma h\u00edbrida pura com predomin\u00e2ncia de sativa, baseada na criatividade original da Vision Seeds. Resulta do cruzamento da Haze (adorada pelo seu zumbido suave) com uma das variedades modernas mais populares em todo o mundo, a Lemon Skunk. Com os seus n\u00edveis elevados de THC e sabor neutro a can\u00e1bis, esta senhora \u00e9 boa para uma utiliza\u00e7\u00e3o energ\u00e9tica durante o dia; um utilizador experiente consider\u00e1-la-\u00e1 criativa e comunicativa, com um forte efeito socializante!<\/p>\n<p>Esta cultivar de can\u00e1bis \u00e9 um h\u00edbrido de duas lendas da can\u00e1bis. O cheiro e o sabor ser\u00e3o frescos, c\u00edtricos, com um sabor herb\u00e1ceo semelhante ao da verbena-lim\u00e3o ou do manjeric\u00e3o-lim\u00e3o.<\/p>\n<p>Ela tem uma composi\u00e7\u00e3o gen\u00e9tica s\u00e9ria - os pais Silver Haze e Lemon Skunk, que querem uma variedade extremamente potente para adicionar ao alinhamento?<\/p>\n<p>Toda a gente fala da frescura do seu sabor. Ela d\u00e1-te aquela grande explos\u00e3o de lim\u00e3o enquanto mant\u00e9m a sua domin\u00e2ncia Sativa sob controlo com um pedigree de cultivador de medalha de ouro. E ainda nem sequer fal\u00e1mos dos efeitos: Criatividade e energia em cada tragada!<\/p>","protected":false},"excerpt":{"rendered":"<p>Ol\u00e1! Esperamos que gostes de explorar coisas novas e, desta vez, temos algo incr\u00edvel para ti. Apresentamos-te a Supreme Lemon Cannabis Strain da Vision Seeds! Esta senhora \u00e9 um cruzamento entre Silver Haze e Lemon Skunk, por isso \u00e9 perfeita para quem j\u00e1 gosta destas variedades. Mas ainda fica melhor: A Supreme tem um n\u00edvel impressionante de THC e o melhor da gen\u00e9tica Sativa - proporcionando efeitos criativos e energizantes durante todo o dia. Precisamos de acrescentar mais?<\/p>","protected":false},"featured_media":36499,"template":"","meta":[],"product_brand":[],"product_cat":[546,297,549,548,638],"product_tag":[],"class_list":{"0":"post-36470","1":"product","2":"type-product","3":"status-publish","4":"has-post-thumbnail","6":"product_cat-seedshop","7":"product_cat-all-products","8":"product_cat-feminized-seeds","9":"product_cat-high-thc-seeds","10":"product_cat-vision-seeds","11":"product_shipping_class-creditcard-on","13":"first","14":"instock","15":"taxable","16":"shipping-taxable","17":"purchasable","18":"product-type-variable","19":"has-default-attributes"},"_links":{"self":[{"href":"https:\/\/www.tatanka.nl\/pt\/wp-json\/wp\/v2\/product\/36470","targetHints":{"allow":["GET"]}}],"collection":[{"href":"https:\/\/www.tatanka.nl\/pt\/wp-json\/wp\/v2\/product"}],"about":[{"href":"https:\/\/www.tatanka.nl\/pt\/wp-json\/wp\/v2\/types\/product"}],"wp:featuredmedia":[{"embeddable":true,"href":"https:\/\/www.tatanka.nl\/pt\/wp-json\/wp\/v2\/media\/36499"}],"wp:attachment":[{"href":"https:\/\/www.tatanka.nl\/pt\/wp-json\/wp\/v2\/media?parent=36470"}],"wp:term":[{"taxonomy":"product_brand","embeddable":true,"href":"https:\/\/www.tatanka.nl\/pt\/wp-json\/wp\/v2\/product_brand?post=36470"},{"taxonomy":"product_cat","embeddable":true,"href":"https:\/\/www.tatanka.nl\/pt\/wp-json\/wp\/v2\/product_cat?post=36470"},{"taxonomy":"product_tag","embeddable":true,"href":"https:\/\/www.tatanka.nl\/pt\/wp-json\/wp\/v2\/product_tag?post=36470"}],"curies":[{"name":"wp","href":"https:\/\/api.w.org\/{rel}","templated":true}]}}