{"id":36471,"date":"2025-01-30T17:36:29","date_gmt":"2025-01-30T16:36:29","guid":{"rendered":"https:\/\/www.tatanka.nl\/?post_type=product&#038;p=36471"},"modified":"2025-05-16T14:37:48","modified_gmt":"2025-05-16T13:37:48","slug":"tom-kush-og","status":"publish","type":"product","link":"https:\/\/www.tatanka.nl\/pt\/tom-kush-og\/","title":{"rendered":"Tom Kush OG - Sementes de vis\u00e3o"},"content":{"rendered":"<h2><span data-sheets-value=\"{&quot;1&quot;:2,&quot;2&quot;:&quot;Tom Kush OG&quot;}\" data-sheets-userformat=\"{&quot;2&quot;:6723,&quot;3&quot;:{&quot;1&quot;:0},&quot;4&quot;:{&quot;1&quot;:2,&quot;2&quot;:15120559},&quot;9&quot;:0,&quot;12&quot;:0,&quot;14&quot;:{&quot;1&quot;:2,&quot;2&quot;:0},&quot;15&quot;:&quot;Arial&quot;}\">Tom Kush OG<\/span> Sementes de can\u00e1bis da Vision Seeds<\/h2>\n<p>S\u00f3 h\u00e1 uma Tom Kush OG e \u00e9 esta! Espera uma mistura energizante de gen\u00e9tica sativa e indica que proporciona um efeito agrad\u00e1vel sem efeitos psicoactivos demasiado avassaladores. Como podes imaginar, este menino mau \u00e9 muito potente e d\u00e1 mais pontap\u00e9s do que a maioria das outras variedades no mercado.<\/p>\n<p>N\u00e3o h\u00e1 nada melhor do que isto para o p\u00f4r de bom humor durante o dia! Criada pela Vision Seeds, a Tom Kush OG Cannabis Strain \u00e9 uma variedade incrivelmente divertida e energizante que far\u00e1 com que os seus clientes se sintam fant\u00e1sticos. Quer se trate de tratar o stress ou a ansiedade ou de passear sem preocupa\u00e7\u00f5es, estes bot\u00f5es ir\u00e3o certamente proporcionar tudo o que os seus clientes procuram - uma sess\u00e3o de fumo maravilhosa at\u00e9 ao fim.<\/p>\n<p>Esta kush encantadora \u00e9 a ferramenta perfeita para a ansiedade intensa.<\/p>\n<p>O teu dia vai ser muito mais luminoso depois de passares algum tempo com esta joia! Esta erva poderosa combina os sabores c\u00edtricos e de pinho da OG Kush com uma mistura de madeira terrosa e, como b\u00f3nus adicional, n\u00e3o te vai deixar com a cabe\u00e7a enevoada. Oh n\u00e3o! Ela pode simplesmente sacudir o stress dos teus ombros cansados e transmitir aquelas vibra\u00e7\u00f5es felizes de que todos precisamos \u00e0s vezes. Uma planta \u00f3ptima e poderosa!<\/p>","protected":false},"excerpt":{"rendered":"<p>Se tem andado \u00e0 procura de uma verdadeira OG Kush da Am\u00e9rica do Norte, a Tom Kush vem em seu socorro. Esta OG Kush tem um THC de 22% e pode competir com alguns dos bot\u00f5es mais densos e resinosos do mercado! O aroma de lim\u00e3o azedo e pinho terroso faz com que seja um verdadeiro deleite para desfrutar. \u00c9 uma besta de uma planta que todos adoram cultivar!<\/p>","protected":false},"featured_media":36500,"template":"","meta":[],"product_brand":[],"product_cat":[546,297,549,548,552,638],"product_tag":[],"class_list":{"0":"post-36471","1":"product","2":"type-product","3":"status-publish","4":"has-post-thumbnail","6":"product_cat-seedshop","7":"product_cat-all-products","8":"product_cat-feminized-seeds","9":"product_cat-high-thc-seeds","10":"product_cat-usa-seeds","11":"product_cat-vision-seeds","12":"product_shipping_class-creditcard-on","14":"first","15":"instock","16":"taxable","17":"shipping-taxable","18":"purchasable","19":"product-type-variable","20":"has-default-attributes"},"_links":{"self":[{"href":"https:\/\/www.tatanka.nl\/pt\/wp-json\/wp\/v2\/product\/36471","targetHints":{"allow":["GET"]}}],"collection":[{"href":"https:\/\/www.tatanka.nl\/pt\/wp-json\/wp\/v2\/product"}],"about":[{"href":"https:\/\/www.tatanka.nl\/pt\/wp-json\/wp\/v2\/types\/product"}],"wp:featuredmedia":[{"embeddable":true,"href":"https:\/\/www.tatanka.nl\/pt\/wp-json\/wp\/v2\/media\/36500"}],"wp:attachment":[{"href":"https:\/\/www.tatanka.nl\/pt\/wp-json\/wp\/v2\/media?parent=36471"}],"wp:term":[{"taxonomy":"product_brand","embeddable":true,"href":"https:\/\/www.tatanka.nl\/pt\/wp-json\/wp\/v2\/product_brand?post=36471"},{"taxonomy":"product_cat","embeddable":true,"href":"https:\/\/www.tatanka.nl\/pt\/wp-json\/wp\/v2\/product_cat?post=36471"},{"taxonomy":"product_tag","embeddable":true,"href":"https:\/\/www.tatanka.nl\/pt\/wp-json\/wp\/v2\/product_tag?post=36471"}],"curies":[{"name":"wp","href":"https:\/\/api.w.org\/{rel}","templated":true}]}}