{"id":36472,"date":"2025-01-30T17:36:29","date_gmt":"2025-01-30T16:36:29","guid":{"rendered":"https:\/\/www.tatanka.nl\/?post_type=product&#038;p=36472"},"modified":"2025-05-16T14:37:54","modified_gmt":"2025-05-16T13:37:54","slug":"vision-cookies","status":"publish","type":"product","link":"https:\/\/www.tatanka.nl\/pt\/vision-cookies\/","title":{"rendered":"Vision Cookies - Sementes de vis\u00e3o"},"content":{"rendered":"<h2><span data-sheets-value=\"{&quot;1&quot;:2,&quot;2&quot;:&quot;Vision Cookies&quot;}\" data-sheets-userformat=\"{&quot;2&quot;:6723,&quot;3&quot;:{&quot;1&quot;:0},&quot;4&quot;:{&quot;1&quot;:2,&quot;2&quot;:15389148},&quot;9&quot;:0,&quot;12&quot;:0,&quot;14&quot;:{&quot;1&quot;:2,&quot;2&quot;:0},&quot;15&quot;:&quot;Arial&quot;}\">Vision Cookies<\/span> Sementes de can\u00e1bis da Vision Seeds<\/h2>\n<p>A Vision Cookies \u00e9 para quem procura uma variedade precisa e forte que cheira a mel\u00e3o, p\u00eassego e sabe a bagas. Esta variedade \u00e9 perfeita para aliviar o stress com efeitos estimulantes e euf\u00f3ricos. Os n\u00edveis m\u00e9dios de THC da Vision Cookies s\u00e3o de ~20%, suficientemente elevados para proporcionar bons rendimentos - at\u00e9 800g\/planta se as condi\u00e7\u00f5es forem adequadas!<\/p>\n<p>Planeie o seu pr\u00f3ximo passeio com prazer e deleite, para chegar a casa depois do trabalho sentindo-se rejuvenescido e feliz! A Vision Cookies Cannabis Strain vai deixar-te com um desejo de mergulhar em ti mesmo. Desfruta do significado da vida atrav\u00e9s desta maravilhosa variedade para uma mudan\u00e7a mental intensa.<\/p>\n<p>Esta variedade \u00e9 excelente para quase todos os climas. Como cresce muito bem no exterior, os seus rendimentos tamb\u00e9m o far\u00e3o! A Vision Cookies \u00e9 uma escolha perfeita para quem procura uma senhora menos intensa, mas ainda assim muito potente, com um aroma frutado e que pode produzir colheitas a partir de 800 gramas por planta. Ideal para o al\u00edvio total do stress, estes biscoitos de can\u00e1bis proporcionar\u00e3o uma euforia edificante que o deixar\u00e1 agradavelmente surpreendido! Desfrute do sabor de mel\u00e3o, p\u00eassego e bagas nesta incr\u00edvel variedade.<\/p>","protected":false},"excerpt":{"rendered":"<p>A Vision Cookies \u00e9 uma h\u00edbrida frutada, com sabor a bagas, que cresce rapidamente e tem grandes rendimentos. N\u00e3o produz um aroma muito forte, mas ainda pode fornecer at\u00e9 800 gr por planta se as condi\u00e7\u00f5es forem perfeitas! A escolha certa para quem procura uma variedade de can\u00e1bis muito potente, mas n\u00e3o muito forte, que cheire a doces e frutos silvestres. Esteja atento, pois ela ainda pode dar um s\u00f3lido 20% THC, por isso vale definitivamente o seu tempo!<\/p>","protected":false},"featured_media":36501,"template":"","meta":[],"product_brand":[],"product_cat":[546,297,549,548,550,638],"product_tag":[],"class_list":{"0":"post-36472","1":"product","2":"type-product","3":"status-publish","4":"has-post-thumbnail","6":"product_cat-seedshop","7":"product_cat-all-products","8":"product_cat-feminized-seeds","9":"product_cat-high-thc-seeds","10":"product_cat-seedshop-top-10","11":"product_cat-vision-seeds","12":"product_shipping_class-creditcard-on","14":"first","15":"instock","16":"taxable","17":"shipping-taxable","18":"purchasable","19":"product-type-variable","20":"has-default-attributes"},"_links":{"self":[{"href":"https:\/\/www.tatanka.nl\/pt\/wp-json\/wp\/v2\/product\/36472","targetHints":{"allow":["GET"]}}],"collection":[{"href":"https:\/\/www.tatanka.nl\/pt\/wp-json\/wp\/v2\/product"}],"about":[{"href":"https:\/\/www.tatanka.nl\/pt\/wp-json\/wp\/v2\/types\/product"}],"wp:featuredmedia":[{"embeddable":true,"href":"https:\/\/www.tatanka.nl\/pt\/wp-json\/wp\/v2\/media\/36501"}],"wp:attachment":[{"href":"https:\/\/www.tatanka.nl\/pt\/wp-json\/wp\/v2\/media?parent=36472"}],"wp:term":[{"taxonomy":"product_brand","embeddable":true,"href":"https:\/\/www.tatanka.nl\/pt\/wp-json\/wp\/v2\/product_brand?post=36472"},{"taxonomy":"product_cat","embeddable":true,"href":"https:\/\/www.tatanka.nl\/pt\/wp-json\/wp\/v2\/product_cat?post=36472"},{"taxonomy":"product_tag","embeddable":true,"href":"https:\/\/www.tatanka.nl\/pt\/wp-json\/wp\/v2\/product_tag?post=36472"}],"curies":[{"name":"wp","href":"https:\/\/api.w.org\/{rel}","templated":true}]}}