{"id":36474,"date":"2025-01-30T17:36:30","date_gmt":"2025-01-30T16:36:30","guid":{"rendered":"https:\/\/www.tatanka.nl\/?post_type=product&#038;p=36474"},"modified":"2025-05-16T14:37:25","modified_gmt":"2025-05-16T13:37:25","slug":"vision-kosher","status":"publish","type":"product","link":"https:\/\/www.tatanka.nl\/pt\/vision-kosher\/","title":{"rendered":"Vision Kosher - Sementes de vis\u00e3o"},"content":{"rendered":"<h2><span data-sheets-value=\"{&quot;1&quot;:2,&quot;2&quot;:&quot;Vision Kosher&quot;}\" data-sheets-userformat=\"{&quot;2&quot;:6723,&quot;3&quot;:{&quot;1&quot;:0},&quot;4&quot;:{&quot;1&quot;:2,&quot;2&quot;:13624051},&quot;9&quot;:0,&quot;12&quot;:0,&quot;14&quot;:{&quot;1&quot;:2,&quot;2&quot;:0},&quot;15&quot;:&quot;Arial&quot;}\">Vision Kosher<\/span> Sementes de can\u00e1bis da Vision Seeds<\/h2>\n<p>No que diz respeito \u00e0 colheita, pode escolher um produto que tem de ser fi\u00e1vel e duradouro, um que n\u00e3o tenha cheiro ou sabor, ou um com um rendimento pouco not\u00e1vel. Mas e se quiser as tr\u00eas coisas? A rapariga Kosher da Vision Seeds \u00e9 a \u00fanica op\u00e7\u00e3o para quem procura uma abordagem equilibrada.<\/p>\n<p>Imagina uma variedade que produz enormes quantidades de bot\u00f5es ap\u00f3s apenas 8 semanas de flora\u00e7\u00e3o, nunca cheira a feno e sabe t\u00e3o bem como se fuma - ent\u00e3o s\u00ea bem-vindo a casa! Com esta senhora em particular, ter\u00e1s s\u00e9rios direitos de te gabares na altura da colheita!<\/p>\n<p>A Vision Seeds Vision Kosher \u00e9 um dos cigarros mais saborosos que os fumadores experientes conhecem. Al\u00e9m disso, esta rapariga de tamanho m\u00e9dio \u00e9 um dos melhores investimentos de tempo quando se trata de colheita. Se est\u00e1s \u00e0 procura de uma variedade dominante de \u00cdndica que tenha uma paleta de sabores incr\u00edvel, que tenha uma grande quantidade de THC e que possa fazer crescer uns bot\u00f5es enormes, esta \u00e9 a tua menina! A rapariga Kosher tem um sabor \u00fanico e muito reconhec\u00edvel que pode ser descrito como um rico sabor a terra, mas com uma mistura muito frut\u00edfera de aromas \u00fanicos. Sendo bastante potente, proporciona um efeito poderoso e edificante.<\/p>","protected":false},"excerpt":{"rendered":"<p>Esta rapariga de tamanho m\u00e9dio proporciona um efeito relaxante poderoso e tem um sabor como nenhuma outra. A Vision Kosher \u00e9 uma deliciosa variedade de can\u00e1bis com predomin\u00e2ncia de \u00cdndica que combina todas as melhores caracter\u00edsticas dos seus pais para criar uma das plantas mais saborosas e fortes. Tem um aroma terroso com toques florais e sabe a uma refrescante salada de frutas, que se torna ainda mais deliciosa com uma pitada de terra ou algo verde. Este grande produtor est\u00e1 pronto para a colheita em 9 semanas e proporciona um efeito estimulante com cerca de 20% THC.<\/p>","protected":false},"featured_media":36502,"template":"","meta":[],"product_brand":[],"product_cat":[546,297,549,548,552,638],"product_tag":[],"class_list":{"0":"post-36474","1":"product","2":"type-product","3":"status-publish","4":"has-post-thumbnail","6":"product_cat-seedshop","7":"product_cat-all-products","8":"product_cat-feminized-seeds","9":"product_cat-high-thc-seeds","10":"product_cat-usa-seeds","11":"product_cat-vision-seeds","12":"product_shipping_class-creditcard-on","14":"first","15":"instock","16":"taxable","17":"shipping-taxable","18":"purchasable","19":"product-type-variable","20":"has-default-attributes"},"_links":{"self":[{"href":"https:\/\/www.tatanka.nl\/pt\/wp-json\/wp\/v2\/product\/36474","targetHints":{"allow":["GET"]}}],"collection":[{"href":"https:\/\/www.tatanka.nl\/pt\/wp-json\/wp\/v2\/product"}],"about":[{"href":"https:\/\/www.tatanka.nl\/pt\/wp-json\/wp\/v2\/types\/product"}],"wp:featuredmedia":[{"embeddable":true,"href":"https:\/\/www.tatanka.nl\/pt\/wp-json\/wp\/v2\/media\/36502"}],"wp:attachment":[{"href":"https:\/\/www.tatanka.nl\/pt\/wp-json\/wp\/v2\/media?parent=36474"}],"wp:term":[{"taxonomy":"product_brand","embeddable":true,"href":"https:\/\/www.tatanka.nl\/pt\/wp-json\/wp\/v2\/product_brand?post=36474"},{"taxonomy":"product_cat","embeddable":true,"href":"https:\/\/www.tatanka.nl\/pt\/wp-json\/wp\/v2\/product_cat?post=36474"},{"taxonomy":"product_tag","embeddable":true,"href":"https:\/\/www.tatanka.nl\/pt\/wp-json\/wp\/v2\/product_tag?post=36474"}],"curies":[{"name":"wp","href":"https:\/\/api.w.org\/{rel}","templated":true}]}}