{"id":37821,"date":"2021-12-01T14:33:13","date_gmt":"2021-12-01T12:33:13","guid":{"rendered":"https:\/\/www.tatanka.nl\/?post_type=product&#038;p=37821"},"modified":"2025-05-20T08:39:25","modified_gmt":"2025-05-20T07:39:25","slug":"mdnx-partypills","status":"publish","type":"product","link":"https:\/\/www.tatanka.nl\/pt\/mdnx-partypills\/","title":{"rendered":"MDNX Partyp\u00edlulas"},"content":{"rendered":"<h2 data-start=\"0\" data-end=\"16\">O que \u00e9 o MDNX?<\/h2>\n<p data-start=\"18\" data-end=\"439\">MDNX \u00e9 um suplemento natural concebido para melhorar as experi\u00eancias dos entusiastas das festas. Proporciona uma onda de energia, aumenta a felicidade e promove as intera\u00e7\u00f5es sociais. Feito com ingredientes naturais, o MDNX funciona em harmonia com o seu corpo, oferecendo uma alternativa segura aos estimulantes artificiais. Quer esteja num festival ou a desfrutar de uma reuni\u00e3o \u00edntima, o MDNX garante que se mant\u00e9m energizado e empenhado durante todo o evento.<\/p>\n<p data-start=\"441\" data-end=\"802\">Os efeitos do MDNX incluem um aumento intenso de energia, maior conetividade emocional e um estado geral de euforia. Com uma mistura \u00fanica de extractos de ervas e amino\u00e1cidos, apoia a resist\u00eancia f\u00edsica e mental, ajudando-o a manter-se no momento sem se ir abaixo mais tarde. MDNX transforma as tuas noites em experi\u00eancias inesquec\u00edveis, cheias de alegria e vitalidade.<\/p>\n<h2 data-start=\"804\" data-end=\"826\">A hist\u00f3ria do MDNX<\/h2>\n<p data-start=\"828\" data-end=\"1021\">O MDNX foi criado como uma alternativa natural aos estimulantes sint\u00e9ticos. Muitos frequentadores de festas h\u00e1 muito que procuram formas de elevar as suas experi\u00eancias sem os efeitos secund\u00e1rios nocivos das subst\u00e2ncias artificiais.<\/p>\n<p data-start=\"1023\" data-end=\"1406\">O desenvolvimento do MDNX combinou rem\u00e9dios antigos \u00e0 base de ervas com investiga\u00e7\u00e3o cient\u00edfica moderna. Ingredientes como a maca, a kanna e o gengibre s\u00e3o utilizados h\u00e1 s\u00e9culos pelas suas propriedades de aumento de energia e de humor. Ao juntar estes poderosos ingredientes, o MDNX apoia tanto a mente como o corpo, permitindo que os utilizadores desfrutem da sua noite sem se preocuparem com uma queda no dia seguinte.<\/p>\n<h2 data-start=\"1408\" data-end=\"1426\">Como utilizar o MDNX<\/h2>\n<p data-start=\"1428\" data-end=\"1643\">Para obter os melhores resultados, tomar 1 a 2 c\u00e1psulas cerca de 30 minutos antes do efeito desejado. Se necess\u00e1rio, pode aumentar a dose at\u00e9 um m\u00e1ximo de 4 c\u00e1psulas num per\u00edodo de 24 horas, mas n\u00e3o exceda a quantidade recomendada.<\/p>\n<p data-start=\"1645\" data-end=\"1972\">O MDNX foi concebido para uma utiliza\u00e7\u00e3o respons\u00e1vel e funciona melhor quando associado a hidrata\u00e7\u00e3o e a uma dieta equilibrada. Quer esteja a dan\u00e7ar num festival, a socializar com os amigos ou a desfrutar de uma sa\u00edda \u00e0 noite, o MDNX ir\u00e1 mant\u00ea-lo no seu melhor desempenho. Ouve sempre o teu corpo e usa o MDNX com modera\u00e7\u00e3o para garantir a melhor experi\u00eancia de festa.<\/p>\n<h2 data-start=\"1974\" data-end=\"1996\">Ingredientes de MDNX<\/h2>\n<p data-start=\"1998\" data-end=\"2123\">MDNX \u00e9 fabricado com uma mistura cuidadosamente selecionada de ingredientes naturais que funcionam em conjunto para aumentar a energia, a disposi\u00e7\u00e3o e a concentra\u00e7\u00e3o:<\/p>\n<ul data-start=\"2125\" data-end=\"3093\">\n<li data-start=\"2125\" data-end=\"2323\"><strong data-start=\"2127\" data-end=\"2135\">Maca<\/strong>: Uma raiz peruana conhecida pelas suas propriedades adaptog\u00e9nicas. Aumenta a resist\u00eancia, melhora o humor e o bem-estar geral, equilibrando as hormonas para uma experi\u00eancia mais est\u00e1vel e agrad\u00e1vel.<\/li>\n<li data-start=\"2324\" data-end=\"2502\"><strong data-start=\"2326\" data-end=\"2336\">Gengibre<\/strong>: Uma raiz poderosa que apoia a digest\u00e3o, reduz as n\u00e1useas e tem benef\u00edcios anti-inflamat\u00f3rios. O gengibre ajuda a manter os n\u00edveis de energia e o estado de alerta durante a noite.<\/li>\n<li data-start=\"2503\" data-end=\"2696\"><strong data-start=\"2505\" data-end=\"2532\">DL-Fenilalanina (DLPA)<\/strong>: Um amino\u00e1cido que ajuda a regular o humor, influenciando neurotransmissores como a dopamina e as endorfinas. Aumenta a concentra\u00e7\u00e3o, o estado de alerta e a sensa\u00e7\u00e3o de felicidade.<\/li>\n<li data-start=\"2697\" data-end=\"2887\"><strong data-start=\"2699\" data-end=\"2711\">Cafe\u00edna<\/strong>: Um estimulante natural que aumenta a energia e o estado de alerta. A cafe\u00edna aumenta a resist\u00eancia e amplifica os efeitos dos outros ingredientes, ajudando-o a manter-se ativo durante mais tempo.<\/li>\n<li data-start=\"2888\" data-end=\"3093\"><strong data-start=\"2890\" data-end=\"2899\">Kanna<\/strong>: Uma planta sul-africana conhecida pelas suas propriedades de melhoria do humor. Aumenta os n\u00edveis de serotonina, reduz a ansiedade e promove a conetividade social, tornando as intera\u00e7\u00f5es mais agrad\u00e1veis e sem esfor\u00e7o.<\/li>\n<\/ul>\n<p data-start=\"3095\" data-end=\"3105\"><strong>Aviso<\/strong><\/p>\n<p data-start=\"3107\" data-end=\"3563\" data-is-last-node=\"\">MDNX \u00e9 um suplemento alimentar e n\u00e3o deve substituir um regime alimentar variado. Manter fora do alcance das crian\u00e7as e utilizar apenas por indiv\u00edduos com mais de 18 anos de idade. N\u00e3o mistures o MDNX com medicamentos, outros estimulantes ou se tiveres problemas card\u00edacos, tens\u00e3o arterial alta\/baixa, dist\u00farbios da tiroide, doen\u00e7as renais, depress\u00e3o, ansiedade ou outros problemas de sa\u00fade f\u00edsica ou mental. Evite o consumo excessivo de \u00e1lcool. Se tiveres d\u00favidas, consulta o teu m\u00e9dico antes de usares.<\/p>","protected":false},"excerpt":{"rendered":"<p>Precisa de um impulso extra para levar a sua noite para o pr\u00f3ximo n\u00edvel? MDNX \u00e9 um comprimido natural para festas concebido para aumentar a tua energia, elevar o teu humor e manter-te animado toda a noite. Com uma mistura de ingredientes naturais cuidadosamente escolhidos, MDNX proporciona sensa\u00e7\u00f5es de euforia, mantendo-o totalmente sob controlo. Diz adeus \u00e0s ressacas e ol\u00e1 ao puro prazer.<\/p>","protected":false},"featured_media":37829,"template":"","meta":[],"product_brand":[],"product_cat":[535,297,385,527,513,525,476],"product_tag":[],"class_list":{"0":"post-37821","1":"product","2":"type-product","3":"status-publish","4":"has-post-thumbnail","6":"product_cat-dnx","7":"product_cat-all-products","8":"product_cat-buy-xtc","9":"product_cat-energy-pills","10":"product_cat-party","11":"product_cat-party-pills","12":"product_cat-smartshop","14":"first","15":"instock","16":"taxable","17":"shipping-taxable","18":"purchasable","19":"product-type-variable","20":"has-default-attributes"},"_links":{"self":[{"href":"https:\/\/www.tatanka.nl\/pt\/wp-json\/wp\/v2\/product\/37821","targetHints":{"allow":["GET"]}}],"collection":[{"href":"https:\/\/www.tatanka.nl\/pt\/wp-json\/wp\/v2\/product"}],"about":[{"href":"https:\/\/www.tatanka.nl\/pt\/wp-json\/wp\/v2\/types\/product"}],"wp:featuredmedia":[{"embeddable":true,"href":"https:\/\/www.tatanka.nl\/pt\/wp-json\/wp\/v2\/media\/37829"}],"wp:attachment":[{"href":"https:\/\/www.tatanka.nl\/pt\/wp-json\/wp\/v2\/media?parent=37821"}],"wp:term":[{"taxonomy":"product_brand","embeddable":true,"href":"https:\/\/www.tatanka.nl\/pt\/wp-json\/wp\/v2\/product_brand?post=37821"},{"taxonomy":"product_cat","embeddable":true,"href":"https:\/\/www.tatanka.nl\/pt\/wp-json\/wp\/v2\/product_cat?post=37821"},{"taxonomy":"product_tag","embeddable":true,"href":"https:\/\/www.tatanka.nl\/pt\/wp-json\/wp\/v2\/product_tag?post=37821"}],"curies":[{"name":"wp","href":"https:\/\/api.w.org\/{rel}","templated":true}]}}