{"id":37822,"date":"2021-12-01T14:33:13","date_gmt":"2021-12-01T12:33:13","guid":{"rendered":"https:\/\/www.tatanka.nl\/?post_type=product&#038;p=37822"},"modified":"2025-05-20T08:39:33","modified_gmt":"2025-05-20T07:39:33","slug":"lemonx-partypills","status":"publish","type":"product","link":"https:\/\/www.tatanka.nl\/pt\/lemonx-partypills\/","title":{"rendered":"LemonX Partypills"},"content":{"rendered":"<h2>4 LemonX Partypills<\/h2>\n<p>LimonX n\u00e3o \u00e9 apenas um energ\u00e9tico para os festeiros, mas tamb\u00e9m um estimulante social. Os utilizadores relatam que se sentem como se fossem um s\u00f3 com a multid\u00e3o em festa e que podem lidar com qualquer obst\u00e1culo que surja no seu caminho!<\/p>\n<p>LemonX \u00e9 a vida de qualquer festa. Com um par de comprimidos, pode desfrutar de horas de maior energia e excita\u00e7\u00e3o no seu pr\u00f3ximo evento. A f\u00f3rmula melhorada do LemonX garante que n\u00e3o importa quanto tempo dure, ou o que aconte\u00e7a no meio, esta ser\u00e1 uma noite selvagem!<\/p>\n<p>Toda a energia de que precisas para uma experi\u00eancia de festa intensa pode ser encontrada nestas pequenas c\u00e1psulas de nitro extasy! A maioria dos utilizadores descreve o Lemon X como tendo um efeito euf\u00f3rico e r\u00e1pido, por isso \u00e9 a forma perfeita de descontrair em qualquer noite. \u00c9 uma f\u00f3rmula energ\u00e9tica totalmente natural que pode ser misturada com \u00e1lcool, raz\u00e3o pela qual 1-4 comprimidos devem ser suficientes quando procuras um al\u00edvio para os teus problemas.<\/p>","protected":false},"excerpt":{"rendered":"<p>Lemon X \u00e9 o comprimido de festa perfeito para te manteres acordado e com energia. Os efeitos s\u00e3o t\u00e3o fortes que te sentir\u00e1s como o teu pr\u00f3prio DJ pessoal, pois a m\u00fasica torna-se mais agrad\u00e1vel do que nunca!<\/p>","protected":false},"featured_media":37832,"template":"","meta":[],"product_brand":[],"product_cat":[535,297,385,527,513,525,476],"product_tag":[],"class_list":{"0":"post-37822","1":"product","2":"type-product","3":"status-publish","4":"has-post-thumbnail","6":"product_cat-dnx","7":"product_cat-all-products","8":"product_cat-buy-xtc","9":"product_cat-energy-pills","10":"product_cat-party","11":"product_cat-party-pills","12":"product_cat-smartshop","14":"first","15":"instock","16":"taxable","17":"shipping-taxable","18":"purchasable","19":"product-type-variable","20":"has-default-attributes"},"_links":{"self":[{"href":"https:\/\/www.tatanka.nl\/pt\/wp-json\/wp\/v2\/product\/37822","targetHints":{"allow":["GET"]}}],"collection":[{"href":"https:\/\/www.tatanka.nl\/pt\/wp-json\/wp\/v2\/product"}],"about":[{"href":"https:\/\/www.tatanka.nl\/pt\/wp-json\/wp\/v2\/types\/product"}],"wp:featuredmedia":[{"embeddable":true,"href":"https:\/\/www.tatanka.nl\/pt\/wp-json\/wp\/v2\/media\/37832"}],"wp:attachment":[{"href":"https:\/\/www.tatanka.nl\/pt\/wp-json\/wp\/v2\/media?parent=37822"}],"wp:term":[{"taxonomy":"product_brand","embeddable":true,"href":"https:\/\/www.tatanka.nl\/pt\/wp-json\/wp\/v2\/product_brand?post=37822"},{"taxonomy":"product_cat","embeddable":true,"href":"https:\/\/www.tatanka.nl\/pt\/wp-json\/wp\/v2\/product_cat?post=37822"},{"taxonomy":"product_tag","embeddable":true,"href":"https:\/\/www.tatanka.nl\/pt\/wp-json\/wp\/v2\/product_tag?post=37822"}],"curies":[{"name":"wp","href":"https:\/\/api.w.org\/{rel}","templated":true}]}}