{"id":37823,"date":"2021-12-01T14:33:13","date_gmt":"2021-12-01T12:33:13","guid":{"rendered":"https:\/\/www.tatanka.nl\/?post_type=product&#038;p=37823"},"modified":"2026-01-08T00:48:39","modified_gmt":"2026-01-07T23:48:39","slug":"ultimatex-partypills","status":"publish","type":"product","link":"https:\/\/www.tatanka.nl\/pt\/ultimatex-partypills\/","title":{"rendered":"UltimateX Partypills"},"content":{"rendered":"<h2 data-start=\"0\" data-end=\"21\">O que \u00e9 o UltimateX?<\/h2>\n<p data-start=\"23\" data-end=\"566\">UltimateX \u00e9 um estimulante energ\u00e9tico natural concebido para melhorar a tua experi\u00eancia de festa. Quer estejas num festival, numa discoteca ou numa festa em casa, estes comprimidos proporcionam a combina\u00e7\u00e3o perfeita de energia e euforia para te manteres em forma. Inspirado nos doces cl\u00e1ssicos \"salmiak\", o UltimateX proporciona um poderoso impulso sem os efeitos secund\u00e1rios indesejados dos estimulantes tradicionais. Com uma mistura cuidadosamente selecionada de ingredientes naturais, esta alternativa legal ao XTC garante que se mant\u00e9m energizado, concentrado e totalmente imerso no momento, tornando cada noite inesquec\u00edvel.<\/p>\n<h2 data-start=\"568\" data-end=\"595\">A hist\u00f3ria do UltimateX<\/h2>\n<p data-start=\"597\" data-end=\"1183\">O UltimateX foi criado para aqueles que vivem a vida ao m\u00e1ximo e precisam de um empurr\u00e3o extra para acompanhar o ritmo. Inspirando-se nas tradi\u00e7\u00f5es herbais e na cultura moderna das festas, a DNX desenvolveu esta f\u00f3rmula para proporcionar uma forma legal e natural de aumentar a energia e a disposi\u00e7\u00e3o. Com o aumento da procura de estimulantes \u00e0 base de plantas, seguiram-se inova\u00e7\u00f5es nos suplementos para aumentar a energia. Ao combinar superalimentos antigos, como a maca e a kratom, com nootr\u00f3picos modernos, o UltimateX preenche a lacuna entre o bem-estar natural e a vida nocturna de alta energia, oferecendo um produto feito \u00e0 medida dos amantes de festas de todo o mundo.<\/p>\n<h2 data-start=\"1185\" data-end=\"1208\">Como utilizar o UltimateX<\/h2>\n<p data-start=\"1210\" data-end=\"1741\">Para obter os melhores resultados, tomar 1 a 2 comprimidos cerca de 30 minutos antes do in\u00edcio dos efeitos. Se necess\u00e1rio, podes aumentar a dose at\u00e9 um m\u00e1ximo de 4 comprimidos num per\u00edodo de 24 horas. Os efeitos podem variar consoante o indiv\u00edduo, mas geralmente duram v\u00e1rias horas, proporcionando uma energia sustentada e uma sensa\u00e7\u00e3o de euforia acrescida. Evita exceder a dose recomendada para garantires uma experi\u00eancia segura e agrad\u00e1vel. Toma sempre o UltimateX com \u00e1gua e evita mistur\u00e1-lo com outros estimulantes, \u00e1lcool ou medicamentos para evitar intera\u00e7\u00f5es indesejadas.<\/p>\n<h2 data-start=\"1743\" data-end=\"1770\">Ingredientes de UltimateX<\/h2>\n<p data-start=\"1772\" data-end=\"1883\">UltimateX cont\u00e9m uma mistura \u00fanica de ingredientes naturais que actuam em conjunto para aumentar a energia, a concentra\u00e7\u00e3o e a disposi\u00e7\u00e3o:<\/p>\n<ul data-start=\"1885\" data-end=\"2442\">\n<li data-start=\"1885\" data-end=\"1988\"><strong data-start=\"1887\" data-end=\"1895\">Maca<\/strong>: Um poderoso adaptog\u00e9nio conhecido por aumentar a resist\u00eancia, equilibrar as hormonas e aumentar a libido.<\/li>\n<li data-start=\"1989\" data-end=\"2068\"><strong data-start=\"1991\" data-end=\"2001\">Gengibre<\/strong>: Ajuda na digest\u00e3o, reduz as n\u00e1useas e apoia os n\u00edveis de energia.<\/li>\n<li data-start=\"2069\" data-end=\"2208\"><strong data-start=\"2071\" data-end=\"2091\">DL-fenilalanina<\/strong>: Um amino\u00e1cido que ajuda a regular o humor e aumenta o estado de alerta, influenciando a produ\u00e7\u00e3o de dopamina e endorfina.<\/li>\n<li data-start=\"2209\" data-end=\"2313\"><strong data-start=\"2211\" data-end=\"2223\">Cafe\u00edna<\/strong>: Um estimulante bem conhecido que aumenta a energia e o estado de alerta, ajudando-o a manter-se ativo durante mais tempo.<\/li>\n<li data-start=\"2314\" data-end=\"2442\"><strong data-start=\"2316\" data-end=\"2326\">Kratom<\/strong>: Planta tropical com propriedades naturais energizantes e analg\u00e9sicas, que proporciona um efeito equilibrado e estimulante.<\/li>\n<\/ul>\n<p data-start=\"2444\" data-end=\"2665\">Estes ingredientes cuidadosamente selecionados trabalham em sinergia para criar uma f\u00f3rmula potente e natural que apoia a resist\u00eancia, o estado de alerta e a melhoria do humor, fazendo do UltimateX o complemento perfeito para a sua rotina de festas.<\/p>\n<p data-start=\"2667\" data-end=\"2677\"><strong>Aviso<\/strong><\/p>\n<p data-start=\"2679\" data-end=\"3116\" data-is-last-node=\"\">UltimateX \u00e9 um suplemento alimentar e n\u00e3o deve ser utilizado como substituto de um regime alimentar equilibrado. Manter fora do alcance das crian\u00e7as. Apenas para utiliza\u00e7\u00e3o por indiv\u00edduos com 18 anos ou mais. N\u00e3o utilizar se tiver tens\u00e3o arterial alta ou baixa, problemas card\u00edacos, dist\u00farbios da tiroide, doen\u00e7as renais, depress\u00e3o, dist\u00farbios nervosos ou se estiver a tomar inibidores da MAO. Evitar o consumo excessivo de \u00e1lcool durante a utiliza\u00e7\u00e3o deste produto. Consultar um m\u00e9dico em caso de d\u00favida.<\/p>","protected":false},"excerpt":{"rendered":"<p>Procura um impulso de energia que torne a sua festa inesquec\u00edvel? UltimateX \u00e9 o comprimido energ\u00e9tico natural que o mant\u00e9m a dan\u00e7ar at\u00e9 ao nascer do sol. A sua mistura \u00fanica de ingredientes aumenta a resist\u00eancia e a euforia, tornando cada evento numa experi\u00eancia inesquec\u00edvel.<\/p>","protected":false},"featured_media":37835,"template":"","meta":[],"product_brand":[],"product_cat":[535,297,385,527,513,525,476],"product_tag":[],"class_list":{"0":"post-37823","1":"product","2":"type-product","3":"status-publish","4":"has-post-thumbnail","6":"product_cat-dnx","7":"product_cat-all-products","8":"product_cat-buy-xtc","9":"product_cat-energy-pills","10":"product_cat-party","11":"product_cat-party-pills","12":"product_cat-smartshop","14":"first","15":"instock","16":"taxable","17":"shipping-taxable","18":"purchasable","19":"product-type-variable","20":"has-default-attributes"},"_links":{"self":[{"href":"https:\/\/www.tatanka.nl\/pt\/wp-json\/wp\/v2\/product\/37823","targetHints":{"allow":["GET"]}}],"collection":[{"href":"https:\/\/www.tatanka.nl\/pt\/wp-json\/wp\/v2\/product"}],"about":[{"href":"https:\/\/www.tatanka.nl\/pt\/wp-json\/wp\/v2\/types\/product"}],"wp:featuredmedia":[{"embeddable":true,"href":"https:\/\/www.tatanka.nl\/pt\/wp-json\/wp\/v2\/media\/37835"}],"wp:attachment":[{"href":"https:\/\/www.tatanka.nl\/pt\/wp-json\/wp\/v2\/media?parent=37823"}],"wp:term":[{"taxonomy":"product_brand","embeddable":true,"href":"https:\/\/www.tatanka.nl\/pt\/wp-json\/wp\/v2\/product_brand?post=37823"},{"taxonomy":"product_cat","embeddable":true,"href":"https:\/\/www.tatanka.nl\/pt\/wp-json\/wp\/v2\/product_cat?post=37823"},{"taxonomy":"product_tag","embeddable":true,"href":"https:\/\/www.tatanka.nl\/pt\/wp-json\/wp\/v2\/product_tag?post=37823"}],"curies":[{"name":"wp","href":"https:\/\/api.w.org\/{rel}","templated":true}]}}