{"id":42171,"date":"2022-03-08T11:57:02","date_gmt":"2022-03-08T09:57:02","guid":{"rendered":"https:\/\/www.tatanka.nl\/product\/green-borneo-kratom\/"},"modified":"2025-11-18T15:37:51","modified_gmt":"2025-11-18T14:37:51","slug":"green-borneo-kratom","status":"publish","type":"product","link":"https:\/\/www.tatanka.nl\/pt\/green-borneo-kratom\/","title":{"rendered":"Green Borneo Kratom"},"content":{"rendered":"<h2 data-start=\"0\" data-end=\"40\">O que \u00e9 Kratopia Green Borneo Kratom?<\/h2>\n<p data-start=\"42\" data-end=\"795\">Kratopia Green Borneo Kratom \u00e9 uma variedade suave e energizante nativa da ilha de Born\u00e9u, no sudeste asi\u00e1tico. Ao contr\u00e1rio das suas contrapartes vermelhas e brancas mais potentes, a Green Borneo oferece um efeito equilibrado que promove a concentra\u00e7\u00e3o e a motiva\u00e7\u00e3o sem sobrecarregar o utilizador. Esta variedade \u00e9 conhecida pelo seu complexo perfil alcaloide, que contribui para as suas propriedades estimulantes, tornando-a uma \u00f3ptima escolha para quem procura um impulso natural de energia e uma sensa\u00e7\u00e3o de bem-estar. Muitas vezes consumida como ch\u00e1, a Green Borneo \u00e9 f\u00e1cil de incorporar nas rotinas di\u00e1rias e \u00e9 uma op\u00e7\u00e3o vers\u00e1til tanto para utilizadores novos como para utilizadores experientes de kratom. Proporciona uma experi\u00eancia mais suave e controlada, tornando-a uma alternativa popular \u00e0 cafe\u00edna para manter o estado de alerta ao longo do dia.<\/p>\n<h2 data-start=\"797\" data-end=\"839\">Hist\u00f3ria do Kratopia Green Borneo Kratom<\/h2>\n<p data-start=\"841\" data-end=\"1704\">A hist\u00f3ria do Green Borneo Kratom est\u00e1 profundamente enraizada nas pr\u00e1ticas tradicionais do sudeste asi\u00e1tico, particularmente na ilha de Born\u00e9u. Os povos ind\u00edgenas h\u00e1 muito que usam a kratom pelos seus benef\u00edcios medicinais, confiando nas suas propriedades para tratar uma variedade de doen\u00e7as. O Born\u00e9u Verde, especificamente, \u00e9 reconhecido pela sua capacidade de oferecer efeitos estimulantes e relaxantes. O clima tropical e h\u00famido do Born\u00e9u \u00e9 ideal para cultivar kratom de alta qualidade, e a regi\u00e3o tornou-se conhecida na comunidade global da kratom por produzir esta variedade \u00fanica. Embora as variedades de kratom vermelha e branca sejam mais conhecidas, a Green Borneo tem vindo a ganhar popularidade devido aos seus efeitos equilibrados. A sua versatilidade e pot\u00eancia moderada tornaram-na um elemento b\u00e1sico tanto na comunidade de investiga\u00e7\u00e3o da kratom como entre os consumidores que procuram uma experi\u00eancia de kratom mais refinada.<\/p>\n<h2 data-start=\"1706\" data-end=\"1748\">Como utilizar Kratopia Green Borneo Kratom<\/h2>\n<p data-start=\"1750\" data-end=\"2714\">A forma mais comum de apreciar o Kratopia Green Borneo Kratom \u00e9 preparando-o como ch\u00e1. Para fazer o ch\u00e1, dissolver 4 a 5 gramas de p\u00f3 de Green Borneo Kratom em \u00e1gua quente (entre 70 e 95 graus Celsius). Deixar o ch\u00e1 em infus\u00e3o durante 3 a 5 minutos, para que os alcal\u00f3ides se infundam completamente na \u00e1gua. Ap\u00f3s a infus\u00e3o, n\u00e3o \u00e9 necess\u00e1rio coar o ch\u00e1 - basta beber a mistura inteira. Muitos utilizadores melhoram o sabor adicionando mel ou xarope. Se fores novo no uso do Green Borneo, \u00e9 melhor come\u00e7ares com uma dose mais baixa e ajust\u00e1-la gradualmente de acordo com a rea\u00e7\u00e3o do teu corpo. Uma dose t\u00edpica de 4 a 5 gramas \u00e9 normalmente suficiente para um efeito ligeiro e energ\u00e9tico. Uma vez que os efeitos podem variar dependendo de factores como o peso corporal e a pot\u00eancia da kratom, \u00e9 sempre recomend\u00e1vel come\u00e7ar devagar e encontrar gradualmente a quantidade certa que funciona para ti. A Green Borneo Kratom \u00e9 a escolha ideal para quem quer um impulso de energia suave e natural sem os efeitos secund\u00e1rios agitados da cafe\u00edna.<\/p>\n<h2 data-start=\"2716\" data-end=\"2762\">Ingredientes de Kratopia Green Borneo Kratom<\/h2>\n<p data-start=\"2764\" data-end=\"3609\">O ingrediente principal da Kratopia Green Borneo Kratom \u00e9 a Mitragyna speciosa, uma \u00e1rvore tropical origin\u00e1ria do sudeste asi\u00e1tico. As folhas desta \u00e1rvore cont\u00eam alcal\u00f3ides poderosos, particularmente a mitragina, que \u00e9 respons\u00e1vel pelos efeitos energizantes da variedade. A Green Borneo distingue-se pelo seu perfil alcaloide bem equilibrado, oferecendo uma estimula\u00e7\u00e3o moderada sem ser demasiado intensa. Em compara\u00e7\u00e3o com outras variedades de kratom, a Green Borneo cont\u00e9m n\u00edveis mais elevados de mitragina, o que contribui para o seu impacto suave mas eficaz. As folhas s\u00e3o colhidas com cuidado e passam por um processamento m\u00ednimo para preservar o seu conte\u00fado natural de alcal\u00f3ides. Esta composi\u00e7\u00e3o equilibrada faz da Green Borneo Kratom uma escolha fi\u00e1vel e popular entre principiantes e utilizadores experientes, oferecendo uma experi\u00eancia consistente que pode melhorar a concentra\u00e7\u00e3o, a energia e o bem-estar geral.<\/p>\n<p data-start=\"3611\" data-end=\"3621\"><strong>Aviso<\/strong><\/p>\n<p data-start=\"3623\" data-end=\"3947\" data-is-last-node=\"\">A venda e utiliza\u00e7\u00e3o do Kratopia Green Borneo Kratom s\u00e3o proibidas a indiv\u00edduos com idade inferior a 18 anos. Manter fora do alcance das crian\u00e7as. N\u00e3o utilizar se tiver tens\u00e3o arterial alta ou baixa, problemas card\u00edacos ou pulmonares, diabetes, estiver gr\u00e1vida ou a tomar medicamentos, drogas ou \u00e1lcool. Consultar sempre um profissional de sa\u00fade antes de utilizar.<\/p>","protected":false},"excerpt":{"rendered":"<p>A Green Borneo Kratom \u00e9 uma excelente variedade de kratom Green Vein revitalizante e redutora de fadiga, adorada por aqueles que procuram uma mistura de relaxamento e energia. Sendo uma planta de kratom do lado \"verde\" da fam\u00edlia, a kratom de Born\u00e9u \u00e9 a escolha perfeita para aqueles que procuram uma variedade de kratom da tarde de for\u00e7a m\u00e9dia para aliviar o stress sem perder muita produtividade!<\/p>","protected":false},"featured_media":126064,"template":"","meta":[],"product_brand":[],"product_cat":[599,297,512,477,509,510,511,476],"product_tag":[],"class_list":{"0":"post-42171","1":"product","2":"type-product","3":"status-publish","4":"has-post-thumbnail","6":"product_cat-kratopia","7":"product_cat-all-products","8":"product_cat-extracts","9":"product_cat-herbs","10":"product_cat-kratom","11":"product_cat-relax","12":"product_cat-relax-herbs","13":"product_cat-smartshop","14":"product_shipping_class-creditcard-off","16":"first","17":"instock","18":"taxable","19":"shipping-taxable","20":"purchasable","21":"product-type-variable","22":"has-default-attributes"},"_links":{"self":[{"href":"https:\/\/www.tatanka.nl\/pt\/wp-json\/wp\/v2\/product\/42171","targetHints":{"allow":["GET"]}}],"collection":[{"href":"https:\/\/www.tatanka.nl\/pt\/wp-json\/wp\/v2\/product"}],"about":[{"href":"https:\/\/www.tatanka.nl\/pt\/wp-json\/wp\/v2\/types\/product"}],"wp:featuredmedia":[{"embeddable":true,"href":"https:\/\/www.tatanka.nl\/pt\/wp-json\/wp\/v2\/media\/126064"}],"wp:attachment":[{"href":"https:\/\/www.tatanka.nl\/pt\/wp-json\/wp\/v2\/media?parent=42171"}],"wp:term":[{"taxonomy":"product_brand","embeddable":true,"href":"https:\/\/www.tatanka.nl\/pt\/wp-json\/wp\/v2\/product_brand?post=42171"},{"taxonomy":"product_cat","embeddable":true,"href":"https:\/\/www.tatanka.nl\/pt\/wp-json\/wp\/v2\/product_cat?post=42171"},{"taxonomy":"product_tag","embeddable":true,"href":"https:\/\/www.tatanka.nl\/pt\/wp-json\/wp\/v2\/product_tag?post=42171"}],"curies":[{"name":"wp","href":"https:\/\/api.w.org\/{rel}","templated":true}]}}