{"id":42173,"date":"2022-03-08T11:57:02","date_gmt":"2022-03-08T09:57:02","guid":{"rendered":"https:\/\/www.tatanka.nl\/product\/red-bali-kratom\/"},"modified":"2025-11-18T15:37:52","modified_gmt":"2025-11-18T14:37:52","slug":"red-bali-kratom","status":"publish","type":"product","link":"https:\/\/www.tatanka.nl\/pt\/red-bali-kratom\/","title":{"rendered":"Red Bali Kratom"},"content":{"rendered":"<h2 data-start=\"0\" data-end=\"36\">O que \u00e9 o Kratopia Red Bali Kratom?<\/h2>\n<p data-start=\"38\" data-end=\"756\">A Kratopia Red Bali Kratom \u00e9 uma variedade muito popular conhecida pelos seus efeitos completos, o que a torna uma escolha ideal para principiantes. Oferece uma experi\u00eancia equilibrada, actuando tanto como um estimulante do humor como um analg\u00e9sico suave. A Red Bali Kratom \u00e9 preferida pelo seu sabor mais suave, menos amargo do que muitas outras variedades, o que a torna mais palat\u00e1vel para novos utilizadores. \u00c9 normalmente utilizada para melhorar as intera\u00e7\u00f5es sociais, fazendo com que os indiv\u00edduos se sintam mais ligados e emp\u00e1ticos, melhorando as suas experi\u00eancias sociais. Para al\u00e9m dos seus benef\u00edcios sociais, ajuda a promover o relaxamento e proporciona al\u00edvio do desconforto f\u00edsico. A Kratopia Red Bali Kratom \u00e9 uma excelente op\u00e7\u00e3o para quem procura uma variedade de kratom vers\u00e1til e calmante.<\/p>\n<h2 data-start=\"758\" data-end=\"796\">Hist\u00f3ria do Kratopia Red Bali Kratom<\/h2>\n<p data-start=\"798\" data-end=\"1574\">A Red Bali Kratom tem ra\u00edzes profundas no sudeste asi\u00e1tico, particularmente na Indon\u00e9sia, que \u00e9 onde a variedade recebe o seu nome, apesar de Bali n\u00e3o ser uma regi\u00e3o nativa de cultivo de kratom. A variedade \u00e9 uma mistura de folhas de v\u00e1rias \u00e1rvores de kratom do sudeste asi\u00e1tico. Historicamente, a Red Bali Kratom era usada pelas suas propriedades calmantes e medicinais, ajudando os habitantes locais a controlar a dor, a aliviar o stress e a melhorar a disposi\u00e7\u00e3o. Tamb\u00e9m era valorizada como um estimulante social, promovendo a facilidade e a liga\u00e7\u00e3o entre os indiv\u00edduos. Com o tempo, \u00e0 medida que a kratom ganhava popularidade no ocidente, a Red Bali tornou-se uma das variedades mais reconhecidas devido aos seus efeitos suaves e benef\u00edcios equilibrados. Atualmente, a Kratopia Red Bali Kratom continua a ser uma escolha de topo para as pessoas que procuram alternativas naturais para o al\u00edvio da dor e melhoria do humor.<\/p>\n<h2 data-start=\"1576\" data-end=\"1614\">Como utilizar o Kratopia Red Bali Kratom<\/h2>\n<p data-start=\"1616\" data-end=\"2528\">A utiliza\u00e7\u00e3o do Kratopia Red Bali Kratom \u00e9 simples e agrad\u00e1vel, muitas vezes sob a forma de um ch\u00e1 calmante. Para preparares, dissolve 4 a 5 gramas de p\u00f3 de Red Bali Kratom em \u00e1gua quente, mantendo a temperatura da \u00e1gua entre os 70 e os 95 graus Celsius. Deixa o ch\u00e1 em infus\u00e3o durante cerca de 3 a 5 minutos para que a kratom liberte os seus alcal\u00f3ides ben\u00e9ficos. N\u00e3o \u00e9 necess\u00e1rio coar o ch\u00e1, pois todas as partes da mistura s\u00e3o seguras para consumo. Para os utilizadores principiantes, recomenda-se come\u00e7ar com uma dose mais pequena para avaliar a rea\u00e7\u00e3o do teu corpo \u00e0 variedade. O sabor suave da Red Bali Kratom torna-a uma boa op\u00e7\u00e3o para os rec\u00e9m-chegados e, com o tempo, os utilizadores podem ajustar a sua dosagem com base na sua sensibilidade e nos efeitos desejados. Um efeito suave pode ser alcan\u00e7ado com menos de 3 gramas, enquanto aqueles que procuram um efeito mais forte podem aumentar a dosagem para 5-6 gramas. Independentemente da dosagem, a Kratopia Red Bali Kratom oferece uma experi\u00eancia suave e que melhora o humor.<\/p>\n<h2 data-start=\"2530\" data-end=\"2572\">Ingredientes de Kratopia Red Bali Kratom<\/h2>\n<p data-start=\"2574\" data-end=\"3510\">O ingrediente principal do Kratopia Red Bali Kratom \u00e9 a Mitragyna speciosa, uma \u00e1rvore tropical nativa do sudeste asi\u00e1tico. As folhas da \u00e1rvore Mitragyna speciosa s\u00e3o colhidas, secas e transformadas em p\u00f3 de kratom. O Red Bali Kratom prov\u00e9m especificamente de folhas cuidadosamente selecionadas de v\u00e1rias \u00e1rvores de kratom de diferentes regi\u00f5es do sudeste asi\u00e1tico. Depois de secas, as folhas passam por um processo de fermenta\u00e7\u00e3o ligeira que aumenta o seu conte\u00fado alcaloide e d\u00e1 \u00e0 Red Bali os seus efeitos distintos. Os alcal\u00f3ides prim\u00e1rios da Red Bali Kratom s\u00e3o a mitragina e a 7-hidroximitragina, que interagem com os receptores do corpo para promover o bem-estar, aumentar a energia e aliviar a dor. A combina\u00e7\u00e3o equilibrada destes alcal\u00f3ides resulta numa experi\u00eancia suave e moderada, perfeita para intera\u00e7\u00f5es sociais e para aliviar o desconforto f\u00edsico. A Kratopia Red Bali Kratom \u00e9 uma escolha popular para utilizadores novos e experientes de kratom devido aos seus benef\u00edcios completos.<\/p>\n<p data-start=\"3512\" data-end=\"3522\"><strong>Aviso<\/strong><\/p>\n<p data-start=\"3524\" data-end=\"3844\" data-is-last-node=\"\">A venda e utiliza\u00e7\u00e3o do Kratopia Red Bali Kratom s\u00e3o proibidas a indiv\u00edduos com idade inferior a 18 anos. Manter fora do alcance das crian\u00e7as. N\u00e3o utilizar se tiver tens\u00e3o arterial alta ou baixa, problemas card\u00edacos ou pulmonares, diabetes, estiver gr\u00e1vida ou a tomar medicamentos, drogas ou \u00e1lcool. Consultar sempre um profissional de sa\u00fade antes de utilizar.<\/p>","protected":false},"excerpt":{"rendered":"<p>Aqueles que procuram o mais alto n\u00edvel de efeitos relaxantes da kratom adoram a variedade Red Bali Kratom! Recomendamos esta variedade como uma excelente variedade para relaxar \u00e0 noite para aqueles que procuram deixar completamente as suas preocupa\u00e7\u00f5es para tr\u00e1s e livrar-se de qualquer stress que possam estar a ter. Esta \u00e9 uma variedade Red Vein, por isso sabes que te deixar\u00e1 completamente frio e relaxado ao m\u00e1ximo!<\/p>","protected":false},"featured_media":126061,"template":"","meta":[],"product_brand":[],"product_cat":[599,297,512,477,509,510,511,476],"product_tag":[],"class_list":{"0":"post-42173","1":"product","2":"type-product","3":"status-publish","4":"has-post-thumbnail","6":"product_cat-kratopia","7":"product_cat-all-products","8":"product_cat-extracts","9":"product_cat-herbs","10":"product_cat-kratom","11":"product_cat-relax","12":"product_cat-relax-herbs","13":"product_cat-smartshop","14":"product_shipping_class-creditcard-off","16":"first","17":"instock","18":"taxable","19":"shipping-taxable","20":"purchasable","21":"product-type-variable","22":"has-default-attributes"},"_links":{"self":[{"href":"https:\/\/www.tatanka.nl\/pt\/wp-json\/wp\/v2\/product\/42173","targetHints":{"allow":["GET"]}}],"collection":[{"href":"https:\/\/www.tatanka.nl\/pt\/wp-json\/wp\/v2\/product"}],"about":[{"href":"https:\/\/www.tatanka.nl\/pt\/wp-json\/wp\/v2\/types\/product"}],"wp:featuredmedia":[{"embeddable":true,"href":"https:\/\/www.tatanka.nl\/pt\/wp-json\/wp\/v2\/media\/126061"}],"wp:attachment":[{"href":"https:\/\/www.tatanka.nl\/pt\/wp-json\/wp\/v2\/media?parent=42173"}],"wp:term":[{"taxonomy":"product_brand","embeddable":true,"href":"https:\/\/www.tatanka.nl\/pt\/wp-json\/wp\/v2\/product_brand?post=42173"},{"taxonomy":"product_cat","embeddable":true,"href":"https:\/\/www.tatanka.nl\/pt\/wp-json\/wp\/v2\/product_cat?post=42173"},{"taxonomy":"product_tag","embeddable":true,"href":"https:\/\/www.tatanka.nl\/pt\/wp-json\/wp\/v2\/product_tag?post=42173"}],"curies":[{"name":"wp","href":"https:\/\/api.w.org\/{rel}","templated":true}]}}