{"id":42174,"date":"2022-03-08T11:57:03","date_gmt":"2022-03-08T09:57:03","guid":{"rendered":"https:\/\/www.tatanka.nl\/product\/red-borneo-kratom\/"},"modified":"2026-03-02T00:48:38","modified_gmt":"2026-03-01T23:48:38","slug":"red-borneo-kratom","status":"publish","type":"product","link":"https:\/\/www.tatanka.nl\/pt\/red-borneo-kratom\/","title":{"rendered":"Red Borneo Kratom"},"content":{"rendered":"<h2 data-start=\"0\" data-end=\"29\">O que \u00e9 o Red Borneo Kratom?<\/h2>\n<p data-start=\"31\" data-end=\"804\">A Red Borneo Kratom \u00e9 uma variedade \u00fanica origin\u00e1ria da parte indon\u00e9sia do Born\u00e9u, conhecida como Kalimantan. Tem um significado cultural profundo e \u00e9 muito venerada pelos seus benef\u00edcios naturais para a sa\u00fade. Tradicionalmente, o povo de Kalimantan usava a kratom de v\u00e1rias formas, incluindo fumar as folhas secas. Hoje em dia, a kratom \u00e9 mais comummente preparada como um ch\u00e1 relaxante e energizante. As folhas s\u00e3o submetidas a um per\u00edodo de secagem mais longo seguido de uma fermenta\u00e7\u00e3o ligeira, o que aumenta o seu conte\u00fado natural de alcal\u00f3ides. A Red Borneo Kratom \u00e9 conhecida pelos seus efeitos equilibrados, oferecendo um aumento de energia mais suave e relaxado em compara\u00e7\u00e3o com outras variedades de kratom. \u00c9 uma \u00f3ptima escolha para quem procura um estimulante natural que tamb\u00e9m promove a melhoria do humor e a concentra\u00e7\u00e3o sem a intensidade das variedades mais fortes.<\/p>\n<h2 data-start=\"806\" data-end=\"837\">Hist\u00f3ria do Red Borneo Kratom<\/h2>\n<p data-start=\"839\" data-end=\"1691\">A hist\u00f3ria da Red Borneo Kratom est\u00e1 profundamente enraizada nas tradi\u00e7\u00f5es do povo ind\u00edgena de Kalimantan. Durante s\u00e9culos, a kratom foi considerada um rem\u00e9dio poderoso para v\u00e1rios problemas de sa\u00fade. Os habitantes locais referiam-se \u00e0s folhas como \"folhas celestiais\", real\u00e7ando a sua cren\u00e7a nas propriedades curativas da planta. Tradicionalmente, as folhas eram consumidas de v\u00e1rias formas, incluindo fumar em cigarros caseiros. No entanto, com o passar do tempo, a pr\u00e1tica de transformar as folhas em ch\u00e1 tornou-se mais comum devido aos seus efeitos controlados e calmantes. As folhas utilizadas para a Red Borneo Kratom s\u00e3o cuidadosamente selecionadas pelo seu processo de secagem mais longo e fermenta\u00e7\u00e3o suave, que aumenta o teor de alcal\u00f3ides, resultando nas propriedades distintas da variedade. \u00c0 medida que a sua popularidade se espalhou, a Red Borneo Kratom ganhou reconhecimento global pelos seus benef\u00edcios equilibrados e eficazes.<\/p>\n<h2 data-start=\"1693\" data-end=\"1724\">Como utilizar o Red Borneo Kratom<\/h2>\n<p data-start=\"1726\" data-end=\"2567\">O Red Borneo Kratom \u00e9 melhor apreciado como um ch\u00e1 calmante. Para preparares o ch\u00e1, dissolve 4 a 5 gramas de p\u00f3 de kratom em \u00e1gua quente (entre 70 e 95 graus Celsius) e deixa em infus\u00e3o durante 3 a 5 minutos, para que os alcal\u00f3ides se infundam completamente. N\u00e3o h\u00e1 necessidade de coar o ch\u00e1, pois todas as partes da kratom podem ser consumidas. Quando usares o Red Borneo Kratom pela primeira vez, \u00e9 importante come\u00e7ares com uma dose mais pequena para avaliares a rea\u00e7\u00e3o do teu corpo, pois os efeitos podem variar com base na toler\u00e2ncia individual. Para muitos utilizadores, 3 a 5 gramas proporcionam um efeito suave, enquanto os utilizadores mais experientes podem necessitar de uma dose ligeiramente superior. Conhecida pelos seus efeitos equilibrados, a Red Borneo Kratom \u00e9 ideal para uso diurno e como estimulante natural do humor. Como com qualquer produto de kratom, \u00e9 essencial us\u00e1-lo de forma respons\u00e1vel para evitar criar toler\u00e2ncia ou efeitos secund\u00e1rios indesejados.<\/p>\n<h2 data-start=\"2569\" data-end=\"2604\">Ingredientes de Red Borneo Kratom<\/h2>\n<p data-start=\"2606\" data-end=\"3475\">O ingrediente principal do Red Borneo Kratom \u00e9 a Mitragyna speciosa, uma \u00e1rvore tropical nativa do sudeste asi\u00e1tico. As folhas desta \u00e1rvore s\u00e3o colhidas, secas e transformadas no p\u00f3 de kratom usado no suplemento. O Red Borneo Kratom passa por um processo \u00fanico de secagem e fermenta\u00e7\u00e3o ligeira, que aumenta o conte\u00fado alcaloide das folhas, resultando num efeito mais potente e equilibrado. Os alcal\u00f3ides prim\u00e1rios encontrados no Red Borneo Kratom s\u00e3o a mitragina e a 7-hidroximitragina, que interagem com os receptores do corpo para promover sensa\u00e7\u00f5es de bem-estar, aumento de energia e al\u00edvio do desconforto. O processo de fermenta\u00e7\u00e3o \u00e9 fundamental para desenvolver os efeitos distintos da Red Borneo, e a alta qualidade das folhas assegura que a kratom mant\u00e9m a sua pot\u00eancia. Quer seja consumida em ch\u00e1 ou noutras formas, a Red Borneo Kratom fornece um impulso natural de energia com propriedades calmantes.<\/p>\n<p data-start=\"3477\" data-end=\"3487\"><strong>Aviso<\/strong><\/p>\n<p data-start=\"3489\" data-end=\"3802\" data-is-last-node=\"\">A venda e utiliza\u00e7\u00e3o do Red Borneo Kratom s\u00e3o proibidas a indiv\u00edduos com idade inferior a 18 anos. Manter fora do alcance das crian\u00e7as. N\u00e3o utilizar se tiver tens\u00e3o arterial alta ou baixa, problemas card\u00edacos ou pulmonares, diabetes, estiver gr\u00e1vida ou a tomar medicamentos, drogas ou \u00e1lcool. Consultar sempre um profissional de sa\u00fade antes de utilizar.<\/p>","protected":false},"excerpt":{"rendered":"<p>A kratom Red Borneo \u00e9 uma variedade de kratom Red Vein de longa dura\u00e7\u00e3o, adorada por aqueles que procuram efeitos de kratom que durem algum tempo. Isto torna-a uma variedade de kratom perfeita para aqueles que gostam de efeitos de kratom mais suaves mas duradouros, ou mesmo que gostam de um pouco de kratom ao longo do dia. A Red Borneo d\u00e1 um impulso de relaxamento duradouro que \u00e9 apreciado por muitos!<\/p>","protected":false},"featured_media":126055,"template":"","meta":[],"product_brand":[],"product_cat":[599,297,512,477,509,510,511,476],"product_tag":[],"class_list":{"0":"post-42174","1":"product","2":"type-product","3":"status-publish","4":"has-post-thumbnail","6":"product_cat-kratopia","7":"product_cat-all-products","8":"product_cat-extracts","9":"product_cat-herbs","10":"product_cat-kratom","11":"product_cat-relax","12":"product_cat-relax-herbs","13":"product_cat-smartshop","14":"product_shipping_class-creditcard-off","16":"first","17":"instock","18":"taxable","19":"shipping-taxable","20":"purchasable","21":"product-type-variable","22":"has-default-attributes"},"_links":{"self":[{"href":"https:\/\/www.tatanka.nl\/pt\/wp-json\/wp\/v2\/product\/42174","targetHints":{"allow":["GET"]}}],"collection":[{"href":"https:\/\/www.tatanka.nl\/pt\/wp-json\/wp\/v2\/product"}],"about":[{"href":"https:\/\/www.tatanka.nl\/pt\/wp-json\/wp\/v2\/types\/product"}],"wp:featuredmedia":[{"embeddable":true,"href":"https:\/\/www.tatanka.nl\/pt\/wp-json\/wp\/v2\/media\/126055"}],"wp:attachment":[{"href":"https:\/\/www.tatanka.nl\/pt\/wp-json\/wp\/v2\/media?parent=42174"}],"wp:term":[{"taxonomy":"product_brand","embeddable":true,"href":"https:\/\/www.tatanka.nl\/pt\/wp-json\/wp\/v2\/product_brand?post=42174"},{"taxonomy":"product_cat","embeddable":true,"href":"https:\/\/www.tatanka.nl\/pt\/wp-json\/wp\/v2\/product_cat?post=42174"},{"taxonomy":"product_tag","embeddable":true,"href":"https:\/\/www.tatanka.nl\/pt\/wp-json\/wp\/v2\/product_tag?post=42174"}],"curies":[{"name":"wp","href":"https:\/\/api.w.org\/{rel}","templated":true}]}}