{"id":42175,"date":"2022-03-08T11:57:03","date_gmt":"2022-03-08T09:57:03","guid":{"rendered":"https:\/\/www.tatanka.nl\/product\/red-maeng-da-kratom\/"},"modified":"2026-01-23T12:48:35","modified_gmt":"2026-01-23T11:48:35","slug":"red-maeng-da-kratom","status":"publish","type":"product","link":"https:\/\/www.tatanka.nl\/pt\/red-maeng-da-kratom\/","title":{"rendered":"Red Maeng Da Kratom"},"content":{"rendered":"<h2 data-start=\"0\" data-end=\"31\">O que \u00e9 Red Maeng Da Kratom?<\/h2>\n<p data-start=\"33\" data-end=\"735\">A Red Maeng Da Kratom \u00e9 uma variedade distinta e potente conhecida pela sua combina\u00e7\u00e3o \u00fanica de efeitos energizantes e calmantes. Esta variedade \u00e9 frequentemente utilizada para melhorar o humor, aumentar a concentra\u00e7\u00e3o e aliviar a dor. As folhas s\u00e3o normalmente colhidas e depois fermentadas para obterem a sua cor vermelha carater\u00edstica, o que aumenta o teor de alcal\u00f3ides, tornando a Red Maeng Da uma das variedades de kratom mais potentes dispon\u00edveis. Originalmente desenvolvida em Thailand atrav\u00e9s de t\u00e9cnicas de enxerto, esta linhagem foi criada para prosperar no ambiente quente e h\u00famido do sudeste asi\u00e1tico. Desde ent\u00e3o, a Red Maeng Da Kratom ganhou popularidade global, especialmente no Ocidente, devido aos seus efeitos fortes e \u00e0 sua capacidade natural de aumentar a energia e o bem-estar.<\/p>\n<h2 data-start=\"737\" data-end=\"770\">Hist\u00f3ria do Red Maeng Da Kratom<\/h2>\n<p data-start=\"772\" data-end=\"1231\">As origens da Red Maeng Da Kratom remontam ao final do s\u00e9culo XIX na Thail\u00e2ndia. Os agricultores do Thai come\u00e7aram a fazer experi\u00eancias com enxertos de diferentes variedades de kratom para criar uma variedade mais resistente que pudesse suportar melhor o clima quente e h\u00famido da regi\u00e3o. Isto resultou na cria\u00e7\u00e3o da variedade Maeng Da, concebida para ser mais resistente que as \u00e1rvores de kratom tradicionais. O nome \"Maeng Da\", que significa \"grau de chulo\" em Thai, reflecte a sua alta pot\u00eancia e qualidade superior.<\/p>\n<p data-start=\"1233\" data-end=\"1597\">A variante vermelha, a Red Maeng Da, \u00e9 criada atrav\u00e9s de um processo de fermenta\u00e7\u00e3o que aumenta ainda mais o conte\u00fado alcaloide das folhas. Este processo aumenta a sua pot\u00eancia, tornando-a numa das variedades mais poderosas de kratom. Com o tempo, a Red Maeng Da Kratom ganhou reconhecimento internacional e tornou-se um produto procurado em todo o mundo pelos seus efeitos equilibrados e energizantes.<\/p>\n<h2 data-start=\"1599\" data-end=\"1632\">Como utilizar o Red Maeng Da Kratom<\/h2>\n<p data-start=\"1634\" data-end=\"1943\">A Red Maeng Da Kratom \u00e9 mais frequentemente consumida como ch\u00e1. Para o preparar, dissolve-se 4 a 5 gramas de p\u00f3 de Maeng Da vermelha em \u00e1gua quente (70 a 95 graus Celsius). Deixar o ch\u00e1 em infus\u00e3o durante 3 a 5 minutos para extrair eficazmente os alcal\u00f3ides. N\u00e3o \u00e9 necess\u00e1rio coar o ch\u00e1, pois todo o conte\u00fado pode ser consumido.<\/p>\n<p data-start=\"1945\" data-end=\"2419\">Quando usares a Red Maeng Da pela primeira vez, \u00e9 importante come\u00e7ares com uma dose mais pequena e ajustares gradualmente com base na resposta do teu corpo. Embora 3 a 5 gramas sejam normalmente suficientes para um efeito suave, os utilizadores experientes podem precisar de uma dose mais elevada para obterem os resultados desejados. Utiliza sempre a Red Maeng Da de forma respons\u00e1vel e com modera\u00e7\u00e3o para evitar a acumula\u00e7\u00e3o de toler\u00e2ncia ou efeitos secund\u00e1rios indesejados. \u00c9 essencial ter em conta que os efeitos da kratom podem variar consoante a toler\u00e2ncia individual.<\/p>\n<h2 data-start=\"2421\" data-end=\"2458\">Ingredientes de Red Maeng Da Kratom<\/h2>\n<p data-start=\"2460\" data-end=\"2875\">O ingrediente principal do Red Maeng Da Kratom \u00e9 a Mitragyna speciosa, uma \u00e1rvore tropical origin\u00e1ria do sudeste asi\u00e1tico. As folhas s\u00e3o cuidadosamente colhidas e transformadas em p\u00f3 para criar este suplemento. A Red Maeng Da distingue-se das outras variedades de kratom pelo seu processo de fermenta\u00e7\u00e3o, que n\u00e3o s\u00f3 d\u00e1 \u00e0s folhas a sua cor vermelha carater\u00edstica, como tamb\u00e9m intensifica os alcal\u00f3ides respons\u00e1veis pelos seus efeitos poderosos.<\/p>\n<p data-start=\"2877\" data-end=\"3399\">O processo de fermenta\u00e7\u00e3o aumenta as propriedades energizantes, estimulantes do humor e analg\u00e9sicas da Red Maeng Da. Como outras variedades de kratom, a Red Maeng Da cont\u00e9m alcal\u00f3ides como a mitragina e a 7-hidroximitragina, que interagem com os receptores do corpo para produzir os seus efeitos. Embora a mistura exacta de folhas utilizada seja propriet\u00e1ria, a Red Maeng Da prov\u00e9m sempre da Mitragyna speciosa, uma planta com uma longa hist\u00f3ria de utiliza\u00e7\u00e3o medicinal no sudeste asi\u00e1tico. A Red Maeng Da deve ser utilizada de forma respons\u00e1vel para garantir resultados seguros e eficazes.<\/p>\n<p data-start=\"3401\" data-end=\"3411\"><strong>Aviso<\/strong><\/p>\n<p data-start=\"3413\" data-end=\"3748\" data-is-last-node=\"\">A venda e utiliza\u00e7\u00e3o do Red Maeng Da Kratom s\u00e3o proibidas a indiv\u00edduos com idade inferior a 18 anos. Manter fora do alcance das crian\u00e7as. N\u00e3o utilizar se tiver tens\u00e3o arterial alta ou baixa, problemas card\u00edacos ou pulmonares, diabetes, estiver gr\u00e1vida ou a tomar medicamentos, drogas ou \u00e1lcool. Consultar sempre um profissional de sa\u00fade antes de utilizar qualquer suplemento.<\/p>","protected":false},"excerpt":{"rendered":"<p>A kratom Red Maeng Da \u00e9 outra grande variedade de kratom Red Vein que \u00e9 adorada por aqueles que procuram relaxamento com um toque de euforia. Prepara-te para relaxar com uma cara feliz e uma boa disposi\u00e7\u00e3o proporcionada pela kratom Red Maeng Da. Sendo uma variedade de kratom vermelha, sabes que esta kratom \u00e9 forte e ser\u00e1 adorada por muitos utilizadores experientes de kratom.<\/p>","protected":false},"featured_media":126052,"template":"","meta":[],"product_brand":[],"product_cat":[599,297,512,477,509,510,511,476],"product_tag":[],"class_list":{"0":"post-42175","1":"product","2":"type-product","3":"status-publish","4":"has-post-thumbnail","6":"product_cat-kratopia","7":"product_cat-all-products","8":"product_cat-extracts","9":"product_cat-herbs","10":"product_cat-kratom","11":"product_cat-relax","12":"product_cat-relax-herbs","13":"product_cat-smartshop","14":"product_shipping_class-creditcard-off","16":"first","17":"instock","18":"taxable","19":"shipping-taxable","20":"purchasable","21":"product-type-variable","22":"has-default-attributes"},"_links":{"self":[{"href":"https:\/\/www.tatanka.nl\/pt\/wp-json\/wp\/v2\/product\/42175","targetHints":{"allow":["GET"]}}],"collection":[{"href":"https:\/\/www.tatanka.nl\/pt\/wp-json\/wp\/v2\/product"}],"about":[{"href":"https:\/\/www.tatanka.nl\/pt\/wp-json\/wp\/v2\/types\/product"}],"wp:featuredmedia":[{"embeddable":true,"href":"https:\/\/www.tatanka.nl\/pt\/wp-json\/wp\/v2\/media\/126052"}],"wp:attachment":[{"href":"https:\/\/www.tatanka.nl\/pt\/wp-json\/wp\/v2\/media?parent=42175"}],"wp:term":[{"taxonomy":"product_brand","embeddable":true,"href":"https:\/\/www.tatanka.nl\/pt\/wp-json\/wp\/v2\/product_brand?post=42175"},{"taxonomy":"product_cat","embeddable":true,"href":"https:\/\/www.tatanka.nl\/pt\/wp-json\/wp\/v2\/product_cat?post=42175"},{"taxonomy":"product_tag","embeddable":true,"href":"https:\/\/www.tatanka.nl\/pt\/wp-json\/wp\/v2\/product_tag?post=42175"}],"curies":[{"name":"wp","href":"https:\/\/api.w.org\/{rel}","templated":true}]}}