{"id":42176,"date":"2022-03-08T11:57:03","date_gmt":"2022-03-08T09:57:03","guid":{"rendered":"https:\/\/www.tatanka.nl\/product\/super-bali-gold-kratom\/"},"modified":"2025-11-18T15:37:49","modified_gmt":"2025-11-18T14:37:49","slug":"super-bali-gold-kratom","status":"publish","type":"product","link":"https:\/\/www.tatanka.nl\/pt\/super-bali-gold-kratom\/","title":{"rendered":"Super Bali Gold Kratom"},"content":{"rendered":"<h2 data-start=\"0\" data-end=\"43\">O que \u00e9 Kratopia Super Bali Gold Kratom?<\/h2>\n<p data-start=\"45\" data-end=\"978\">A Kratopia Super Bali Gold Kratom \u00e9 uma mistura especialmente concebida para produzir efeitos espec\u00edficos, incluindo a melhoria do humor e o al\u00edvio da dor. Conhecida pelas suas propriedades relaxantes, esta variedade \u00e9 reconhecida pelo seu amargor potente, raz\u00e3o pela qual \u00e9 frequentemente consumida com um ado\u00e7ante, como o mel, para mascarar o sabor. A mistura \u00e9 derivada de uma mistura de folhas Kratom provenientes de diferentes regi\u00f5es, oferecendo uma combina\u00e7\u00e3o \u00fanica de benef\u00edcios terap\u00eauticos e calmantes. O Super Bali Gold Kratom \u00e9 popular n\u00e3o s\u00f3 pelos seus efeitos f\u00edsicos, mas tamb\u00e9m pela sua capacidade de melhorar o bem-estar mental, ajudando os utilizadores a encontrar al\u00edvio do stress, da ansiedade e do desconforto. Embora seja origin\u00e1rio de Bali - onde as \u00e1rvores Kratom n\u00e3o s\u00e3o nativas - o nome persiste para refletir as suas ra\u00edzes hist\u00f3ricas. Atualmente, a maior parte da Kratom \u00e9 exportada de Kalimantan, na Indon\u00e9sia, mas a Super Bali Gold Kratom continua a ser a favorita de quem procura uma experi\u00eancia equilibrada e relaxante.<\/p>\n<h2 data-start=\"980\" data-end=\"1025\">Hist\u00f3ria do Kratopia Super Bali Gold Kratom<\/h2>\n<p data-start=\"1027\" data-end=\"1535\">O Kratopia Super Bali Gold Kratom tem uma hist\u00f3ria interessante que remonta a Bali, uma regi\u00e3o outrora conhecida pela exporta\u00e7\u00e3o de produtos Kratom. No entanto, Bali n\u00e3o tem \u00e1rvores nativas de Kratom. Em vez disso, os comerciantes locais misturavam folhas de v\u00e1rios pa\u00edses e regi\u00f5es para criar misturas que visavam efeitos espec\u00edficos, como o relaxamento e o al\u00edvio da dor. A Super Bali Gold Kratom \u00e9 uma dessas misturas, conhecida pela sua capacidade de responder a necessidades espec\u00edficas como a redu\u00e7\u00e3o do stress e a promo\u00e7\u00e3o de uma sensa\u00e7\u00e3o de bem-estar.<\/p>\n<p data-start=\"1537\" data-end=\"1997\">Com o passar do tempo, Bali tornou-se sin\u00f3nimo de Kratom de alta qualidade, apesar de a maior parte do Kratom ser agora proveniente principalmente de Kalimantan, na Indon\u00e9sia, onde as \u00e1rvores de Kratom s\u00e3o abundantes. A tradi\u00e7\u00e3o de selecionar folhas e criar misturas \u00fanicas permitiu a Bali manter a sua reputa\u00e7\u00e3o no com\u00e9rcio de Kratom durante muitos anos. Hoje em dia, o Super Bali Gold Kratom continua a ser altamente considerado pelos seus efeitos calmantes, com muitos utilizadores a confiarem nele para aliviar o stress e promover o relaxamento.<\/p>\n<h2 data-start=\"1999\" data-end=\"2044\">Como utilizar o Kratopia Super Bali Gold Kratom<\/h2>\n<p data-start=\"2046\" data-end=\"2378\">A utiliza\u00e7\u00e3o do Kratopia Super Bali Gold Kratom \u00e9 simples e direta. O m\u00e9todo mais comum de consumo \u00e9 a prepara\u00e7\u00e3o de ch\u00e1. Para preparar o ch\u00e1, dissolver 4 a 5 gramas de p\u00f3 de Kratom em \u00e1gua quente (70-95\u00b0C) e deixar em infus\u00e3o durante 3 a 5 minutos. O ch\u00e1 n\u00e3o precisa de ser filtrado, pois toda a mistura pode ser consumida.<\/p>\n<p data-start=\"2380\" data-end=\"2891\">Tal como acontece com qualquer produto Kratom, \u00e9 essencial come\u00e7ar com uma dose mais baixa para avaliar a resposta do seu corpo antes de ajustar a dosagem. Para novos utilizadores, a dosagem t\u00edpica \u00e9 de 3 a 5 gramas de p\u00f3, mas os utilizadores mais experientes podem achar que precisam de uma dosagem ligeiramente superior para obter os efeitos desejados. O Super Bali Gold Kratom \u00e9 melhor consumido de forma respons\u00e1vel e com modera\u00e7\u00e3o, pois doses mais altas podem levar a efeitos mais sedativos. Certifica-te sempre de que segues a dosagem recomendada com base no teu peso corporal e necessidades individuais.<\/p>\n<h2 data-start=\"2893\" data-end=\"2942\">Ingredientes de Kratopia Super Bali Gold Kratom<\/h2>\n<p data-start=\"2944\" data-end=\"3394\">O ingrediente principal do Kratopia Super Bali Gold Kratom \u00e9 a Mitragyna speciosa, uma \u00e1rvore tropical origin\u00e1ria do Sudeste Asi\u00e1tico. As folhas desta \u00e1rvore s\u00e3o colhidas e processadas para criar o p\u00f3 da Kratom. As diferentes variedades de Kratom s\u00e3o conhecidas pelos seus perfis alcal\u00f3ides \u00fanicos, que determinam os seus efeitos. O Super Bali Gold Kratom combina folhas de v\u00e1rias regi\u00f5es para criar uma mistura equilibrada com propriedades melhoradas de eleva\u00e7\u00e3o do humor e de al\u00edvio da dor.<\/p>\n<p data-start=\"3396\" data-end=\"3882\">Esta variedade em particular \u00e9 conhecida pelo seu sabor forte e amargo, raz\u00e3o pela qual muitos utilizadores a misturam com mel ou outros ado\u00e7antes. Embora a mistura exacta de folhas utilizada na Super Bali Gold seja propriet\u00e1ria, o ingrediente principal \u00e9 sempre a Mitragyna speciosa, uma planta com s\u00e9culos de utiliza\u00e7\u00e3o pelos seus benef\u00edcios medicinais. \u00c9 importante notar que o Kratopia Super Bali Gold \u00e9 um suplemento de ervas e deve ser usado com cautela, especialmente se fores novo no Kratom ou se j\u00e1 tiveres problemas de sa\u00fade.<\/p>\n<p data-start=\"3884\" data-end=\"3894\"><strong>Aviso<\/strong><\/p>\n<p data-start=\"3896\" data-end=\"4243\" data-is-last-node=\"\">A venda e utiliza\u00e7\u00e3o do Kratopia Super Bali Gold Kratom s\u00e3o proibidas a indiv\u00edduos com idade inferior a 18 anos. Manter fora do alcance das crian\u00e7as. N\u00e3o utilizar se tiver tens\u00e3o arterial alta ou baixa, problemas card\u00edacos ou pulmonares, diabetes, estiver gr\u00e1vida ou a tomar medicamentos, drogas ou \u00e1lcool. Consultar sempre um profissional de sa\u00fade antes de utilizar qualquer suplemento.<\/p>","protected":false},"excerpt":{"rendered":"<p>A Gold pode n\u00e3o estar no espetro das variedades de kratom branca, vermelha e verde, mas \u00e9 uma \u00f3ptima mistura de diferentes variedades de kratom que tem como objetivo melhorar a concentra\u00e7\u00e3o e manter-te produtivo. N\u00e3o te esque\u00e7as de que tudo depende da dosagem, mas com uma pequena quantidade est\u00e1s pronto para te manteres motivado, energizado e pronto para conquistar o mundo. Excelente mistura de estirpes para viciados em produtividade e tipos criativos!<\/p>","protected":false},"featured_media":126049,"template":"","meta":[],"product_brand":[],"product_cat":[599,297,512,477,509,510,511,476],"product_tag":[],"class_list":{"0":"post-42176","1":"product","2":"type-product","3":"status-publish","4":"has-post-thumbnail","6":"product_cat-kratopia","7":"product_cat-all-products","8":"product_cat-extracts","9":"product_cat-herbs","10":"product_cat-kratom","11":"product_cat-relax","12":"product_cat-relax-herbs","13":"product_cat-smartshop","14":"product_shipping_class-creditcard-off","16":"first","17":"instock","18":"taxable","19":"shipping-taxable","20":"purchasable","21":"product-type-variable","22":"has-default-attributes"},"_links":{"self":[{"href":"https:\/\/www.tatanka.nl\/pt\/wp-json\/wp\/v2\/product\/42176","targetHints":{"allow":["GET"]}}],"collection":[{"href":"https:\/\/www.tatanka.nl\/pt\/wp-json\/wp\/v2\/product"}],"about":[{"href":"https:\/\/www.tatanka.nl\/pt\/wp-json\/wp\/v2\/types\/product"}],"wp:featuredmedia":[{"embeddable":true,"href":"https:\/\/www.tatanka.nl\/pt\/wp-json\/wp\/v2\/media\/126049"}],"wp:attachment":[{"href":"https:\/\/www.tatanka.nl\/pt\/wp-json\/wp\/v2\/media?parent=42176"}],"wp:term":[{"taxonomy":"product_brand","embeddable":true,"href":"https:\/\/www.tatanka.nl\/pt\/wp-json\/wp\/v2\/product_brand?post=42176"},{"taxonomy":"product_cat","embeddable":true,"href":"https:\/\/www.tatanka.nl\/pt\/wp-json\/wp\/v2\/product_cat?post=42176"},{"taxonomy":"product_tag","embeddable":true,"href":"https:\/\/www.tatanka.nl\/pt\/wp-json\/wp\/v2\/product_tag?post=42176"}],"curies":[{"name":"wp","href":"https:\/\/api.w.org\/{rel}","templated":true}]}}