{"id":42177,"date":"2022-03-08T11:57:03","date_gmt":"2022-03-08T09:57:03","guid":{"rendered":"https:\/\/www.tatanka.nl\/product\/white-bali-kratom\/"},"modified":"2025-11-18T15:37:48","modified_gmt":"2025-11-18T14:37:48","slug":"white-bali-kratom","status":"publish","type":"product","link":"https:\/\/www.tatanka.nl\/pt\/white-bali-kratom\/","title":{"rendered":"White Bali Kratom"},"content":{"rendered":"<h2 data-start=\"0\" data-end=\"29\">O que \u00e9 o White Bali Kratom?<\/h2>\n<p data-start=\"31\" data-end=\"438\">A White Bali Kratom \u00e9 uma variedade da \u00e1rvore Mitragyna speciosa, nativa do sudeste asi\u00e1tico. Tal como outras variedades de Kratom, \u00e9 derivada das folhas da \u00e1rvore Kratom, mas os seus efeitos energizantes e euf\u00f3ricos \u00fanicos prov\u00eam de m\u00e9todos espec\u00edficos de colheita e processamento. A White Bali Kratom \u00e9 conhecida pela sua capacidade de aumentar a energia e melhorar o humor, tornando-a uma das variedades Kratom mais populares em todo o mundo.<\/p>\n<p data-start=\"440\" data-end=\"824\">Os principais benef\u00edcios do White Bali Kratom incluem o combate \u00e0 fadiga, a melhoria da concentra\u00e7\u00e3o e a promo\u00e7\u00e3o de uma sensa\u00e7\u00e3o geral de bem-estar. Os utilizadores relatam uma maior concentra\u00e7\u00e3o, clareza mental e maior motiva\u00e7\u00e3o ap\u00f3s o consumo. Esta variedade \u00e9 especialmente apreciada por quem procura um aumento de energia mental e f\u00edsica para ajudar na produtividade ou para come\u00e7ar o dia com uma sensa\u00e7\u00e3o de frescura.<\/p>\n<h2 data-start=\"826\" data-end=\"857\">Hist\u00f3ria do White Bali Kratom<\/h2>\n<p data-start=\"859\" data-end=\"1172\">O White Bali Kratom tem as suas origens no Sudeste Asi\u00e1tico, onde o Kratom \u00e9 utilizado h\u00e1 s\u00e9culos pelos povos ind\u00edgenas para v\u00e1rios fins medicinais, como o al\u00edvio da dor, a melhoria do humor e o aumento da energia. O White Bali Kratom, no entanto, tornou-se particularmente popular devido aos seus efeitos energizantes e euf\u00f3ricos \u00fanicos.<\/p>\n<p data-start=\"1174\" data-end=\"1676\">Uma mistura de folhas das \u00e1rvores Kratom de Born\u00e9u, Sumatra e Bali, a White Bali Kratom \u00e9 cuidadosamente selecionada com base no teor de alcal\u00f3ides das folhas. O processo de secagem, que ocorre no local onde as \u00e1rvores crescem, desempenha um papel crucial na preserva\u00e7\u00e3o da pot\u00eancia dos alcal\u00f3ides e na manuten\u00e7\u00e3o dos efeitos carater\u00edsticos da variedade. Com o tempo, a White Bali Kratom ganhou uma popularidade significativa nos mercados ocidentais, especialmente para quem procura um estimulante natural sem os riscos das alternativas sint\u00e9ticas.<\/p>\n<h2 data-start=\"1678\" data-end=\"1709\">Como utilizar o White Bali Kratom<\/h2>\n<p data-start=\"1711\" data-end=\"2027\">A forma mais comum e eficaz de consumir o White Bali Kratom \u00e9 transformando-o em ch\u00e1. Para preparar, dissolver 4 a 5 gramas de p\u00f3 de White Bali Kratom em \u00e1gua quente (70-95\u00b0C) e deixar em infus\u00e3o durante 3 a 5 minutos. Este m\u00e9todo permite-lhe sentir todos os efeitos do Kratom enquanto desfruta de uma bebida calmante e saborosa.<\/p>\n<p data-start=\"2029\" data-end=\"2296\">Para obter melhores resultados, recomenda-se come\u00e7ar com uma dose baixa e aument\u00e1-la gradualmente com base na resposta do organismo. Os efeitos energizantes come\u00e7am normalmente dentro de 15 minutos e podem durar v\u00e1rias horas, dependendo de factores como a dosagem, o peso e o metabolismo.<\/p>\n<p data-start=\"2298\" data-end=\"2624\">Alguns utilizadores preferem misturar o White Bali Kratom com sumos de fruta ou outras bebidas para melhorar o sabor e os efeitos. Embora o ch\u00e1 seja o m\u00e9todo preferido, a White Bali Kratom tamb\u00e9m pode ser consumida em forma de c\u00e1psula ou adicionada a batidos. Tal como acontece com todas as estirpes de Kratom, \u00e9 importante utiliz\u00e1-la de forma respons\u00e1vel e evitar o consumo excessivo.<\/p>\n<h2 data-start=\"2626\" data-end=\"2661\">Ingredientes de White Bali Kratom<\/h2>\n<p data-start=\"2663\" data-end=\"3080\">O ingrediente principal do White Bali Kratom \u00e9 a folha em p\u00f3 da \u00e1rvore Mitragyna speciosa, colhida de \u00e1rvores localizadas em Born\u00e9u, Sumatra e Bali. Estas \u00e1rvores s\u00e3o escolhidas pelo seu elevado teor de alcal\u00f3ides, o que confere ao White Bali Kratom os seus efeitos energizantes e de melhoria do humor. Os principais compostos activos do White Bali Kratom s\u00e3o a mitragina e a 7-hidroximitragina, que contribuem para as suas propriedades estimulantes.<\/p>\n<p data-start=\"3082\" data-end=\"3460\">Ap\u00f3s a colheita, as folhas s\u00e3o submetidas a um processo de secagem que preserva o teor de alcal\u00f3ides e garante a pot\u00eancia da variedade. A secagem ocorre normalmente no ambiente natural das \u00e1rvores, ajudando a manter a pureza da planta. A sele\u00e7\u00e3o e o processamento cuidadosos da White Bali Kratom ajudam-na a manter os seus efeitos \u00fanicos, oferecendo aos utilizadores um aumento natural de energia e uma melhor concentra\u00e7\u00e3o.<\/p>\n<p data-start=\"3462\" data-end=\"3699\">Sendo um produto completamente natural, o White Bali Kratom n\u00e3o cont\u00e9m qu\u00edmicos ou aditivos artificiais, o que o torna uma alternativa limpa e eficaz a outros estimulantes. Oferece uma op\u00e7\u00e3o \u00e0 base de plantas para quem procura um impulso energ\u00e9tico natural.<\/p>\n<p data-start=\"3701\" data-end=\"3711\"><strong>Aviso<\/strong><\/p>\n<p data-start=\"3713\" data-end=\"4039\" data-is-last-node=\"\">Este produto n\u00e3o se destina a ser utilizado por pessoas com menos de 18 anos de idade. Manter fora do alcance das crian\u00e7as. N\u00e3o utilizar se tiver tens\u00e3o arterial alta ou baixa, problemas card\u00edacos ou pulmonares, diabetes, estiver gr\u00e1vida ou a tomar medicamentos, drogas ou \u00e1lcool. Consultar sempre um profissional de sa\u00fade antes de utilizar qualquer suplemento.<\/p>","protected":false},"excerpt":{"rendered":"<p>A White Bali \u00e9 uma estirpe de kratom perfeita para os amantes do efeito da kratom de foco suave e energ\u00e9tico. Se precisares de um efeito poderoso, mais forte que o do caf\u00e9, esta linhagem \u00e9 a que te pode dar esse efeito! Prepara-te para um zumbido energ\u00e9tico agrad\u00e1vel e um melhor fluxo, concentra\u00e7\u00e3o e criatividade. A kratom White Vein perfeita para criativos e loucos por produtividade!<\/p>","protected":false},"featured_media":126046,"template":"","meta":[],"product_brand":[],"product_cat":[599,297,512,477,509,510,511,476],"product_tag":[],"class_list":{"0":"post-42177","1":"product","2":"type-product","3":"status-publish","4":"has-post-thumbnail","6":"product_cat-kratopia","7":"product_cat-all-products","8":"product_cat-extracts","9":"product_cat-herbs","10":"product_cat-kratom","11":"product_cat-relax","12":"product_cat-relax-herbs","13":"product_cat-smartshop","14":"product_shipping_class-creditcard-off","16":"first","17":"instock","18":"taxable","19":"shipping-taxable","20":"purchasable","21":"product-type-variable","22":"has-default-attributes"},"_links":{"self":[{"href":"https:\/\/www.tatanka.nl\/pt\/wp-json\/wp\/v2\/product\/42177","targetHints":{"allow":["GET"]}}],"collection":[{"href":"https:\/\/www.tatanka.nl\/pt\/wp-json\/wp\/v2\/product"}],"about":[{"href":"https:\/\/www.tatanka.nl\/pt\/wp-json\/wp\/v2\/types\/product"}],"wp:featuredmedia":[{"embeddable":true,"href":"https:\/\/www.tatanka.nl\/pt\/wp-json\/wp\/v2\/media\/126046"}],"wp:attachment":[{"href":"https:\/\/www.tatanka.nl\/pt\/wp-json\/wp\/v2\/media?parent=42177"}],"wp:term":[{"taxonomy":"product_brand","embeddable":true,"href":"https:\/\/www.tatanka.nl\/pt\/wp-json\/wp\/v2\/product_brand?post=42177"},{"taxonomy":"product_cat","embeddable":true,"href":"https:\/\/www.tatanka.nl\/pt\/wp-json\/wp\/v2\/product_cat?post=42177"},{"taxonomy":"product_tag","embeddable":true,"href":"https:\/\/www.tatanka.nl\/pt\/wp-json\/wp\/v2\/product_tag?post=42177"}],"curies":[{"name":"wp","href":"https:\/\/api.w.org\/{rel}","templated":true}]}}