{"id":42178,"date":"2022-03-08T11:57:03","date_gmt":"2022-03-08T09:57:03","guid":{"rendered":"https:\/\/www.tatanka.nl\/product\/white-borneo-kratom\/"},"modified":"2025-11-18T15:37:47","modified_gmt":"2025-11-18T14:37:47","slug":"white-borneo-kratom","status":"publish","type":"product","link":"https:\/\/www.tatanka.nl\/pt\/white-borneo-kratom\/","title":{"rendered":"White Borneo Kratom"},"content":{"rendered":"<h2 data-start=\"0\" data-end=\"31\">O que \u00e9 o White Borneo Kratom?<\/h2>\n<p data-start=\"33\" data-end=\"489\">A White Borneo Kratom \u00e9 uma estirpe \u00fanica da Kratom, derivada da \u00e1rvore Mitragyna speciosa, conhecida pelos seus efeitos estimulantes dos sentidos. Esta variedade \u00e9 particularmente eficaz para aumentar a concentra\u00e7\u00e3o e a clareza mental, tornando-a uma escolha preferida para quem procura melhorar a concentra\u00e7\u00e3o. Com o nome da ilha de Born\u00e9u, onde \u00e9 cultivada, a White Borneo Kratom \u00e9 conhecida pelo seu elevado teor de alcal\u00f3ides, o que influencia as suas poderosas propriedades psicoactivas.<\/p>\n<p data-start=\"491\" data-end=\"914\">Ao contr\u00e1rio de outras variedades de Kratom, a White Borneo Kratom melhora a perce\u00e7\u00e3o sensorial, especialmente a vis\u00e3o e a concentra\u00e7\u00e3o. Os utilizadores relatam geralmente uma maior clareza mental e uma maior capacidade de concentra\u00e7\u00e3o, o que a torna ideal para tarefas que exigem aten\u00e7\u00e3o constante. Quando consumida em doses baixas, a White Borneo Kratom oferece uma melhoria cognitiva sem se tornar avassaladora, o que a torna uma ferramenta \u00fatil para a produtividade e o desempenho mental.<\/p>\n<h2 data-start=\"916\" data-end=\"949\">Hist\u00f3ria do White Borneo Kratom<\/h2>\n<p data-start=\"951\" data-end=\"1326\">A White Borneo Kratom tem as suas ra\u00edzes na utiliza\u00e7\u00e3o tradicional da Kratom no Sudeste Asi\u00e1tico, onde \u00e9 utilizada h\u00e1 s\u00e9culos pelos seus benef\u00edcios medicinais, como o al\u00edvio da dor, a regula\u00e7\u00e3o do humor e o aumento da energia. A variedade White Borneo, no entanto, s\u00f3 recentemente ganhou popularidade nos mercados globais, principalmente devido aos seus efeitos de aumento da concentra\u00e7\u00e3o e clareza mental.<\/p>\n<p data-start=\"1328\" data-end=\"1780\">Cultivada na ilha de Born\u00e9u, esta variedade beneficia das condi\u00e7\u00f5es ideais de solo e clima da regi\u00e3o. As propriedades \u00fanicas da White Borneo Kratom resultam de m\u00e9todos espec\u00edficos de secagem e processamento que preservam uma elevada concentra\u00e7\u00e3o de alcal\u00f3ides. Estes m\u00e9todos conferem \u00e0 variedade os seus efeitos distintivos e contribu\u00edram para o aumento da sua popularidade, particularmente nos mercados ocidentais, onde serve como alternativa natural aos estimulantes sint\u00e9ticos.<\/p>\n<h2 data-start=\"1782\" data-end=\"1815\">Como utilizar o White Borneo Kratom<\/h2>\n<p data-start=\"1817\" data-end=\"2122\">A forma mais comum de consumir o White Borneo Kratom \u00e9 transformando-o em ch\u00e1. Para preparar, basta dissolver 4 a 5 gramas de Kratom em p\u00f3 em \u00e1gua quente (70-95 graus Celsius) e deixar em infus\u00e3o durante 3 a 5 minutos. O resultado \u00e9 um ch\u00e1 suave e agrad\u00e1vel que produz os efeitos desejados sem prepara\u00e7\u00e3o adicional.<\/p>\n<p data-start=\"2124\" data-end=\"2653\">Para obteres os melhores resultados, come\u00e7a com uma dose baixa para avaliares a resposta do teu corpo, especialmente se fores novo no Kratom. O White Borneo Kratom proporciona um aumento gradual da concentra\u00e7\u00e3o, com efeitos que come\u00e7am normalmente cerca de 15 minutos ap\u00f3s o consumo. Alguns utilizadores preferem misturar o p\u00f3 com sumos de fruta, como o sumo de laranja, para melhorar os efeitos sensoriais e o sabor. Lembre-se de que os efeitos podem variar dependendo de factores como o peso, a idade e a sa\u00fade em geral, por isso \u00e9 importante come\u00e7ar com doses pequenas e ajust\u00e1-las conforme necess\u00e1rio.<\/p>\n<h2 data-start=\"2655\" data-end=\"2692\">Ingredientes de White Borneo Kratom<\/h2>\n<p data-start=\"2694\" data-end=\"3098\">O ingrediente principal do White Borneo Kratom \u00e9 a folha em p\u00f3 da \u00e1rvore Mitragyna speciosa, cultivada na ilha de Born\u00e9u. As folhas s\u00e3o colhidas na altura certa, quando est\u00e3o parcialmente maduras, para preservar a maior concentra\u00e7\u00e3o de alcal\u00f3ides. Estes compostos activos, principalmente a mitragina e a 7-hidroximitragina, s\u00e3o respons\u00e1veis pelos efeitos estimulantes e de concentra\u00e7\u00e3o da variedade.<\/p>\n<p data-start=\"3100\" data-end=\"3602\">Ap\u00f3s a colheita, as folhas s\u00e3o submetidas a um processo de secagem controlado que ajuda a manter o seu teor de alcal\u00f3ides e garante as propriedades \u00fanicas da variedade, incluindo uma maior clareza mental e uma melhor perce\u00e7\u00e3o sensorial. Ao contr\u00e1rio de outras variedades de Kratom, o processo de secagem da White Borneo preserva a sua cor branca e os seus efeitos potentes. Sendo um produto completamente natural, a White Borneo Kratom n\u00e3o cont\u00e9m qu\u00edmicos ou conservantes artificiais, oferecendo aos utilizadores um suplemento puro, \u00e0 base de plantas, para melhorar a cogni\u00e7\u00e3o.<\/p>\n<p data-start=\"3604\" data-end=\"3614\"><strong>Aviso<\/strong><\/p>\n<p data-start=\"3616\" data-end=\"3939\" data-is-last-node=\"\">Este produto n\u00e3o se destina a ser vendido ou utilizado por pessoas com menos de 18 anos de idade. Manter fora do alcance das crian\u00e7as. N\u00e3o utilizar se tiver tens\u00e3o arterial alta ou baixa, problemas card\u00edacos ou pulmonares, diabetes, estiver gr\u00e1vida ou a tomar medicamentos, drogas ou \u00e1lcool. Consultar sempre um profissional de sa\u00fade antes de utilizar qualquer suplemento.<\/p>","protected":false},"excerpt":{"rendered":"<p>A kratom em p\u00f3 White Borneo \u00e9 adorada pelos amantes da kratom que procuram energia. Esta \u00e9 uma variedade perfeita de kratom White Vein que pode aumentar a produtividade, o fluxo e a concentra\u00e7\u00e3o. Muitos utilizadores relatam uma energia melhorada e uma disposi\u00e7\u00e3o geral mais alegre. A White Borneo \u00e9 uma variedade de kratom popular durante o dia, para quando se precisa de um pouco de al\u00edvio para o stress em vez de tomar outro caf\u00e9!<\/p>","protected":false},"featured_media":126043,"template":"","meta":[],"product_brand":[],"product_cat":[599,297,512,477,509,510,511,476],"product_tag":[],"class_list":{"0":"post-42178","1":"product","2":"type-product","3":"status-publish","4":"has-post-thumbnail","6":"product_cat-kratopia","7":"product_cat-all-products","8":"product_cat-extracts","9":"product_cat-herbs","10":"product_cat-kratom","11":"product_cat-relax","12":"product_cat-relax-herbs","13":"product_cat-smartshop","14":"product_shipping_class-creditcard-off","16":"first","17":"instock","18":"taxable","19":"shipping-taxable","20":"purchasable","21":"product-type-variable","22":"has-default-attributes"},"_links":{"self":[{"href":"https:\/\/www.tatanka.nl\/pt\/wp-json\/wp\/v2\/product\/42178","targetHints":{"allow":["GET"]}}],"collection":[{"href":"https:\/\/www.tatanka.nl\/pt\/wp-json\/wp\/v2\/product"}],"about":[{"href":"https:\/\/www.tatanka.nl\/pt\/wp-json\/wp\/v2\/types\/product"}],"wp:featuredmedia":[{"embeddable":true,"href":"https:\/\/www.tatanka.nl\/pt\/wp-json\/wp\/v2\/media\/126043"}],"wp:attachment":[{"href":"https:\/\/www.tatanka.nl\/pt\/wp-json\/wp\/v2\/media?parent=42178"}],"wp:term":[{"taxonomy":"product_brand","embeddable":true,"href":"https:\/\/www.tatanka.nl\/pt\/wp-json\/wp\/v2\/product_brand?post=42178"},{"taxonomy":"product_cat","embeddable":true,"href":"https:\/\/www.tatanka.nl\/pt\/wp-json\/wp\/v2\/product_cat?post=42178"},{"taxonomy":"product_tag","embeddable":true,"href":"https:\/\/www.tatanka.nl\/pt\/wp-json\/wp\/v2\/product_tag?post=42178"}],"curies":[{"name":"wp","href":"https:\/\/api.w.org\/{rel}","templated":true}]}}