{"id":42179,"date":"2022-03-08T11:57:03","date_gmt":"2022-03-08T09:57:03","guid":{"rendered":"https:\/\/www.tatanka.nl\/product\/white-maeng-da-kratom\/"},"modified":"2025-11-18T15:37:47","modified_gmt":"2025-11-18T14:37:47","slug":"white-maeng-da-kratom","status":"publish","type":"product","link":"https:\/\/www.tatanka.nl\/pt\/white-maeng-da-kratom\/","title":{"rendered":"White Maeng Da Kratom"},"content":{"rendered":"<h2 data-start=\"0\" data-end=\"33\">O que \u00e9 o White Maeng Da Kratom?<\/h2>\n<p data-start=\"35\" data-end=\"597\">A White Maeng Da Kratom \u00e9 uma estirpe bem conhecida da Kratom, reconhecida pelos seus efeitos energizantes. Proveniente da \u00e1rvore Mitragyna speciosa, esta estirpe \u00e9 especialmente potente devido ao seu elevado teor de alcal\u00f3ides, em particular a mitragina. Este composto \u00e9 o principal respons\u00e1vel pelos seus efeitos estimulantes e de melhoria do humor. As folhas s\u00e3o colhidas numa fase espec\u00edfica, quando est\u00e3o parcialmente maduras, garantindo uma concentra\u00e7\u00e3o rica em alcal\u00f3ides psicoactivos. Este m\u00e9todo de colheita \u00fanico, associado a um processo de secagem especial, d\u00e1 \u00e0 White Maeng Da a sua cor branca distinta.<\/p>\n<p data-start=\"599\" data-end=\"1082\">Amplamente utilizada como um estimulante energ\u00e9tico natural, a White Maeng Da \u00e9 uma alternativa popular \u00e0 cafe\u00edna e a outros estimulantes. \u00c9 conhecida por aumentar a concentra\u00e7\u00e3o e a clareza mental, tornando-a ideal para quem precisa de uma explos\u00e3o extra de energia ou de um impulso mental ao longo do dia. Para obter os melhores resultados, \u00e9 normalmente transformada em ch\u00e1, o que permite a r\u00e1pida absor\u00e7\u00e3o dos seus alcal\u00f3ides. Os utilizadores sentem frequentemente os seus efeitos em 15 minutos, com resultados que duram v\u00e1rias horas.<\/p>\n<h2 data-start=\"1084\" data-end=\"1119\">Hist\u00f3ria do White Maeng Da Kratom<\/h2>\n<p data-start=\"1121\" data-end=\"1487\">A White Maeng Da Kratom tem as suas ra\u00edzes no sudeste asi\u00e1tico, onde a Kratom tem sido tradicionalmente usada para fins medicinais. O termo \"Maeng Da\" refere-se a uma variedade premium e cuidadosamente cultivada da Kratom, que \u00e9 conhecida pelos seus efeitos potentes. Esta variedade \u00e9 colhida de forma a maximizar o seu conte\u00fado alcaloide, tornando-a numa das variedades mais fortes dispon\u00edveis.<\/p>\n<p data-start=\"1489\" data-end=\"2046\">Cultivada originalmente na Thail\u00e2ndia, a Maeng Da Kratom espalhou-se por outras partes do Sudeste Asi\u00e1tico, tornando-se conhecida pelas suas propriedades revigorantes e estimulantes do humor. Com o tempo, a White Maeng Da Kratom ganhou popularidade nos pa\u00edses ocidentais, especialmente nos Estados Unidos, onde \u00e9 preferida pelos seus efeitos energizantes e de concentra\u00e7\u00e3o. Na Calif\u00f3rnia, \u00e9 habitualmente misturado em batidos ou ch\u00e1s para um impulso energ\u00e9tico natural. O processo de secagem \u00fanico e o poderoso teor de alcal\u00f3ides distinguem-na de outras variedades Kratom, contribuindo para o seu atrativo global.<\/p>\n<h2 data-start=\"2048\" data-end=\"2083\">Como utilizar o White Maeng Da Kratom<\/h2>\n<p data-start=\"2085\" data-end=\"2489\">A forma mais eficaz de consumir o White Maeng Da Kratom \u00e9 transformando-o em ch\u00e1. Para preparar, dissolver 4 a 5 gramas de Kratom em p\u00f3 em \u00e1gua quente (entre 70-95 graus Celsius) e deixar em infus\u00e3o durante 3 a 5 minutos. N\u00e3o \u00e9 necess\u00e1rio coar, pois toda a mistura pode ser consumida. Uma dose de 3 a 5 gramas proporciona efeitos ligeiros a moderados, mas a sensibilidade individual e o peso corporal podem exigir ajustes.<\/p>\n<p data-start=\"2491\" data-end=\"2985\">Normalmente, s\u00e3o necess\u00e1rios cerca de 15 minutos para que os efeitos energizantes da White Maeng Da se tornem vis\u00edveis, embora isso varie com base em factores como a idade, a sa\u00fade e o sexo. Para novos utilizadores, \u00e9 aconselh\u00e1vel come\u00e7ar com uma dose mais baixa e aumentar gradualmente conforme necess\u00e1rio. Alguns utilizadores preferem misturar o p\u00f3 Kratom em smoothies ou batidos para maior comodidade. No entanto, recomenda-se cautela, pois doses mais altas podem produzir efeitos calmantes em vez do impulso estimulante comumente associado a essa cepa.<\/p>\n<h2 data-start=\"2987\" data-end=\"3026\">Ingredientes de White Maeng Da Kratom<\/h2>\n<p data-start=\"3028\" data-end=\"3372\">O White Maeng Da Kratom \u00e9 composto principalmente por folhas em p\u00f3 da \u00e1rvore Mitragyna speciosa. Estas folhas s\u00e3o colhidas quando est\u00e3o parcialmente maduras para garantir a preserva\u00e7\u00e3o da quantidade m\u00e1xima de alcal\u00f3ides. Os alcal\u00f3ides principais, incluindo a mitragina e a 7-hidroximitragina, s\u00e3o respons\u00e1veis pelas propriedades energizantes e estimulantes da variedade.<\/p>\n<p data-start=\"3374\" data-end=\"3738\">Ap\u00f3s a colheita, as folhas s\u00e3o submetidas a um processo especial de secagem em condi\u00e7\u00f5es escuras para manter a pot\u00eancia dos alcal\u00f3ides e obter a cor branca carater\u00edstica da variedade. N\u00e3o existem aditivos artificiais ou qu\u00edmicos envolvidos, o que faz da White Maeng Da um suplemento completamente natural. Isto garante que os utilizadores experimentam todos os benef\u00edcios dos compostos activos da Kratom.<\/p>\n<p data-start=\"3740\" data-end=\"4036\">O elevado teor de alcal\u00f3ides da White Maeng Da torna-a uma das variedades Kratom mais eficazes para aumentar a energia e melhorar a clareza mental. Quando usada de forma respons\u00e1vel, oferece uma alternativa natural \u00e0 cafe\u00edna e a outros estimulantes sint\u00e9ticos, sem os efeitos secund\u00e1rios comuns a eles associados.<\/p>\n<p data-start=\"4038\" data-end=\"4048\"><strong>Aviso<\/strong><\/p>\n<p data-start=\"4050\" data-end=\"4413\" data-is-last-node=\"\">A venda e utiliza\u00e7\u00e3o do White Maeng Da Kratom s\u00e3o proibidas a indiv\u00edduos com menos de 18 anos de idade. Manter fora do alcance das crian\u00e7as. Este produto n\u00e3o deve ser utilizado por pessoas com tens\u00e3o arterial alta ou baixa, problemas card\u00edacos ou pulmonares, diabetes, gr\u00e1vidas ou pessoas que estejam a tomar medicamentos, drogas ou \u00e1lcool. Consultar sempre um profissional de sa\u00fade antes da utiliza\u00e7\u00e3o.<\/p>","protected":false},"excerpt":{"rendered":"<p>A White Maeng Da \u00e9 uma \u00f3ptima variedade de kratom White Vein, perfeita para quem procura mais motiva\u00e7\u00e3o e um grande impulso de energia. Quando o trabalho tem de ser feito e o caf\u00e9 n\u00e3o d\u00e1 conta do recado, h\u00e1 quem considere que esta variedade d\u00e1 um pequeno, mas poderoso, impulso energ\u00e9tico. Muitos utilizadores relatam uma melhor concentra\u00e7\u00e3o e facilidade de pensamento, por isso esta \u00e9 uma variedade de kratom perfeita para o dia!<\/p>","protected":false},"featured_media":126039,"template":"","meta":[],"product_brand":[],"product_cat":[599,297,512,477,509,510,511,476],"product_tag":[],"class_list":{"0":"post-42179","1":"product","2":"type-product","3":"status-publish","4":"has-post-thumbnail","6":"product_cat-kratopia","7":"product_cat-all-products","8":"product_cat-extracts","9":"product_cat-herbs","10":"product_cat-kratom","11":"product_cat-relax","12":"product_cat-relax-herbs","13":"product_cat-smartshop","14":"product_shipping_class-creditcard-off","16":"first","17":"instock","18":"taxable","19":"shipping-taxable","20":"purchasable","21":"product-type-variable","22":"has-default-attributes"},"_links":{"self":[{"href":"https:\/\/www.tatanka.nl\/pt\/wp-json\/wp\/v2\/product\/42179","targetHints":{"allow":["GET"]}}],"collection":[{"href":"https:\/\/www.tatanka.nl\/pt\/wp-json\/wp\/v2\/product"}],"about":[{"href":"https:\/\/www.tatanka.nl\/pt\/wp-json\/wp\/v2\/types\/product"}],"wp:featuredmedia":[{"embeddable":true,"href":"https:\/\/www.tatanka.nl\/pt\/wp-json\/wp\/v2\/media\/126039"}],"wp:attachment":[{"href":"https:\/\/www.tatanka.nl\/pt\/wp-json\/wp\/v2\/media?parent=42179"}],"wp:term":[{"taxonomy":"product_brand","embeddable":true,"href":"https:\/\/www.tatanka.nl\/pt\/wp-json\/wp\/v2\/product_brand?post=42179"},{"taxonomy":"product_cat","embeddable":true,"href":"https:\/\/www.tatanka.nl\/pt\/wp-json\/wp\/v2\/product_cat?post=42179"},{"taxonomy":"product_tag","embeddable":true,"href":"https:\/\/www.tatanka.nl\/pt\/wp-json\/wp\/v2\/product_tag?post=42179"}],"curies":[{"name":"wp","href":"https:\/\/api.w.org\/{rel}","templated":true}]}}