{"id":42532,"date":"2022-03-14T10:32:16","date_gmt":"2022-03-14T08:32:16","guid":{"rendered":"https:\/\/www.tatanka.nl\/?post_type=product&#038;p=42532"},"modified":"2025-07-08T15:18:08","modified_gmt":"2025-07-08T14:18:08","slug":"raw-pre-rolled-tips","status":"publish","type":"product","link":"https:\/\/www.tatanka.nl\/pt\/raw-pre-rolled-tips\/","title":{"rendered":"Raw Pr\u00e9-laminado Tips"},"content":{"rendered":"<h2 dir=\"ltr\" data-pm-slice=\"1 1 []\">O que \u00e9 o RAW Pre-Rolled Tips?<\/h2>\n<p dir=\"ltr\">RAW Pre-Rolled Tips s\u00e3o acess\u00f3rios inovadores para fumadores, criados para simplificar o processo de enrolar. Fabricadas a partir de fibras vegetais naturais n\u00e3o branqueadas, estas pontas de filtro pr\u00e9-enroladas eliminam a necessidade de moldar as pontas manualmente, oferecendo comodidade a todos os fumadores. Cada embalagem cont\u00e9m 21 pontas, com 20 embalagens por caixa, garantindo um fornecimento fi\u00e1vel. Concebidas para se adaptarem perfeitamente a v\u00e1rios pap\u00e9is de enrolar, as RAW Pre-Rolled Tips proporcionam uma tra\u00e7\u00e3o suave e consistente, reduzindo a aspereza e preservando o sabor do material a fumar. A sua composi\u00e7\u00e3o sem aditivos e amiga do ambiente reflecte o compromisso da RAW para com a sustentabilidade e a qualidade, tornando-as ideais para utilizadores preocupados com o ambiente. Perfeitas para principiantes ou para quem procura efici\u00eancia, estas pontas simplificam o enrolamento sem comprometer a autenticidade. O design patenteado sublinha a dedica\u00e7\u00e3o da RAW \u00e0 cria\u00e7\u00e3o de produtos de alta qualidade, centrados no utilizador, que melhoram a experi\u00eancia de fumar, tornando o RAW Pre-Rolled Tips um produto imprescind\u00edvel para os fumadores que valorizam a praticidade, a pureza e uma abordagem natural e sem complica\u00e7\u00f5es ao enrolar, que se alinha com os valores sustent\u00e1veis modernos.<\/p>\n<h2 dir=\"ltr\">Hist\u00f3ria da RAW Pr\u00e9-Laminada Tips<\/h2>\n<p dir=\"ltr\">As RAW Pre-Rolled Tips nasceram da miss\u00e3o da RAW de liderar a ind\u00fastria do papel de enrolar com solu\u00e7\u00f5es inovadoras e amigas do ambiente. Concebidas a pedido de um amigo para um m\u00e9todo de enrolamento mais r\u00e1pido, estas pontas foram inicialmente enroladas \u00e0 m\u00e3o, mostrando o compromisso da RAW com o artesanato. Lan\u00e7adas como uma inven\u00e7\u00e3o patenteada nos Estados Unidos, elas responderam \u00e0s dificuldades dos fumadores que achavam dif\u00edcil enrolar as pontas tradicionais, ganhando rapidamente popularidade pela sua conveni\u00eancia. Com o aumento da procura, a RAW desenvolveu uma m\u00e1quina especializada para produzir as pontas em escala, mantendo a sua qualidade natural e sem aditivos. Isto marcou um momento crucial na evolu\u00e7\u00e3o do produto, misturando valores tradicionais com efici\u00eancia moderna. Ao longo do tempo, a RAW aperfei\u00e7oou as pontas utilizando fibras vegetais sustent\u00e1veis, refor\u00e7ando o seu car\u00e1cter ambiental. As RAW Pre-Rolled Tips tornaram-se uma pedra angular do legado da marca, personificando a sua filosofia \"pura e crua\". A sua viagem de uma inova\u00e7\u00e3o em pequena escala para um favorito global destaca a capacidade da RAW para antecipar as necessidades dos fumadores, oferecendo um produto que equilibra funcionalidade, sustentabilidade e autenticidade, e continua a redefinir a conveni\u00eancia no mercado de acess\u00f3rios para fumar.<\/p>\n<h2 dir=\"ltr\">Como utilizar o RAW pr\u00e9-enrolado Tips<\/h2>\n<p dir=\"ltr\">Usar o RAW Pre-Rolled Tips \u00e9 simples e melhora a experi\u00eancia de enrolar para todos os n\u00edveis de habilidade. Selecione uma ponta do pacote de 21, observando a sua forma pr\u00e9-enrolada e cil\u00edndrica. Coloque a ponta numa das extremidades do seu papel de enrolar, certificando-se de que est\u00e1 bem alinhada. Adiciona o material legal para fumar que escolheste ao longo do centro do papel, depois dobra e enrola o papel firmemente \u00e0 volta da ponta. Humede\u00e7a a fita adesiva do papel para selar, aproveitando a estrutura da ponta para um enrolamento firme e uniforme. A ponta promove um fluxo de ar suave, minimizando a aspereza e melhorando o sabor. Guarde a embalagem num local fresco e seco para preservar a qualidade. Compat\u00edveis com a maioria dos rolos de papel, os RAW Pre-Rolled Tips s\u00e3o vers\u00e1teis, ideais para sess\u00f5es r\u00e1pidas ou rolos de lazer. O seu design natural e amigo do ambiente acrescenta valor, apoiando pr\u00e1ticas sustent\u00e1veis. Quer seja um principiante ou um enrolador experiente, estas pontas oferecem fiabilidade e facilidade, garantindo um fumo consistente e de alta qualidade. Perfeitas para utiliza\u00e7\u00e3o em viagem ou em casa, tornam cada sess\u00e3o f\u00e1cil, proporcionando uma experi\u00eancia limpa e agrad\u00e1vel, adaptada \u00e0s suas prefer\u00eancias, com o m\u00ednimo de esfor\u00e7o.<\/p>\n<h2 dir=\"ltr\">Ingredientes de RAW Pre-Rolled Tips<\/h2>\n<p dir=\"ltr\">Os RAW Pre-Rolled Tips s\u00e3o fabricados com uma composi\u00e7\u00e3o minimalista e ecol\u00f3gica para uma experi\u00eancia de fumo pura. O \u00fanico ingrediente s\u00e3o as fibras vegetais n\u00e3o branqueadas, provenientes de c\u00e2nhamo ou linho sustent\u00e1veis, processadas sem cloro, corantes ou aditivos. Estas fibras s\u00e3o formadas em cilindros pr\u00e9-enrolados, garantindo a durabilidade e um fluxo de ar suave sem alterar o sabor do material para fumar. Sem cargas artificiais ou qu\u00edmicos, as pontas produzem um m\u00ednimo de cinzas, mantendo um fumo limpo. A aus\u00eancia de componentes sint\u00e9ticos alinha-se com o compromisso da RAW com a autenticidade e a responsabilidade ambiental. As fibras vegetais s\u00e3o obtidas de forma respons\u00e1vel, minimizando o impacto ecol\u00f3gico e apoiando pr\u00e1ticas sustent\u00e1veis. Este perfil simples de ingredientes garante que o RAW Pre-Rolled Tips proporciona uma experi\u00eancia de alta qualidade e n\u00e3o adulterada, apelando aos fumadores que d\u00e3o prioridade \u00e0 pureza e \u00e0 sustentabilidade. A sua natureza biodegrad\u00e1vel aumenta ainda mais o seu atrativo, oferecendo um acess\u00f3rio amigo do ambiente que n\u00e3o compromete o desempenho. Ao privilegiar materiais naturais e de alta qualidade, estas pontas proporcionam uma op\u00e7\u00e3o fi\u00e1vel e sem culpa para os enroladores, melhorando o ritual de fumar com um trago limpo e consistente, ao mesmo tempo que reflectem a dedica\u00e7\u00e3o da RAW em criar produtos eficazes e amigos do planeta.<\/p>\n<p dir=\"ltr\"><strong>Aviso<\/strong><br \/>\nRAW Pre-Rolled Tips destinam-se a ser utilizados apenas com materiais legais para fumar. Assegurar uma ventila\u00e7\u00e3o adequada quando se fuma, uma vez que fumar apresenta riscos para a sa\u00fade. Manter fora do alcance das crian\u00e7as e armazenar num local seco para preservar a qualidade. Utilizar de forma respons\u00e1vel.<\/p>","protected":false},"excerpt":{"rendered":"<p dir=\"ltr\" data-pm-slice=\"1 1 []\">RAW Pre-Rolled Tips s\u00e3o pontas de filtro pr\u00e9-enroladas amigas do ambiente, feitas de fibras vegetais naturais, concebidas para enrolar r\u00e1pida e facilmente. Cada embalagem cont\u00e9m 21 pontas, com 20 embalagens por caixa.<\/p>","protected":false},"featured_media":44839,"template":"","meta":[],"product_brand":[],"product_cat":[571,297,488,471,492,564],"product_tag":[],"class_list":{"0":"post-42532","1":"product","2":"type-product","3":"status-publish","4":"has-post-thumbnail","6":"product_cat-tips","7":"product_cat-all-products","8":"product_cat-headshop","9":"product_cat-raw","10":"product_cat-rolling-papers","11":"product_cat-unbleached-rolling-papers","12":"product_shipping_class-creditcard-on","14":"first","15":"instock","16":"taxable","17":"shipping-taxable","18":"purchasable","19":"product-type-variable","20":"has-default-attributes"},"_links":{"self":[{"href":"https:\/\/www.tatanka.nl\/pt\/wp-json\/wp\/v2\/product\/42532","targetHints":{"allow":["GET"]}}],"collection":[{"href":"https:\/\/www.tatanka.nl\/pt\/wp-json\/wp\/v2\/product"}],"about":[{"href":"https:\/\/www.tatanka.nl\/pt\/wp-json\/wp\/v2\/types\/product"}],"wp:featuredmedia":[{"embeddable":true,"href":"https:\/\/www.tatanka.nl\/pt\/wp-json\/wp\/v2\/media\/44839"}],"wp:attachment":[{"href":"https:\/\/www.tatanka.nl\/pt\/wp-json\/wp\/v2\/media?parent=42532"}],"wp:term":[{"taxonomy":"product_brand","embeddable":true,"href":"https:\/\/www.tatanka.nl\/pt\/wp-json\/wp\/v2\/product_brand?post=42532"},{"taxonomy":"product_cat","embeddable":true,"href":"https:\/\/www.tatanka.nl\/pt\/wp-json\/wp\/v2\/product_cat?post=42532"},{"taxonomy":"product_tag","embeddable":true,"href":"https:\/\/www.tatanka.nl\/pt\/wp-json\/wp\/v2\/product_tag?post=42532"}],"curies":[{"name":"wp","href":"https:\/\/api.w.org\/{rel}","templated":true}]}}