{"id":42535,"date":"2022-03-14T10:32:22","date_gmt":"2022-03-14T08:32:22","guid":{"rendered":"https:\/\/www.tatanka.nl\/?post_type=product&#038;p=42535"},"modified":"2025-05-20T08:33:28","modified_gmt":"2025-05-20T07:33:28","slug":"actitube-activated-charcoal-slim-filter-tip","status":"publish","type":"product","link":"https:\/\/www.tatanka.nl\/pt\/actitube-activated-charcoal-slim-filter-tip\/","title":{"rendered":"ActiTube Carv\u00e3o ativado com ponta de filtro fina"},"content":{"rendered":"<h2>Acerca do Actitube<\/h2>\n<p>Se h\u00e1 uma marca inteligente para fumar, \u00e9 esta! A Attitude \u00e9 inovadora no que diz respeito \u00e0 filtragem do fumo da can\u00e1bis e do tabaco. Resumindo, se nunca experimentou fumar o seu charro com filtros de carv\u00e3o activados por actitube, est\u00e1 a perder!<\/p>","protected":false},"excerpt":{"rendered":"<p>Filtros de enrolar finos para charros... com um toque saud\u00e1vel! Estes s\u00e3o filtros de carv\u00e3o ativado feitos especialmente para os fumadores de can\u00e1bis. Limpam as coisas m\u00e1s e tornam a sua baforada muito mais agrad\u00e1vel, sem fazer com que perca qualquer \"coisa boa\" da sua can\u00e1bis. Se nunca experimentou enrolar o seu charro com a ponta de filtro ActiTube - est\u00e1 a perder uma grande oportunidade!<\/p>","protected":false},"featured_media":45271,"template":"","meta":[],"product_brand":[],"product_cat":[567,297,556,488,492,571],"product_tag":[],"class_list":{"0":"post-42535","1":"product","2":"type-product","3":"status-publish","4":"has-post-thumbnail","6":"product_cat-filters","7":"product_cat-all-products","8":"product_cat-charcoal-filter-tips","9":"product_cat-headshop","10":"product_cat-rolling-papers","11":"product_cat-tips","12":"product_shipping_class-creditcard-on","14":"first","15":"instock","16":"taxable","17":"shipping-taxable","18":"purchasable","19":"product-type-variable","20":"has-default-attributes"},"_links":{"self":[{"href":"https:\/\/www.tatanka.nl\/pt\/wp-json\/wp\/v2\/product\/42535","targetHints":{"allow":["GET"]}}],"collection":[{"href":"https:\/\/www.tatanka.nl\/pt\/wp-json\/wp\/v2\/product"}],"about":[{"href":"https:\/\/www.tatanka.nl\/pt\/wp-json\/wp\/v2\/types\/product"}],"wp:featuredmedia":[{"embeddable":true,"href":"https:\/\/www.tatanka.nl\/pt\/wp-json\/wp\/v2\/media\/45271"}],"wp:attachment":[{"href":"https:\/\/www.tatanka.nl\/pt\/wp-json\/wp\/v2\/media?parent=42535"}],"wp:term":[{"taxonomy":"product_brand","embeddable":true,"href":"https:\/\/www.tatanka.nl\/pt\/wp-json\/wp\/v2\/product_brand?post=42535"},{"taxonomy":"product_cat","embeddable":true,"href":"https:\/\/www.tatanka.nl\/pt\/wp-json\/wp\/v2\/product_cat?post=42535"},{"taxonomy":"product_tag","embeddable":true,"href":"https:\/\/www.tatanka.nl\/pt\/wp-json\/wp\/v2\/product_tag?post=42535"}],"curies":[{"name":"wp","href":"https:\/\/api.w.org\/{rel}","templated":true}]}}