{"id":42595,"date":"2022-03-14T10:32:39","date_gmt":"2022-03-14T08:32:39","guid":{"rendered":"https:\/\/www.tatanka.nl\/?post_type=product&#038;p=42595"},"modified":"2024-09-17T11:36:46","modified_gmt":"2024-09-17T10:36:46","slug":"raw-pre-rolled-organic-hemp-king-size-cones","status":"publish","type":"product","link":"https:\/\/www.tatanka.nl\/pt\/raw-pre-rolled-organic-hemp-king-size-cones\/","title":{"rendered":"Raw C\u00e2nhamo org\u00e2nico pr\u00e9-enrolado, tamanho King Size Cones"},"content":{"rendered":"<h2>Sobre o Raw Natural Rolling Papers<\/h2>\n<p>H\u00e1 uma raz\u00e3o pela qual os pap\u00e9is para enrolar Raw s\u00e3o uma das marcas de papel para enrolar mais reconhecidas no mundo. O Raw \u00e9 conhecido n\u00e3o s\u00f3 pela sua qualidade ultra elevada, mas tamb\u00e9m pelos seus materiais naturais. E quando dizemos naturais, queremos dizer - mesmo naturais!<\/p>\n<p>Todos os pap\u00e9is de enrolar Raw n\u00e3o s\u00e3o branqueados e n\u00e3o s\u00e3o refinados. O Raw n\u00e3o utiliza corantes, aditivos de queima ou giz no fabrico dos seus pap\u00e9is. Todos os pap\u00e9is Raw s\u00e3o feitos apenas de materiais naturais como plantas.<\/p>\n<p>Isto significa que quando enrolar com o Raw, poder\u00e1 sentir o n\u00edvel natural m\u00e1ximo do seu fumo. Usa o Raw para fumares a s\u00e9rio!<\/p>","protected":false},"excerpt":{"rendered":"<p>Papel de enrolar de c\u00e2nhamo da mais alta qualidade? Verificar! Cones j\u00e1 pr\u00e9-enrolados para enrolar com pregui\u00e7a? Verificar duas vezes! Enrole os seus charros mais rapidamente e certifique-se de que todos queimam uniformemente com os cones de c\u00e2nhamo pr\u00e9-enrolados da Raw. Pode esperar ter papel da melhor qualidade que queimar\u00e1 lenta e uniformemente! Adoro estes!<\/p>","protected":false},"featured_media":44911,"template":"","meta":[],"product_brand":[],"product_cat":[297,505,488,565,471,492,564],"product_tag":[],"class_list":{"0":"post-42595","1":"product","2":"type-product","3":"status-publish","4":"has-post-thumbnail","6":"product_cat-all-products","7":"product_cat-cones","8":"product_cat-headshop","9":"product_cat-hemp-rolling-papers","10":"product_cat-raw","11":"product_cat-rolling-papers","12":"product_cat-unbleached-rolling-papers","13":"product_shipping_class-creditcard-on","15":"first","16":"outofstock","17":"taxable","18":"shipping-taxable","19":"product-type-variable","20":"has-default-attributes"},"_links":{"self":[{"href":"https:\/\/www.tatanka.nl\/pt\/wp-json\/wp\/v2\/product\/42595","targetHints":{"allow":["GET"]}}],"collection":[{"href":"https:\/\/www.tatanka.nl\/pt\/wp-json\/wp\/v2\/product"}],"about":[{"href":"https:\/\/www.tatanka.nl\/pt\/wp-json\/wp\/v2\/types\/product"}],"wp:featuredmedia":[{"embeddable":true,"href":"https:\/\/www.tatanka.nl\/pt\/wp-json\/wp\/v2\/media\/44911"}],"wp:attachment":[{"href":"https:\/\/www.tatanka.nl\/pt\/wp-json\/wp\/v2\/media?parent=42595"}],"wp:term":[{"taxonomy":"product_brand","embeddable":true,"href":"https:\/\/www.tatanka.nl\/pt\/wp-json\/wp\/v2\/product_brand?post=42595"},{"taxonomy":"product_cat","embeddable":true,"href":"https:\/\/www.tatanka.nl\/pt\/wp-json\/wp\/v2\/product_cat?post=42595"},{"taxonomy":"product_tag","embeddable":true,"href":"https:\/\/www.tatanka.nl\/pt\/wp-json\/wp\/v2\/product_tag?post=42595"}],"curies":[{"name":"wp","href":"https:\/\/api.w.org\/{rel}","templated":true}]}}