{"id":42653,"date":"2022-03-14T10:32:57","date_gmt":"2022-03-14T08:32:57","guid":{"rendered":"https:\/\/www.tatanka.nl\/?post_type=product&#038;p=42653"},"modified":"2025-07-08T10:54:48","modified_gmt":"2025-07-08T09:54:48","slug":"mascotte-active-filters-34-tips","status":"publish","type":"product","link":"https:\/\/www.tatanka.nl\/pt\/mascotte-active-filters-34-tips\/","title":{"rendered":"Mascotte Ativo Filters (34 pontas)"},"content":{"rendered":"<h2>O que \u00e9 o Active Filters?<\/h2>\n<p>Os Active Filters s\u00e3o acess\u00f3rios de ponta para fumar concebidos para revolucionar a experi\u00eancia com a can\u00e1bis. Utilizando carv\u00e3o ativado, os Active Filters removem as toxinas nocivas do fumo, preservando os sabores e efeitos desejados, proporcionando uma baforada mais limpa e suave. Ao contr\u00e1rio das pontas de papel tradicionais, que n\u00e3o oferecem filtragem, o Active Filters melhora a qualidade de cada tragada, tornando-o ideal para fumadores preocupados com a sa\u00fade que se recusam a comprometer o prazer. Estes filtros s\u00e3o f\u00e1ceis de utilizar, encaixando perfeitamente em charros enrolados ou dispositivos para fumar, e proporcionam uma melhoria not\u00e1vel do sabor e da sensa\u00e7\u00e3o. Perfeitos para utilizadores casuais e dedicados de can\u00e1bis, os Active Filters elevam o ritual de fumar, reduzindo a aspereza sem diminuir a pot\u00eancia da experi\u00eancia. O seu design inovador garante uma sess\u00e3o consistente e agrad\u00e1vel, quer se fume sozinho ou com amigos. Privilegiando a pureza e a qualidade, os Active Filters destinam-se aos fumadores modernos que procuram uma alternativa mais saud\u00e1vel \u00e0s pontas n\u00e3o filtradas. Compactos e port\u00e1teis, s\u00e3o uma mudan\u00e7a de paradigma para aqueles que valorizam uma experi\u00eancia de fumar refinada e sem toxinas, tornando cada tragada mais agrad\u00e1vel e menos nociva, ao mesmo tempo que mant\u00eam todo o espetro da magia da can\u00e1bis.<\/p>\n<h2>Hist\u00f3rico do Active Filters<\/h2>\n<p>O desenvolvimento do Active Filters est\u00e1 ligado \u00e0 evolu\u00e7\u00e3o da cultura tab\u00e1gica, em que a procura de experi\u00eancias mais seguras e agrad\u00e1veis impulsionou a inova\u00e7\u00e3o. Os acess\u00f3rios Smoking h\u00e1 muito que fazem parte do consumo de can\u00e1bis, com os primeiros utilizadores a utilizarem pontas de papel b\u00e1sicas ou filtros improvisados. A introdu\u00e7\u00e3o do carv\u00e3o ativado na filtragem, amplamente utilizado na purifica\u00e7\u00e3o do ar e da \u00e1gua, inspirou a sua aplica\u00e7\u00e3o ao tabaco no final do s\u00e9culo XX. O Active Filters surgiu como resposta \u00e0 crescente consciencializa\u00e7\u00e3o dos riscos para a sa\u00fade associados ao fumo n\u00e3o filtrado, oferecendo uma solu\u00e7\u00e3o que remove as toxinas ao mesmo tempo que preserva os compostos ben\u00e9ficos da can\u00e1bis. Esta inova\u00e7\u00e3o reflecte uma tend\u00eancia mais ampla para um consumo consciente da sa\u00fade, alinhando-se com o aumento de produtos de can\u00e1bis centrados no bem-estar. Com base na ci\u00eancia das propriedades de adsor\u00e7\u00e3o do carv\u00e3o vegetal, o Active Filters d\u00e1 um toque moderno aos m\u00e9todos tradicionais de fumar, apelando a uma nova gera\u00e7\u00e3o de fumadores. A sua crescente popularidade sublinha uma mudan\u00e7a cultural no sentido de experi\u00eancias de can\u00e1bis mais limpas e seguras, combinando pr\u00e1ticas de fumo hist\u00f3ricas com tecnologia de filtragem avan\u00e7ada. Os Active Filters honram este legado ao mesmo tempo que satisfazem as exig\u00eancias modernas, o que os torna uma escolha de destaque para quem procura melhorar o seu ritual de fumar com uma abordagem mais saud\u00e1vel e refinada.<\/p>\n<h2>Como utilizar o Active Filters<\/h2>\n<p>A utiliza\u00e7\u00e3o do Active Filters \u00e9 simples e melhora a sua experi\u00eancia de fumar can\u00e1bis com facilidade. Seleciona um filtro Active e insere-o na extremidade da boquilha do teu charro enrolado ou dispositivo para fumar compat\u00edvel, assegurando um ajuste perfeito. Enrole o charro como habitualmente, colocando a sua mistura de can\u00e1bis no papel, e incorpore o filtro antes de o selar. Acende o charro e inala atrav\u00e9s do filtro, desfrutando de um efeito mais suave e limpo, uma vez que o carv\u00e3o ativado remove as toxinas, preservando o sabor e os efeitos. Utilize o Active Filters num ambiente descontra\u00eddo, sozinho ou com amigos, para apreciar o seu sabor melhorado e a redu\u00e7\u00e3o da aspereza. Cada filtro foi concebido para uma utiliza\u00e7\u00e3o \u00fanica ou limitada, por isso substitua-o sempre que necess\u00e1rio para um desempenho \u00f3timo. Guarde os filtros n\u00e3o utilizados num local fresco e seco para manter a sua qualidade. Adequado para todos os n\u00edveis de experi\u00eancia, o Active Filters torna cada sess\u00e3o mais agrad\u00e1vel com o m\u00ednimo de esfor\u00e7o. Experimente com diferentes variedades para experimentar plenamente o perfil de sabor melhorado. Os filtros Active Filters transformam o ritual de fumar numa experi\u00eancia mais limpa e refinada, oferecendo uma alternativa mais saud\u00e1vel \u00e0s pontas n\u00e3o filtradas e assegurando ao mesmo tempo o pleno prazer dos efeitos da can\u00e1bis.<\/p>\n<h2>Ingredientes do Active Filters<\/h2>\n<p>Os Active Filters s\u00e3o fabricados com foco na simplicidade e efic\u00e1cia, utilizando principalmente carv\u00e3o ativado como componente principal. Este carv\u00e3o de alta qualidade, derivado de fontes naturais, como cascas de coco ou madeira, \u00e9 processado para criar uma estrutura porosa que absorve as toxinas e impurezas do fumo, proporcionando uma batida mais limpa. Os filtros s\u00e3o envolvidos num material de qualidade alimentar e resistente ao calor, frequentemente papel ou um inv\u00f3lucro biodegrad\u00e1vel, garantindo seguran\u00e7a e facilidade de utiliza\u00e7\u00e3o durante o fumo. Sem aditivos artificiais ou qu\u00edmicos, os filtros Active Filters d\u00e3o prioridade \u00e0 pureza, o que os torna uma escolha saud\u00e1vel para os entusiastas da can\u00e1bis. O carv\u00e3o ativado \u00e9 cuidadosamente selecionado para manter a consist\u00eancia e a efic\u00e1cia, preservando o sabor e a pot\u00eancia da can\u00e1bis e reduzindo as subst\u00e2ncias nocivas. Algumas variantes podem incluir fibras naturais para melhorar a integridade estrutural, garantindo que o filtro resiste durante a utiliza\u00e7\u00e3o. Guarde o Active Filters num local fresco e seco para preservar as suas propriedades de adsor\u00e7\u00e3o. Esta composi\u00e7\u00e3o minimalista e natural distingue o Active Filters como um acess\u00f3rio inovador e amigo do ambiente, oferecendo aos fumadores uma experi\u00eancia mais segura e suave que se alinha com as tend\u00eancias modernas de bem-estar, ao mesmo tempo que melhora a qualidade e o prazer de cada tragada com uma simplicidade inigual\u00e1vel.<\/p>\n<p><strong>Aviso<\/strong><br \/>\nManter fora do alcance das crian\u00e7as. N\u00e3o \u00e9 adequado para menores de 18 anos, mulheres gr\u00e1vidas ou pessoas com problemas respirat\u00f3rios. Utilizar de forma respons\u00e1vel e evitar a combina\u00e7\u00e3o com medicamentos, drogas ou \u00e1lcool.<\/p>","protected":false},"excerpt":{"rendered":"<p dir=\"auto\">Os filtros de carv\u00e3o ativado Active Filters, inovadores, melhoram o consumo de cannabis, eliminando as toxinas e preservando o sabor e os efeitos. Estes filtros proporcionam uma experi\u00eancia mais suave e mais limpa, o que os torna imprescind\u00edveis para os fumadores preocupados com a sa\u00fade e que procuram qualidade.<\/p>","protected":false},"featured_media":43520,"template":"","meta":[],"product_brand":[],"product_cat":[567,297,556,488,461,492,571],"product_tag":[],"class_list":{"0":"post-42653","1":"product","2":"type-product","3":"status-publish","4":"has-post-thumbnail","6":"product_cat-filters","7":"product_cat-all-products","8":"product_cat-charcoal-filter-tips","9":"product_cat-headshop","10":"product_cat-mascotte","11":"product_cat-rolling-papers","12":"product_cat-tips","13":"product_shipping_class-creditcard-on","15":"first","16":"instock","17":"taxable","18":"shipping-taxable","19":"purchasable","20":"product-type-variable","21":"has-default-attributes"},"_links":{"self":[{"href":"https:\/\/www.tatanka.nl\/pt\/wp-json\/wp\/v2\/product\/42653","targetHints":{"allow":["GET"]}}],"collection":[{"href":"https:\/\/www.tatanka.nl\/pt\/wp-json\/wp\/v2\/product"}],"about":[{"href":"https:\/\/www.tatanka.nl\/pt\/wp-json\/wp\/v2\/types\/product"}],"wp:featuredmedia":[{"embeddable":true,"href":"https:\/\/www.tatanka.nl\/pt\/wp-json\/wp\/v2\/media\/43520"}],"wp:attachment":[{"href":"https:\/\/www.tatanka.nl\/pt\/wp-json\/wp\/v2\/media?parent=42653"}],"wp:term":[{"taxonomy":"product_brand","embeddable":true,"href":"https:\/\/www.tatanka.nl\/pt\/wp-json\/wp\/v2\/product_brand?post=42653"},{"taxonomy":"product_cat","embeddable":true,"href":"https:\/\/www.tatanka.nl\/pt\/wp-json\/wp\/v2\/product_cat?post=42653"},{"taxonomy":"product_tag","embeddable":true,"href":"https:\/\/www.tatanka.nl\/pt\/wp-json\/wp\/v2\/product_tag?post=42653"}],"curies":[{"name":"wp","href":"https:\/\/api.w.org\/{rel}","templated":true}]}}