{"id":42678,"date":"2022-03-14T10:33:00","date_gmt":"2022-03-14T08:33:00","guid":{"rendered":"https:\/\/www.tatanka.nl\/?post_type=product&#038;p=42678"},"modified":"2025-05-20T08:16:01","modified_gmt":"2025-05-20T07:16:01","slug":"jumbo-pro-gold-rolls-with-prerolled-tips","status":"publish","type":"product","link":"https:\/\/www.tatanka.nl\/pt\/jumbo-pro-gold-rolls-with-prerolled-tips\/","title":{"rendered":"Jumbo Pro Gold Rolls com Tips pr\u00e9-enrolado"},"content":{"rendered":"<h2>Jumbo Rolling Papers<\/h2>\n<p>A Jumbo Papers \u00e9 uma marca holandesa de papel de enrolar que pretende oferecer a qualidade dos seus artigos de fumo topo de gama a um pre\u00e7o mais acess\u00edvel. A Jumbo Papers tem diferentes tipos de linhas de papel de enrolar que lhe permitem comprar papel de enrolar cor-de-rosa, verde, azul, castanho ou branco cl\u00e1ssico.<\/p>\n<p>Isto faz com que a Jumbo seja uma marca de artigos para fumadores em ascens\u00e3o interessante para os fumadores que procuram sempre uma novidade. Se procura produtos para fumar que n\u00e3o sejam \u00fanicos na sua cor, mas que tamb\u00e9m tenham uma excelente rela\u00e7\u00e3o qualidade\/pre\u00e7o, tem de experimentar a Jumbo!<\/p>","protected":false},"excerpt":{"rendered":"<p>Papel de enrolar Rolls com pontas pr\u00e9-enroladas? Sim, exatamente isso! Enrola os teus charros mais rapidamente e n\u00e3o percas tempo a obter a forma perfeita da ponta. O Rolls permite-lhe escolher o comprimento do papel, pelo que \u00e9 um produto combinado perfeito para quem gosta dos seus charros mais compridos ou mais curtos. \u00d3timo produto!<\/p>","protected":false},"featured_media":43933,"template":"","meta":[],"product_brand":[],"product_cat":[492,297,488,464,494,560],"product_tag":[],"class_list":{"0":"post-42678","1":"product","2":"type-product","3":"status-publish","4":"has-post-thumbnail","6":"product_cat-rolling-papers","7":"product_cat-all-products","8":"product_cat-headshop","9":"product_cat-jumbo","10":"product_cat-papers-with-tips","11":"product_cat-rolls","12":"product_shipping_class-creditcard-on","14":"first","15":"instock","16":"taxable","17":"shipping-taxable","18":"purchasable","19":"product-type-variable","20":"has-default-attributes"},"_links":{"self":[{"href":"https:\/\/www.tatanka.nl\/pt\/wp-json\/wp\/v2\/product\/42678","targetHints":{"allow":["GET"]}}],"collection":[{"href":"https:\/\/www.tatanka.nl\/pt\/wp-json\/wp\/v2\/product"}],"about":[{"href":"https:\/\/www.tatanka.nl\/pt\/wp-json\/wp\/v2\/types\/product"}],"wp:featuredmedia":[{"embeddable":true,"href":"https:\/\/www.tatanka.nl\/pt\/wp-json\/wp\/v2\/media\/43933"}],"wp:attachment":[{"href":"https:\/\/www.tatanka.nl\/pt\/wp-json\/wp\/v2\/media?parent=42678"}],"wp:term":[{"taxonomy":"product_brand","embeddable":true,"href":"https:\/\/www.tatanka.nl\/pt\/wp-json\/wp\/v2\/product_brand?post=42678"},{"taxonomy":"product_cat","embeddable":true,"href":"https:\/\/www.tatanka.nl\/pt\/wp-json\/wp\/v2\/product_cat?post=42678"},{"taxonomy":"product_tag","embeddable":true,"href":"https:\/\/www.tatanka.nl\/pt\/wp-json\/wp\/v2\/product_tag?post=42678"}],"curies":[{"name":"wp","href":"https:\/\/api.w.org\/{rel}","templated":true}]}}