{"id":50170,"date":"2022-07-04T14:16:54","date_gmt":"2022-07-04T12:16:54","guid":{"rendered":"https:\/\/www.tatanka.nl\/?post_type=product&#038;p=50170"},"modified":"2025-05-20T08:11:48","modified_gmt":"2025-05-20T07:11:48","slug":"vitamin-c-120-tablets","status":"publish","type":"product","link":"https:\/\/www.tatanka.nl\/pt\/vitamin-c-120-tablets\/","title":{"rendered":"Vitamina C"},"content":{"rendered":"<h2>O que s\u00e3o os comprimidos de vitamina C Fit4Seasons?<\/h2>\n<p>Fit4Seasons Vitamin C tablets \u00e9 um suplemento alimentar de qualidade superior concebido para fornecer ao seu organismo os benef\u00edcios vitais da vitamina C. Cada comprimido cont\u00e9m 900 mg de vitamina C (como ascorbato de c\u00e1lcio), garantindo uma absor\u00e7\u00e3o e utiliza\u00e7\u00e3o eficazes pelo organismo.<\/p>\n<p>A f\u00f3rmula \u00e9 ainda refor\u00e7ada com extrato de Rosa Canina e bioflavon\u00f3ides de citrinos, que funcionam em sinergia para aumentar as propriedades antioxidantes e promover uma melhor sa\u00fade imunit\u00e1ria. A vitamina C desempenha um papel fundamental em numerosos processos corporais, incluindo a forma\u00e7\u00e3o de colag\u00e9nio, a produ\u00e7\u00e3o de energia e a prote\u00e7\u00e3o das c\u00e9lulas contra o stress oxidativo causado por factores ambientais.<\/p>\n<p>Este suplemento \u00e9 completamente vegan, feito de ingredientes cuidadosamente selecionados para se adequar a v\u00e1rias prefer\u00eancias diet\u00e9ticas. Fit4Seasons A vitamina C \u00e9 ideal para manter o seu bem-estar geral, quer esteja a lidar com a fadiga, a apoiar a sa\u00fade da sua pele ou a refor\u00e7ar as defesas naturais do seu corpo.<\/p>\n<h2>Hist\u00f3ria da Vitamina C Fit4Seasons<\/h2>\n<p>A vitamina C \u00e9 reconhecida h\u00e1 s\u00e9culos como um nutriente essencial para a sa\u00fade humana. Historicamente, os marinheiros utilizavam alimentos ricos em vitamina C, como os citrinos, para prevenir o escorbuto durante as longas viagens. A import\u00e2ncia desta vitamina para a sa\u00fade imunit\u00e1ria, a produ\u00e7\u00e3o de colag\u00e9nio e o metabolismo energ\u00e9tico tem sido bem documentada desde ent\u00e3o.<\/p>\n<p>Fit4Seasons desenvolveu a sua Vitamina C para modernizar este nutriente intemporal, assegurando uma f\u00f3rmula que \u00e9 potente, eficaz e f\u00e1cil de incorporar nas rotinas di\u00e1rias. Ao adicionar extrato de Rosa Canina e Bioflavon\u00f3ides de Citrinos, a marca enfatiza a import\u00e2ncia de fontes naturais \u00e0 base de plantas para complementar o ingrediente principal.<\/p>\n<p>Este compromisso com a qualidade e a inova\u00e7\u00e3o reflecte a dedica\u00e7\u00e3o da Fit4Seasons em criar suplementos que se alinham com as tend\u00eancias de sa\u00fade em evolu\u00e7\u00e3o, mantendo-se enraizados na ci\u00eancia e na tradi\u00e7\u00e3o.<\/p>\n<h2>Como utilizar Fit4Seasons Vitamina C em comprimidos<\/h2>\n<p>Tomar Fit4Seasons Vitamina C em comprimidos \u00e9 simples e c\u00f3modo. Para obter resultados \u00f3ptimos, tomar um comprimido duas vezes por dia ap\u00f3s as refei\u00e7\u00f5es com \u00e1gua. Esta dosagem garante um apoio constante ao sistema imunit\u00e1rio e aos n\u00edveis de energia ao longo do dia.<\/p>\n<p>A utiliza\u00e7\u00e3o regular deste suplemento pode ajudar a combater a fadiga, proteger as c\u00e9lulas dos danos oxidativos e apoiar a forma\u00e7\u00e3o de colag\u00e9nio, que \u00e9 crucial para manter a pele, os ossos e os vasos sangu\u00edneos saud\u00e1veis. Quer pretenda melhorar o seu bem-estar geral ou resolver problemas espec\u00edficos como o cansa\u00e7o ou o apoio imunit\u00e1rio, este suplemento adapta-se perfeitamente a um estilo de vida agitado.<\/p>\n<p>\u00c9 importante seguir a dosagem recomendada para evitar exceder os n\u00edveis de ingest\u00e3o seguros. Associar estes comprimidos a uma dieta equilibrada rica em frutos e legumes e a um estilo de vida ativo aumenta ainda mais os seus benef\u00edcios.<\/p>\n<h2>Ingredientes de Fit4Seasons Vitamina C em comprimidos<\/h2>\n<p>Cada comprimido de Fit4Seasons Vitamin C cont\u00e9m:<\/p>\n<ul>\n<li><strong>Vitamina C (sob a forma de ascorbato de c\u00e1lcio): 900 mg<\/strong> - Uma forma tamponada de vitamina C para uma melhor absor\u00e7\u00e3o e uma acidez reduzida.<\/li>\n<li><strong>Extrato de Rosa Canina (4:1): 50 mg<\/strong> - Derivado da roseira brava, este extrato \u00e9 rico em antioxidantes e apoia a sa\u00fade imunit\u00e1ria.<\/li>\n<li><strong>Bioflavon\u00f3ides de citrinos: 50 mg<\/strong> - Compostos vegetais que refor\u00e7am a efic\u00e1cia da vitamina C e favorecem a sa\u00fade cardiovascular.<\/li>\n<\/ul>\n<p>Os ingredientes adicionais incluem celulose microcristalina, maltodextrina, estearato de magn\u00e9sio e di\u00f3xido de silicone, garantindo a estabilidade do comprimido e a facilidade de utiliza\u00e7\u00e3o. Todos os ingredientes s\u00e3o cuidadosamente selecionados para manter os mais elevados padr\u00f5es de qualidade e de prote\u00e7\u00e3o dos veganos.<\/p>\n<p><strong>Benef\u00edcios da vitamina C para a sa\u00fade<\/strong>:<br \/>\n-\u00a0<strong>Vasos sangu\u00edneos:<\/strong>\u00a0A vitamina C \u00e9 importante para os vasos sangu\u00edneos. Contribui para a forma\u00e7\u00e3o de colag\u00e9nio, que \u00e9 importante para manter uma parede dos vasos forte.<br \/>\n-\u00a0<strong>Pele e ossos:<\/strong>\u00a0A vitamina C apoia os ossos e \u00e9 importante para a cartilagem e a pele.<br \/>\n-\u00a0<strong>Sistema imunit\u00e1rio:<\/strong>\u00a0A vitamina C ajuda o sistema imunit\u00e1rio. Tamb\u00e9m proporciona uma resist\u00eancia extra\/maior durante o esfor\u00e7o f\u00edsico.<br \/>\n-\u00a0<strong>Boca e dentes:<\/strong>\u00a0A vitamina ajuda a manter os dentes fortes e \u00e9 importante para os dentes.<br \/>\n-\u00a0<strong>Danos oxidativos: <\/strong>A vitamina C \u00e9 um antioxidante e ajuda a proteger as c\u00e9lulas saud\u00e1veis do corpo. Tamb\u00e9m ajuda a proteger as c\u00e9lulas dos danos oxidativos causados pelos raios UV e pela polui\u00e7\u00e3o atmosf\u00e9rica.<br \/>\n-\u00a0<strong>Fadiga:<\/strong>\u00a0A vitamina C ajuda a reduzir o cansa\u00e7o e a fadiga.<br \/>\n-\u00a0<strong>Sistema nervoso:<\/strong>\u00a0A vitamina C desempenha um papel importante no funcionamento dos nervos e apoia o funcionamento normal do sistema nervoso.<\/p>\n<p><strong>Tomar Fit4Seasons Vitamina C:<\/strong><br \/>\n- Em caso de fadiga ou letargia<br \/>\n- Para prote\u00e7\u00e3o contra os radicais livres<br \/>\n- Para manter as c\u00e9lulas e os tecidos saud\u00e1veis<br \/>\n- Para uma concentra\u00e7\u00e3o normal<\/p>\n<p>&nbsp;<\/p>\n<p><strong>Aviso:<\/strong><br \/>\nManter fora do alcance das crian\u00e7as. Consultar o m\u00e9dico antes de utilizar se estiver gr\u00e1vida, a amamentar ou se tiver problemas de sa\u00fade. Conservar num local fresco e escuro \u00e0 temperatura ambiente. N\u00e3o exceder a dose di\u00e1ria recomendada.<\/p>\n<p>&nbsp;<\/p>","protected":false},"excerpt":{"rendered":"<p>A vitamina C \u00e9 uma subst\u00e2ncia que est\u00e1 envolvida em muitos processos no corpo. A vitamina C \u00e9 um antioxidante e \u00e9 importante para os vasos sangu\u00edneos, apoia a forma\u00e7\u00e3o de colag\u00e9nio, \u00e9 importante para o metabolismo energ\u00e9tico, tem um efeito positivo no sistema imunit\u00e1rio, \u00e9 boa para a capacidade de concentra\u00e7\u00e3o e ajuda na fadiga.<\/p>","protected":false},"featured_media":126027,"template":"","meta":[],"product_brand":[],"product_cat":[598,297,522,475,481,533,487,486,480,482],"product_tag":[],"class_list":{"0":"post-50170","1":"product","2":"type-product","3":"status-publish","4":"has-post-thumbnail","6":"product_cat-fit4seasons","7":"product_cat-all-products","8":"product_cat-detox","9":"product_cat-healthshop","10":"product_cat-healthshop-top-10","11":"product_cat-recovery","12":"product_cat-sport","13":"product_cat-superfoods","14":"product_cat-supplements","15":"product_cat-vitamins","17":"first","18":"instock","19":"taxable","20":"shipping-taxable","21":"purchasable","22":"product-type-variable","23":"has-default-attributes"},"_links":{"self":[{"href":"https:\/\/www.tatanka.nl\/pt\/wp-json\/wp\/v2\/product\/50170","targetHints":{"allow":["GET"]}}],"collection":[{"href":"https:\/\/www.tatanka.nl\/pt\/wp-json\/wp\/v2\/product"}],"about":[{"href":"https:\/\/www.tatanka.nl\/pt\/wp-json\/wp\/v2\/types\/product"}],"wp:featuredmedia":[{"embeddable":true,"href":"https:\/\/www.tatanka.nl\/pt\/wp-json\/wp\/v2\/media\/126027"}],"wp:attachment":[{"href":"https:\/\/www.tatanka.nl\/pt\/wp-json\/wp\/v2\/media?parent=50170"}],"wp:term":[{"taxonomy":"product_brand","embeddable":true,"href":"https:\/\/www.tatanka.nl\/pt\/wp-json\/wp\/v2\/product_brand?post=50170"},{"taxonomy":"product_cat","embeddable":true,"href":"https:\/\/www.tatanka.nl\/pt\/wp-json\/wp\/v2\/product_cat?post=50170"},{"taxonomy":"product_tag","embeddable":true,"href":"https:\/\/www.tatanka.nl\/pt\/wp-json\/wp\/v2\/product_tag?post=50170"}],"curies":[{"name":"wp","href":"https:\/\/api.w.org\/{rel}","templated":true}]}}