{"id":50173,"date":"2022-07-04T14:18:34","date_gmt":"2022-07-04T12:18:34","guid":{"rendered":"https:\/\/www.tatanka.nl\/?post_type=product&#038;p=50173"},"modified":"2025-05-20T08:11:32","modified_gmt":"2025-05-20T07:11:32","slug":"5-htp-vitamin-b-40-tablets","status":"publish","type":"product","link":"https:\/\/www.tatanka.nl\/pt\/5-htp-vitamin-b-40-tablets\/","title":{"rendered":"5-HTP e vitamina B"},"content":{"rendered":"<h2>O que \u00e9 Fit4Seasons 5-HTP &amp; Vitamin B capsules?<\/h2>\n<p>Fit4Seasons 5-HTP &amp; Vitamin B capsules \u00e9 um suplemento alimentar de alta qualidade formulado para melhorar o bem-estar mental e f\u00edsico. O produto cont\u00e9m 5-HTP (5-Hidroxitriptofano), um precursor da serotonina, vulgarmente conhecida como a \"hormona da felicidade\". A serotonina tamb\u00e9m actua como precursor da melatonina, um composto que ajuda a regular os ciclos do sono.<\/p>\n<p>Para al\u00e9m do 5-HTP, este suplemento cont\u00e9m uma mistura de vitaminas B, incluindo B3 (niacina), B5 (\u00e1cido pantot\u00e9nico) e B6, que apoiam o metabolismo energ\u00e9tico, a gest\u00e3o do stress e a clareza cognitiva. Refor\u00e7adas com passiflora, as c\u00e1psulas tamb\u00e9m promovem o relaxamento.<\/p>\n<p>Este suplemento vegan \u00e9 ideal para indiv\u00edduos que procuram apoiar o seu equil\u00edbrio emocional, n\u00edveis de energia e qualidade do sono numa f\u00f3rmula conveniente. A sua combina\u00e7\u00e3o cuidadosamente concebida oferece benef\u00edcios sin\u00e9rgicos, satisfazendo as necessidades de sa\u00fade modernas.<\/p>\n<h2>A hist\u00f3ria de Fit4Seasons 5-HTP &amp; Vitamin B capsules<\/h2>\n<p>Fit4Seasons desenvolveu as suas c\u00e1psulas de 5-HTP &amp; Vitamina B para responder \u00e0 procura crescente de suplementos naturais que apoiam o bem-estar emocional e a sa\u00fade em geral. O principal ingrediente do produto, o 5-HTP, \u00e9 derivado da Griffonia Simplicifolia, uma planta nativa da \u00c1frica Ocidental h\u00e1 muito utilizada na medicina tradicional pelas suas propriedades calmantes.<\/p>\n<p>A import\u00e2ncia das vitaminas B na sa\u00fade humana foi reconhecida desde a sua descoberta no in\u00edcio do s\u00e9culo XX. Estas vitaminas s\u00e3o essenciais para a produ\u00e7\u00e3o de energia, gest\u00e3o do stress e manuten\u00e7\u00e3o de um sistema nervoso saud\u00e1vel. A passiflora, conhecida pelos seus efeitos calmantes, \u00e9 utilizada h\u00e1 s\u00e9culos em rem\u00e9dios \u00e0 base de plantas para aliviar a ansiedade e melhorar o sono.<\/p>\n<p>Ao combinar estes ingredientes, o Fit4Seasons criou um suplemento completo que combina a sabedoria tradicional e a ci\u00eancia moderna para satisfazer as necessidades dos consumidores actuais preocupados com a sa\u00fade.<\/p>\n<h2>Como utilizar as c\u00e1psulas de Fit4Seasons 5-HTP e Vitamina B<\/h2>\n<p>A utiliza\u00e7\u00e3o das c\u00e1psulas de Fit4Seasons 5-HTP &amp; Vitamina B \u00e9 simples e c\u00f3moda. Tomar uma c\u00e1psula diariamente com \u00e1gua, de prefer\u00eancia ap\u00f3s uma refei\u00e7\u00e3o, para garantir uma absor\u00e7\u00e3o \u00f3ptima. Esta rotina ajuda a manter n\u00edveis consistentes de nutrientes ben\u00e9ficos no seu corpo, apoiando a produ\u00e7\u00e3o de serotonina, o metabolismo energ\u00e9tico e o relaxamento.<\/p>\n<p>Este suplemento \u00e9 particularmente ben\u00e9fico para as pessoas que sofrem de stress, de falta de energia ou de perturba\u00e7\u00f5es do sono. A sua f\u00f3rmula natural proporciona uma abordagem suave, \u00e0 base de plantas, para lidar com estes desafios comuns. Para obter melhores resultados, integrar as c\u00e1psulas num estilo de vida equilibrado que inclua uma dieta nutritiva, atividade f\u00edsica regular e uma higiene do sono adequada.<\/p>\n<p>Evitar exceder a dose recomendada, pois tal pode interferir com os efeitos pretendidos do suplemento. Seguir sempre as indica\u00e7\u00f5es para usufruir de todos os benef\u00edcios do produto de forma segura e eficaz.<\/p>\n<h2>Ingredientes de Fit4Seasons 5-HTP &amp; Vitamina B em c\u00e1psulas<\/h2>\n<p>Cada c\u00e1psula de Fit4Seasons 5-HTP &amp; Vitamina B \u00e9 embalada com ingredientes cuidadosamente selecionados para maximizar a sua efic\u00e1cia. O ingrediente principal \u00e9 o 5-HTP, derivado da Griffonia Simplicifolia, que fornece 250 mg por c\u00e1psula. A passiflora \u00e9 inclu\u00edda com 130 mg pelas suas propriedades calmantes naturais.<\/p>\n<p>A mistura cont\u00e9m igualmente vitaminas B essenciais:<\/p>\n<ul>\n<li><strong>Vitamina B3 (Niacina)<\/strong>: 15 mg para apoiar o metabolismo energ\u00e9tico.<\/li>\n<li><strong>Vitamina B5 (\u00e1cido pantot\u00e9nico)<\/strong>: 5 mg para resist\u00eancia ao stress.<\/li>\n<li><strong>Vitamina B6<\/strong>: 5 mg para promover uma mente clara e um sistema imunit\u00e1rio saud\u00e1vel.<\/li>\n<\/ul>\n<p>Outros componentes incluem amido de arroz e estearato de c\u00e1lcio, garantindo que as c\u00e1psulas s\u00e3o f\u00e1ceis de consumir e totalmente veganas. Cada ingrediente \u00e9 selecionado pela sua qualidade e pelo seu papel na promo\u00e7\u00e3o do bem-estar f\u00edsico e mental.<\/p>\n<p><strong>Pr\u00f3s do Fit4Seasons 5-HTP &amp; Vitamina B:<\/strong><\/p>\n<ul>\n<li>Combina\u00e7\u00e3o eficaz de 5-HTP com Vitamina B<\/li>\n<li>O 5-HTP \u00e9 um precursor da serotonina<\/li>\n<li>Proveniente da Griffonia Simplicifolia<\/li>\n<li>Cont\u00e9m Vitamins B3, B5 e B6<\/li>\n<li>Inclui tamb\u00e9m passiflora<\/li>\n<li>Adequado para vegetarianos e veganos<\/li>\n<\/ul>\n<p>&nbsp;<\/p>\n<p><strong>Aviso:<\/strong><br \/>\nManter fora do alcance das crian\u00e7as. N\u00e3o utilizar este produto se estiver gr\u00e1vida, a amamentar ou sob tratamento m\u00e9dico sem consultar o seu m\u00e9dico. Evitar utilizar m\u00e1quinas ou conduzir ap\u00f3s a utiliza\u00e7\u00e3o. Conservar num local fresco e seco. N\u00e3o exceder a dose di\u00e1ria recomendada.<\/p>\n<p>&nbsp;<\/p>","protected":false},"excerpt":{"rendered":"<p>Fit4Seasons 5-HTP &amp; Vitamin B capsules combina 5-HTP, derivado da Griffonia Simplicifolia, com vitaminas B e passiflora para apoiar a produ\u00e7\u00e3o de serotonina, o metabolismo energ\u00e9tico e o bem-estar mental geral. Adequado para veganos e eficaz no apoio ao stress, \u00e0 energia e ao sono.<\/p>","protected":false},"featured_media":126025,"template":"","meta":[],"product_brand":[],"product_cat":[598,297,522,475,533,487,486,480,482],"product_tag":[],"class_list":{"0":"post-50173","1":"product","2":"type-product","3":"status-publish","4":"has-post-thumbnail","6":"product_cat-fit4seasons","7":"product_cat-all-products","8":"product_cat-detox","9":"product_cat-healthshop","10":"product_cat-recovery","11":"product_cat-sport","12":"product_cat-superfoods","13":"product_cat-supplements","14":"product_cat-vitamins","16":"first","17":"instock","18":"taxable","19":"shipping-taxable","20":"purchasable","21":"product-type-variable","22":"has-default-attributes"},"_links":{"self":[{"href":"https:\/\/www.tatanka.nl\/pt\/wp-json\/wp\/v2\/product\/50173","targetHints":{"allow":["GET"]}}],"collection":[{"href":"https:\/\/www.tatanka.nl\/pt\/wp-json\/wp\/v2\/product"}],"about":[{"href":"https:\/\/www.tatanka.nl\/pt\/wp-json\/wp\/v2\/types\/product"}],"wp:featuredmedia":[{"embeddable":true,"href":"https:\/\/www.tatanka.nl\/pt\/wp-json\/wp\/v2\/media\/126025"}],"wp:attachment":[{"href":"https:\/\/www.tatanka.nl\/pt\/wp-json\/wp\/v2\/media?parent=50173"}],"wp:term":[{"taxonomy":"product_brand","embeddable":true,"href":"https:\/\/www.tatanka.nl\/pt\/wp-json\/wp\/v2\/product_brand?post=50173"},{"taxonomy":"product_cat","embeddable":true,"href":"https:\/\/www.tatanka.nl\/pt\/wp-json\/wp\/v2\/product_cat?post=50173"},{"taxonomy":"product_tag","embeddable":true,"href":"https:\/\/www.tatanka.nl\/pt\/wp-json\/wp\/v2\/product_tag?post=50173"}],"curies":[{"name":"wp","href":"https:\/\/api.w.org\/{rel}","templated":true}]}}