{"id":50175,"date":"2022-07-04T14:18:37","date_gmt":"2022-07-04T12:18:37","guid":{"rendered":"https:\/\/www.tatanka.nl\/?post_type=product&#038;p=50175"},"modified":"2025-07-10T00:48:46","modified_gmt":"2025-07-09T23:48:46","slug":"magnesium-taurine-120-tablets","status":"publish","type":"product","link":"https:\/\/www.tatanka.nl\/pt\/magnesium-taurine-120-tablets\/","title":{"rendered":"Magn\u00e9sio e taurina"},"content":{"rendered":"<h2>O que \u00e9 Fit4Seasons Magnesium &amp; Taurine comprimidos?<\/h2>\n<p>Fit4Seasons Magnesium &amp; Taurine comprimidos \u00e9 um suplemento alimentar concebido para apoiar v\u00e1rias fun\u00e7\u00f5es corporais. O magn\u00e9sio, um mineral essencial, desempenha um papel crucial na manuten\u00e7\u00e3o de m\u00fasculos, ossos e sistema nervoso saud\u00e1veis. A taurina, um nutriente condicionalmente essencial, complementa o magn\u00e9sio, refor\u00e7ando os seus benef\u00edcios e fornecendo apoio adicional \u00e0 produ\u00e7\u00e3o de energia e \u00e0 concentra\u00e7\u00e3o mental.<\/p>\n<p>Quer seja um atleta que necessita de apoio \u00e0 recupera\u00e7\u00e3o ou algu\u00e9m que procura aumentar os n\u00edveis de energia e a clareza mental, estes comprimidos vegan foram formulados para satisfazer diversas necessidades. Fit4Seasons Magnesium &amp; Taurine \u00e9 uma escolha vers\u00e1til para promover o bem-estar geral, adequado para v\u00e1rios estilos de vida e grupos et\u00e1rios.<\/p>\n<h2>A hist\u00f3ria de Fit4Seasons Magnesium &amp; Taurine<\/h2>\n<p>Fit4Seasons foi desenvolvido para fornecer suplementos de alta qualidade e acess\u00edveis para aqueles que d\u00e3o prioridade \u00e0 sa\u00fade. A f\u00f3rmula de Magn\u00e9sio e Taurina surgiu de uma extensa pesquisa sobre os efeitos sin\u00e9rgicos destes dois compostos. Historicamente, o magn\u00e9sio tem sido reconhecido pelo seu papel vital na sa\u00fade humana, remontando a civiliza\u00e7\u00f5es antigas que valorizavam dietas ricas em minerais. A taurina, descoberta no s\u00e9culo XIX, ganhou proemin\u00eancia como um composto semelhante a um amino\u00e1cido essencial que apoia os processos de energia e recupera\u00e7\u00e3o do corpo.<\/p>\n<p>Fit4Seasons combinou estes elementos para criar um suplemento moderno, amigo do veganismo, que responde \u00e0s necessidades dos indiv\u00edduos actuais preocupados com a sa\u00fade. O resultado \u00e9 um produto que combina ci\u00eancia e natureza para proporcionar benef\u00edcios tang\u00edveis para a sa\u00fade.<\/p>\n<h2>Como utilizar o Fit4Seasons Magnesium &amp; Taurine<\/h2>\n<p>A utiliza\u00e7\u00e3o de Fit4Seasons Magn\u00e9sio &amp; Taurina \u00e9 simples. Tomar 1 a 2 comprimidos por dia durante uma refei\u00e7\u00e3o com \u00e1gua. Isto assegura uma absor\u00e7\u00e3o \u00f3ptima e ajuda o corpo a utilizar os nutrientes de forma eficaz. Recomenda-se a incorpora\u00e7\u00e3o dos comprimidos na sua rotina regular para manter um apoio consistente aos seus m\u00fasculos, ossos e clareza mental.<\/p>\n<p>Para os desportistas ou as pessoas com maiores exig\u00eancias f\u00edsicas ou mentais, o suplemento pode servir como um complemento fi\u00e1vel a uma dieta equilibrada, melhorando a recupera\u00e7\u00e3o e reduzindo a fadiga. Lembre-se que os suplementos s\u00e3o mais eficazes quando associados a um estilo de vida saud\u00e1vel, incluindo uma alimenta\u00e7\u00e3o adequada e exerc\u00edcio f\u00edsico.<\/p>\n<h2>Ingredientes de Fit4Seasons Magnesium &amp; Taurine<\/h2>\n<p>Cada comprimido de Fit4Seasons Magnesium &amp; Taurine \u00e9 fabricado com ingredientes de alta qualidade para maximizar os seus benef\u00edcios. Os componentes activos incluem 200 mg de magn\u00e9sio, que apoia os m\u00fasculos, os ossos e o sistema nervoso, e 100 mg de taurina, conhecida pelo seu papel na produ\u00e7\u00e3o de energia e na concentra\u00e7\u00e3o mental.<\/p>\n<p>A f\u00f3rmula \u00e9 complementada por excipientes como a celulose microcristalina, a maltodextrina e a hidroxipropilmetilcelulose, garantindo que os comprimidos s\u00e3o f\u00e1ceis de consumir e corretamente absorvidos. O p\u00f3 de revestimento confere um acabamento suave, tornando os comprimidos c\u00f3modos para tomar diariamente.<\/p>\n<p>Ao concentrar-se nos nutrientes essenciais e ao excluir aditivos desnecess\u00e1rios, o Fit4Seasons fornece um produto limpo e amigo do ambiente vegan.<\/p>\n<p><strong>Benef\u00edcios do Fit4Seasons Magn\u00e9sio e Taurina:<\/strong><\/p>\n<p>- Adequado para muitos tipos de utilizadores. Desde desportistas a idosos.<br \/>\n-\u00a0<strong>M\u00fasculos:<\/strong>\u00a0o magn\u00e9sio \u00e9 bom para os m\u00fasculos.<br \/>\n-\u00a0<strong>Ossos:<\/strong>\u00a0o magn\u00e9sio \u00e9 bom para o esqueleto e desempenha um papel na forma\u00e7\u00e3o \u00f3ssea.<br \/>\n-\u00a0<strong>Boca e dentes:<\/strong>\u00a0O magn\u00e9sio \u00e9 importante para os dentes e ajuda a mant\u00ea-los fortes.<br \/>\n-\u00a0<strong>Sistema nervoso:<\/strong>\u00a0o magn\u00e9sio desempenha um papel importante no funcionamento dos nervos.<br \/>\n-\u00a0<strong>Energia:<\/strong>\u00a0o magn\u00e9sio ajuda a libertar energia dos alimentos.<br \/>\n-\u00a0<strong>Mem\u00f3ria:<\/strong>\u00a0o magn\u00e9sio contribui para a resili\u00eancia mental e para uma mente clara.<\/p>\n<p>&nbsp;<\/p>\n<p><strong>Aviso:<\/strong><br \/>\nManter fora do alcance das crian\u00e7as. Consultar o m\u00e9dico antes de utilizar se estiver gr\u00e1vida, a amamentar ou se tiver problemas de sa\u00fade. Conservar \u00e0 temperatura ambiente num local escuro. N\u00e3o exceder a dose recomendada.<\/p>","protected":false},"excerpt":{"rendered":"<p>O magn\u00e9sio \u00e9 um mineral extremamente \u00fatil para o corpo. Esta subst\u00e2ncia vers\u00e1til pode contribuir positivamente, entre outras coisas, para os m\u00fasculos, ossos, sistema nervoso e mente. Fit4Seasons Magnesium &amp; Taurine pode ser \u00fatil em v\u00e1rias situa\u00e7\u00f5es, como esfor\u00e7o f\u00edsico e mental. O suplemento \u00e9 completamente vegan e adequado para muitos tipos de utilizadores. Desde desportistas a idosos. Os comprimidos s\u00e3o fortificados com taurina, que \u00e9 um nutriente condicionalmente essencial.<\/p>","protected":false},"featured_media":126023,"template":"","meta":[],"product_brand":[],"product_cat":[598,297,522,475,533,487,486,480,482],"product_tag":[],"class_list":{"0":"post-50175","1":"product","2":"type-product","3":"status-publish","4":"has-post-thumbnail","6":"product_cat-fit4seasons","7":"product_cat-all-products","8":"product_cat-detox","9":"product_cat-healthshop","10":"product_cat-recovery","11":"product_cat-sport","12":"product_cat-superfoods","13":"product_cat-supplements","14":"product_cat-vitamins","16":"first","17":"instock","18":"taxable","19":"shipping-taxable","20":"purchasable","21":"product-type-variable","22":"has-default-attributes"},"_links":{"self":[{"href":"https:\/\/www.tatanka.nl\/pt\/wp-json\/wp\/v2\/product\/50175","targetHints":{"allow":["GET"]}}],"collection":[{"href":"https:\/\/www.tatanka.nl\/pt\/wp-json\/wp\/v2\/product"}],"about":[{"href":"https:\/\/www.tatanka.nl\/pt\/wp-json\/wp\/v2\/types\/product"}],"wp:featuredmedia":[{"embeddable":true,"href":"https:\/\/www.tatanka.nl\/pt\/wp-json\/wp\/v2\/media\/126023"}],"wp:attachment":[{"href":"https:\/\/www.tatanka.nl\/pt\/wp-json\/wp\/v2\/media?parent=50175"}],"wp:term":[{"taxonomy":"product_brand","embeddable":true,"href":"https:\/\/www.tatanka.nl\/pt\/wp-json\/wp\/v2\/product_brand?post=50175"},{"taxonomy":"product_cat","embeddable":true,"href":"https:\/\/www.tatanka.nl\/pt\/wp-json\/wp\/v2\/product_cat?post=50175"},{"taxonomy":"product_tag","embeddable":true,"href":"https:\/\/www.tatanka.nl\/pt\/wp-json\/wp\/v2\/product_tag?post=50175"}],"curies":[{"name":"wp","href":"https:\/\/api.w.org\/{rel}","templated":true}]}}