{"id":50193,"date":"2022-09-13T14:34:24","date_gmt":"2022-09-13T12:34:24","guid":{"rendered":"https:\/\/www.tatanka.nl\/?post_type=product&#038;p=50193"},"modified":"2025-12-02T08:59:13","modified_gmt":"2025-12-02T07:59:13","slug":"maitake-extract-capsules","status":"publish","type":"product","link":"https:\/\/www.tatanka.nl\/pt\/maitake-extract-capsules\/","title":{"rendered":"Maitake extract Capsules"},"content":{"rendered":"<h2 data-pm-slice=\"1 1 []\">O que \u00e9 o Maitake?<\/h2>\n<p>O Maitake (Grifola Frondosa), tamb\u00e9m conhecido como \"Galinha dos Woods\", \u00e9 um cogumelo medicinal \u00fanico que cresce na base das \u00e1rvores, em particular dos carvalhos. H\u00e1 s\u00e9culos que \u00e9 muito apreciado na medicina tradicional japonesa e chinesa devido \u00e0s suas propriedades ben\u00e9ficas. Este cogumelo est\u00e1 repleto de nutrientes essenciais, incluindo polissac\u00e1ridos como os beta-glucanos, que s\u00e3o conhecidos por apoiar o sistema imunit\u00e1rio. Ao contr\u00e1rio dos cogumelos culin\u00e1rios comuns, o Maitake \u00e9 frequentemente consumido sob a forma de suplemento para maximizar os seus benef\u00edcios para a sa\u00fade. A sua capacidade de se desenvolver na natureza e o seu impressionante perfil de nutrientes fazem dele um dos superalimentos mais populares atualmente dispon\u00edveis.<\/p>\n<h2>Hist\u00f3ria do Maitake<\/h2>\n<p>O maitake tem uma hist\u00f3ria rica que remonta a mais de 3000 anos. No Jap\u00e3o, era t\u00e3o valorizado que era por vezes utilizado como moeda. O nome \"Maitake\" significa \"cogumelo dan\u00e7ante\", pois o folclore sugere que as pessoas dan\u00e7avam de alegria quando o descobriam na natureza devido ao seu valor excecional. Os praticantes da medicina tradicional oriental h\u00e1 muito que utilizam o Maitake para promover a sa\u00fade e a longevidade, acreditando que ajuda a restaurar o equil\u00edbrio do corpo. Nos tempos modernos, a investiga\u00e7\u00e3o continua a explorar os seus potenciais benef\u00edcios, particularmente o seu papel no apoio ao sistema imunit\u00e1rio e ao bem-estar geral. Atualmente, o Maitake continua a ser um rem\u00e9dio natural muito procurado, apreciado tanto pelo seu significado hist\u00f3rico como pelas suas potenciais propriedades de apoio \u00e0 sa\u00fade.<\/p>\n<h2>Como utilizar o Maitake<\/h2>\n<p>O Maitake est\u00e1 dispon\u00edvel em v\u00e1rias formas, incluindo p\u00f3s, ch\u00e1s e c\u00e1psulas. As nossas c\u00e1psulas de Maitake oferecem uma forma conveniente de incorporar este cogumelo poderoso na sua rotina di\u00e1ria. A dose recomendada \u00e9 de uma a duas c\u00e1psulas duas vezes por dia, tomadas com as refei\u00e7\u00f5es e \u00e1gua. O uso regular \u00e9 fundamental para experimentar todos os seus benef\u00edcios. O Maitake \u00e9 frequentemente utilizado como parte de um regime de bem-estar para apoiar a imunidade, promover a vitalidade geral e aumentar a resili\u00eancia natural do corpo. Enquanto alguns utilizadores notam benef\u00edcios em poucas semanas, outros podem demorar mais tempo a sentir efeitos vis\u00edveis. Para maximizar o potencial do Maitake, combine-o com uma dieta equilibrada e um estilo de vida saud\u00e1vel. Tal como acontece com qualquer suplemento, \u00e9 crucial respeitar a dosagem recomendada e consultar um profissional de sa\u00fade se tiver problemas de sa\u00fade pr\u00e9-existentes.<\/p>\n<h2>Ingredientes de Maitake Capsules<\/h2>\n<p>Cada c\u00e1psula vegana cont\u00e9m 400 mg de extrato org\u00e2nico de Maitake (Grifola Frondosa) derivado de corpos de frutifica\u00e7\u00e3o 100%. Este extrato de espetro total \u00e9 obtido atrav\u00e9s de extra\u00e7\u00e3o com \u00e1gua e etanol para maximizar a concentra\u00e7\u00e3o de compostos ben\u00e9ficos. O extrato \u00e9 normalizado para conter 30% beta-glucanos, conhecidos pelas suas propriedades de apoio imunit\u00e1rio. Outros ingredientes incluem citrato de magn\u00e9sio e di\u00f3xido de sil\u00edcio, que ajudam a melhorar a estabilidade e a absor\u00e7\u00e3o do suplemento. As c\u00e1psulas de Maitake McMyco cumprem os mais elevados padr\u00f5es de qualidade e n\u00e3o cont\u00eam aditivos artificiais, o que as torna uma excelente escolha para quem procura uma forma natural de apoiar o seu bem-estar.<\/p>\n<p><strong>Aviso:<\/strong><br \/>\nMaitake by McMyco \u00e9 um suplemento alimentar e deve ser utilizado em conformidade. N\u00e3o exceder a dose di\u00e1ria recomendada. Manter o produto fora do alcance das crian\u00e7as. Consultar o m\u00e9dico antes de utilizar o produto, especialmente se estiver gr\u00e1vida, a amamentar ou se tiver algum problema de sa\u00fade. Conservar num local fresco e escuro \u00e0 temperatura ambiente.<\/p>","protected":false},"excerpt":{"rendered":"<p data-pm-slice=\"1 1 []\">Descubra o poder do Maitake, tamb\u00e9m conhecido como o \"Rei do Mushrooms\". Este potente suplemento \u00e9 rico em nutrientes valiosos e beta-glucanos, o que o torna um superalimento altamente considerado. Com a sua longa hist\u00f3ria nas pr\u00e1ticas tradicionais japonesas de bem-estar, o Maitake apoia o bem-estar geral e a vitalidade.<\/p>","protected":false},"featured_media":134877,"template":"","meta":[],"product_brand":[],"product_cat":[596,297,512,475,521,523,533,515,476,487,486],"product_tag":[662],"class_list":{"0":"post-50193","1":"product","2":"type-product","3":"status-publish","4":"has-post-thumbnail","6":"product_cat-mcmyco","7":"product_cat-all-products","8":"product_cat-extracts","9":"product_cat-healthshop","10":"product_cat-medicinal-mushrooms","11":"product_cat-medicinal-mushrooms-supplements","12":"product_cat-recovery","13":"product_cat-shroomshop","14":"product_cat-smartshop","15":"product_cat-sport","16":"product_cat-superfoods","17":"product_tag-shrdeal","18":"product_shipping_class-creditcard-on","20":"first","21":"instock","22":"taxable","23":"shipping-taxable","24":"purchasable","25":"product-type-variable","26":"has-default-attributes"},"_links":{"self":[{"href":"https:\/\/www.tatanka.nl\/pt\/wp-json\/wp\/v2\/product\/50193","targetHints":{"allow":["GET"]}}],"collection":[{"href":"https:\/\/www.tatanka.nl\/pt\/wp-json\/wp\/v2\/product"}],"about":[{"href":"https:\/\/www.tatanka.nl\/pt\/wp-json\/wp\/v2\/types\/product"}],"wp:featuredmedia":[{"embeddable":true,"href":"https:\/\/www.tatanka.nl\/pt\/wp-json\/wp\/v2\/media\/134877"}],"wp:attachment":[{"href":"https:\/\/www.tatanka.nl\/pt\/wp-json\/wp\/v2\/media?parent=50193"}],"wp:term":[{"taxonomy":"product_brand","embeddable":true,"href":"https:\/\/www.tatanka.nl\/pt\/wp-json\/wp\/v2\/product_brand?post=50193"},{"taxonomy":"product_cat","embeddable":true,"href":"https:\/\/www.tatanka.nl\/pt\/wp-json\/wp\/v2\/product_cat?post=50193"},{"taxonomy":"product_tag","embeddable":true,"href":"https:\/\/www.tatanka.nl\/pt\/wp-json\/wp\/v2\/product_tag?post=50193"}],"curies":[{"name":"wp","href":"https:\/\/api.w.org\/{rel}","templated":true}]}}